{"id":14,"date":"2019-08-09T03:31:10","date_gmt":"2019-08-09T01:31:10","guid":{"rendered":"http:\/\/localhost\/fiege\/?page_id=14"},"modified":"2021-10-25T14:07:26","modified_gmt":"2021-10-25T12:07:26","slug":"anwendungen","status":"publish","type":"page","link":"https:\/\/fiege-electronic.com\/de\/anwendungen\/","title":{"rendered":"Anwendungen"},"content":{"rendered":"","protected":false},"excerpt":{"rendered":"","protected":false},"author":5,"featured_media":0,"parent":0,"menu_order":0,"comment_status":"closed","ping_status":"closed","template":"page-applicationarea.php","meta":{"_acf_changed":false,"footnotes":""},"class_list":["post-14","page","type-page","status-publish","hentry"],"acf":[],"yoast_head":"<!-- This site is optimized with the Yoast SEO plugin v27.3 - https:\/\/yoast.com\/product\/yoast-seo-wordpress\/ -->\n<title>Anwendungsbereiche f\u00fcr Kunststoffprodukte | Fiege electronic<\/title>\n<meta name=\"description\" content=\"Unsere Hei\u00dfkanalregler finden sich \u00fcberall dort, wo Kunststoff in Form gebracht wird. Sie sagen uns, was Sie brauchen \u2013 wir haben das passende Regelger\u00e4t!\" \/>\n<meta name=\"robots\" content=\"index, follow, max-snippet:-1, max-image-preview:large, max-video-preview:-1\" \/>\n<link rel=\"canonical\" href=\"https:\/\/fiege-electronic.com\/de\/anwendungen\/\" \/>\n<meta property=\"og:locale\" content=\"de_DE\" \/>\n<meta property=\"og:type\" content=\"article\" \/>\n<meta property=\"og:title\" content=\"Anwendungsbereiche f\u00fcr Kunststoffprodukte | Fiege electronic\" \/>\n<meta property=\"og:description\" content=\"Unsere Hei\u00dfkanalregler finden sich \u00fcberall dort, wo Kunststoff in Form gebracht wird. Sie sagen uns, was Sie brauchen \u2013 wir haben das passende Regelger\u00e4t!\" \/>\n<meta property=\"og:url\" content=\"https:\/\/fiege-electronic.com\/de\/anwendungen\/\" \/>\n<meta property=\"og:site_name\" content=\"Fiege electronic\" \/>\n<meta property=\"article:modified_time\" content=\"2021-10-25T12:07:26+00:00\" \/>\n<meta name=\"twitter:card\" content=\"summary_large_image\" \/>\n<script type=\"application\/ld+json\" class=\"yoast-schema-graph\">{\"@context\":\"https:\\\/\\\/schema.org\",\"@graph\":[{\"@type\":\"WebPage\",\"@id\":\"https:\\\/\\\/fiege-electronic.com\\\/de\\\/anwendungen\\\/\",\"url\":\"https:\\\/\\\/fiege-electronic.com\\\/de\\\/anwendungen\\\/\",\"name\":\"Anwendungsbereiche f\u00fcr Kunststoffprodukte | Fiege electronic\",\"isPartOf\":{\"@id\":\"https:\\\/\\\/fiege-electronic.com\\\/de\\\/#website\"},\"datePublished\":\"2019-08-09T01:31:10+00:00\",\"dateModified\":\"2021-10-25T12:07:26+00:00\",\"description\":\"Unsere Hei\u00dfkanalregler finden sich \u00fcberall dort, wo Kunststoff in Form gebracht wird. Sie sagen uns, was Sie brauchen \u2013 wir haben das passende Regelger\u00e4t!\",\"breadcrumb\":{\"@id\":\"https:\\\/\\\/fiege-electronic.com\\\/de\\\/anwendungen\\\/#breadcrumb\"},\"inLanguage\":\"de\",\"potentialAction\":[{\"@type\":\"ReadAction\",\"target\":[\"https:\\\/\\\/fiege-electronic.com\\\/de\\\/anwendungen\\\/\"]}]},{\"@type\":\"BreadcrumbList\",\"@id\":\"https:\\\/\\\/fiege-electronic.com\\\/de\\\/anwendungen\\\/#breadcrumb\",\"itemListElement\":[{\"@type\":\"ListItem\",\"position\":1,\"name\":\"Startseite\",\"item\":\"https:\\\/\\\/fiege-electronic.com\\\/de\\\/\"},{\"@type\":\"ListItem\",\"position\":2,\"name\":\"Anwendungen\"}]},{\"@type\":\"WebSite\",\"@id\":\"https:\\\/\\\/fiege-electronic.com\\\/de\\\/#website\",\"url\":\"https:\\\/\\\/fiege-electronic.com\\\/de\\\/\",\"name\":\"Fiege electronic\",\"description\":\"\",\"potentialAction\":[{\"@type\":\"SearchAction\",\"target\":{\"@type\":\"EntryPoint\",\"urlTemplate\":\"https:\\\/\\\/fiege-electronic.com\\\/de\\\/?s={search_term_string}\"},\"query-input\":{\"@type\":\"PropertyValueSpecification\",\"valueRequired\":true,\"valueName\":\"search_term_string\"}}],\"inLanguage\":\"de\"}]}<\/script>\n<!-- \/ Yoast SEO plugin. -->","yoast_head_json":{"title":"Anwendungsbereiche f\u00fcr Kunststoffprodukte | Fiege electronic","description":"Unsere Hei\u00dfkanalregler finden sich \u00fcberall dort, wo Kunststoff in Form gebracht wird. Sie sagen uns, was Sie brauchen \u2013 wir haben das passende Regelger\u00e4t!","robots":{"index":"index","follow":"follow","max-snippet":"max-snippet:-1","max-image-preview":"max-image-preview:large","max-video-preview":"max-video-preview:-1"},"canonical":"https:\/\/fiege-electronic.com\/de\/anwendungen\/","og_locale":"de_DE","og_type":"article","og_title":"Anwendungsbereiche f\u00fcr Kunststoffprodukte | Fiege electronic","og_description":"Unsere Hei\u00dfkanalregler finden sich \u00fcberall dort, wo Kunststoff in Form gebracht wird. Sie sagen uns, was Sie brauchen \u2013 wir haben das passende Regelger\u00e4t!","og_url":"https:\/\/fiege-electronic.com\/de\/anwendungen\/","og_site_name":"Fiege electronic","article_modified_time":"2021-10-25T12:07:26+00:00","twitter_card":"summary_large_image","schema":{"@context":"https:\/\/schema.org","@graph":[{"@type":"WebPage","@id":"https:\/\/fiege-electronic.com\/de\/anwendungen\/","url":"https:\/\/fiege-electronic.com\/de\/anwendungen\/","name":"Anwendungsbereiche f\u00fcr Kunststoffprodukte | Fiege electronic","isPartOf":{"@id":"https:\/\/fiege-electronic.com\/de\/#website"},"datePublished":"2019-08-09T01:31:10+00:00","dateModified":"2021-10-25T12:07:26+00:00","description":"Unsere Hei\u00dfkanalregler finden sich \u00fcberall dort, wo Kunststoff in Form gebracht wird. Sie sagen uns, was Sie brauchen \u2013 wir haben das passende Regelger\u00e4t!","breadcrumb":{"@id":"https:\/\/fiege-electronic.com\/de\/anwendungen\/#breadcrumb"},"inLanguage":"de","potentialAction":[{"@type":"ReadAction","target":["https:\/\/fiege-electronic.com\/de\/anwendungen\/"]}]},{"@type":"BreadcrumbList","@id":"https:\/\/fiege-electronic.com\/de\/anwendungen\/#breadcrumb","itemListElement":[{"@type":"ListItem","position":1,"name":"Startseite","item":"https:\/\/fiege-electronic.com\/de\/"},{"@type":"ListItem","position":2,"name":"Anwendungen"}]},{"@type":"WebSite","@id":"https:\/\/fiege-electronic.com\/de\/#website","url":"https:\/\/fiege-electronic.com\/de\/","name":"Fiege electronic","description":"","potentialAction":[{"@type":"SearchAction","target":{"@type":"EntryPoint","urlTemplate":"https:\/\/fiege-electronic.com\/de\/?s={search_term_string}"},"query-input":{"@type":"PropertyValueSpecification","valueRequired":true,"valueName":"search_term_string"}}],"inLanguage":"de"}]}},"_links":{"self":[{"href":"https:\/\/fiege-electronic.com\/de\/wp-json\/wp\/v2\/pages\/14","targetHints":{"allow":["GET"]}}],"collection":[{"href":"https:\/\/fiege-electronic.com\/de\/wp-json\/wp\/v2\/pages"}],"about":[{"href":"https:\/\/fiege-electronic.com\/de\/wp-json\/wp\/v2\/types\/page"}],"author":[{"embeddable":true,"href":"https:\/\/fiege-electronic.com\/de\/wp-json\/wp\/v2\/users\/5"}],"replies":[{"embeddable":true,"href":"https:\/\/fiege-electronic.com\/de\/wp-json\/wp\/v2\/comments?post=14"}],"version-history":[{"count":20,"href":"https:\/\/fiege-electronic.com\/de\/wp-json\/wp\/v2\/pages\/14\/revisions"}],"predecessor-version":[{"id":3138,"href":"https:\/\/fiege-electronic.com\/de\/wp-json\/wp\/v2\/pages\/14\/revisions\/3138"}],"wp:attachment":[{"href":"https:\/\/fiege-electronic.com\/de\/wp-json\/wp\/v2\/media?parent=14"}],"curies":[{"name":"wp","href":"https:\/\/api.w.org\/{rel}","templated":true}]}}