{"id":36,"date":"2019-08-09T14:30:28","date_gmt":"2019-08-09T12:30:28","guid":{"rendered":"http:\/\/localhost\/fiege\/?page_id=36"},"modified":"2023-06-28T14:49:37","modified_gmt":"2023-06-28T12:49:37","slug":"vario","status":"publish","type":"page","link":"https:\/\/fiege-electronic.com\/de\/produkte\/tp-und-vario-baureihe\/vario\/","title":{"rendered":"VARIO"},"content":{"rendered":"","protected":false},"excerpt":{"rendered":"","protected":false},"author":5,"featured_media":0,"parent":34,"menu_order":0,"comment_status":"closed","ping_status":"closed","template":"page-productdetail.php","meta":{"_acf_changed":false,"footnotes":""},"class_list":["post-36","page","type-page","status-publish","hentry"],"acf":[],"yoast_head":"<!-- This site is optimized with the Yoast SEO plugin v27.5 - https:\/\/yoast.com\/product\/yoast-seo-wordpress\/ -->\n<title>VARIO - effizientes Hei\u00dfkanalregelger\u00e4t mit hohem Bedienkomfort<\/title>\n<meta name=\"description\" content=\"Hei\u00dfkanalregelger\u00e4t f\u00fcr 4 bis 32 Zonen. Stapelbares Tischger\u00e4t mit Master-Slave-Funktion, Software-Updates per Download. Jetzt mehr erfahren!\" \/>\n<meta name=\"robots\" content=\"index, follow, max-snippet:-1, max-image-preview:large, max-video-preview:-1\" \/>\n<link rel=\"canonical\" href=\"https:\/\/fiege-electronic.com\/de\/produkte\/tp-und-vario-baureihe\/vario\/\" \/>\n<meta property=\"og:locale\" content=\"de_DE\" \/>\n<meta property=\"og:type\" content=\"article\" \/>\n<meta property=\"og:title\" content=\"VARIO - effizientes Hei\u00dfkanalregelger\u00e4t mit hohem Bedienkomfort\" \/>\n<meta property=\"og:description\" content=\"Hei\u00dfkanalregelger\u00e4t f\u00fcr 4 bis 32 Zonen. Stapelbares Tischger\u00e4t mit Master-Slave-Funktion, Software-Updates per Download. Jetzt mehr erfahren!\" \/>\n<meta property=\"og:url\" content=\"https:\/\/fiege-electronic.com\/de\/produkte\/tp-und-vario-baureihe\/vario\/\" \/>\n<meta property=\"og:site_name\" content=\"Fiege electronic\" \/>\n<meta property=\"article:modified_time\" content=\"2023-06-28T12:49:37+00:00\" \/>\n<meta name=\"twitter:card\" content=\"summary_large_image\" \/>\n<script type=\"application\/ld+json\" class=\"yoast-schema-graph\">{\"@context\":\"https:\\\/\\\/schema.org\",\"@graph\":[{\"@type\":\"WebPage\",\"@id\":\"https:\\\/\\\/fiege-electronic.com\\\/de\\\/produkte\\\/tp-und-vario-baureihe\\\/vario\\\/\",\"url\":\"https:\\\/\\\/fiege-electronic.com\\\/de\\\/produkte\\\/tp-und-vario-baureihe\\\/vario\\\/\",\"name\":\"VARIO - effizientes Hei\u00dfkanalregelger\u00e4t mit hohem Bedienkomfort\",\"isPartOf\":{\"@id\":\"https:\\\/\\\/fiege-electronic.com\\\/de\\\/#website\"},\"datePublished\":\"2019-08-09T12:30:28+00:00\",\"dateModified\":\"2023-06-28T12:49:37+00:00\",\"description\":\"Hei\u00dfkanalregelger\u00e4t f\u00fcr 4 bis 32 Zonen. Stapelbares Tischger\u00e4t mit Master-Slave-Funktion, Software-Updates per Download. Jetzt mehr erfahren!\",\"breadcrumb\":{\"@id\":\"https:\\\/\\\/fiege-electronic.com\\\/de\\\/produkte\\\/tp-und-vario-baureihe\\\/vario\\\/#breadcrumb\"},\"inLanguage\":\"de\",\"potentialAction\":[{\"@type\":\"ReadAction\",\"target\":[\"https:\\\/\\\/fiege-electronic.com\\\/de\\\/produkte\\\/tp-und-vario-baureihe\\\/vario\\\/\"]}]},{\"@type\":\"BreadcrumbList\",\"@id\":\"https:\\\/\\\/fiege-electronic.com\\\/de\\\/produkte\\\/tp-und-vario-baureihe\\\/vario\\\/#breadcrumb\",\"itemListElement\":[{\"@type\":\"ListItem\",\"position\":1,\"name\":\"Startseite\",\"item\":\"https:\\\/\\\/fiege-electronic.com\\\/de\\\/\"},{\"@type\":\"ListItem\",\"position\":2,\"name\":\"Produkte\",\"item\":\"https:\\\/\\\/fiege-electronic.com\\\/de\\\/produkte\\\/\"},{\"@type\":\"ListItem\",\"position\":3,\"name\":\"TP- und VARIO-Baureihe\",\"item\":\"https:\\\/\\\/fiege-electronic.com\\\/de\\\/produkte\\\/tp-und-vario-baureihe\\\/\"},{\"@type\":\"ListItem\",\"position\":4,\"name\":\"VARIO\"}]},{\"@type\":\"WebSite\",\"@id\":\"https:\\\/\\\/fiege-electronic.com\\\/de\\\/#website\",\"url\":\"https:\\\/\\\/fiege-electronic.com\\\/de\\\/\",\"name\":\"Fiege electronic\",\"description\":\"\",\"potentialAction\":[{\"@type\":\"SearchAction\",\"target\":{\"@type\":\"EntryPoint\",\"urlTemplate\":\"https:\\\/\\\/fiege-electronic.com\\\/de\\\/?s={search_term_string}\"},\"query-input\":{\"@type\":\"PropertyValueSpecification\",\"valueRequired\":true,\"valueName\":\"search_term_string\"}}],\"inLanguage\":\"de\"}]}<\/script>\n<!-- \/ Yoast SEO plugin. -->","yoast_head_json":{"title":"VARIO - effizientes Hei\u00dfkanalregelger\u00e4t mit hohem Bedienkomfort","description":"Hei\u00dfkanalregelger\u00e4t f\u00fcr 4 bis 32 Zonen. Stapelbares Tischger\u00e4t mit Master-Slave-Funktion, Software-Updates per Download. Jetzt mehr erfahren!","robots":{"index":"index","follow":"follow","max-snippet":"max-snippet:-1","max-image-preview":"max-image-preview:large","max-video-preview":"max-video-preview:-1"},"canonical":"https:\/\/fiege-electronic.com\/de\/produkte\/tp-und-vario-baureihe\/vario\/","og_locale":"de_DE","og_type":"article","og_title":"VARIO - effizientes Hei\u00dfkanalregelger\u00e4t mit hohem Bedienkomfort","og_description":"Hei\u00dfkanalregelger\u00e4t f\u00fcr 4 bis 32 Zonen. Stapelbares Tischger\u00e4t mit Master-Slave-Funktion, Software-Updates per Download. Jetzt mehr erfahren!","og_url":"https:\/\/fiege-electronic.com\/de\/produkte\/tp-und-vario-baureihe\/vario\/","og_site_name":"Fiege electronic","article_modified_time":"2023-06-28T12:49:37+00:00","twitter_card":"summary_large_image","schema":{"@context":"https:\/\/schema.org","@graph":[{"@type":"WebPage","@id":"https:\/\/fiege-electronic.com\/de\/produkte\/tp-und-vario-baureihe\/vario\/","url":"https:\/\/fiege-electronic.com\/de\/produkte\/tp-und-vario-baureihe\/vario\/","name":"VARIO - effizientes Hei\u00dfkanalregelger\u00e4t mit hohem Bedienkomfort","isPartOf":{"@id":"https:\/\/fiege-electronic.com\/de\/#website"},"datePublished":"2019-08-09T12:30:28+00:00","dateModified":"2023-06-28T12:49:37+00:00","description":"Hei\u00dfkanalregelger\u00e4t f\u00fcr 4 bis 32 Zonen. Stapelbares Tischger\u00e4t mit Master-Slave-Funktion, Software-Updates per Download. Jetzt mehr erfahren!","breadcrumb":{"@id":"https:\/\/fiege-electronic.com\/de\/produkte\/tp-und-vario-baureihe\/vario\/#breadcrumb"},"inLanguage":"de","potentialAction":[{"@type":"ReadAction","target":["https:\/\/fiege-electronic.com\/de\/produkte\/tp-und-vario-baureihe\/vario\/"]}]},{"@type":"BreadcrumbList","@id":"https:\/\/fiege-electronic.com\/de\/produkte\/tp-und-vario-baureihe\/vario\/#breadcrumb","itemListElement":[{"@type":"ListItem","position":1,"name":"Startseite","item":"https:\/\/fiege-electronic.com\/de\/"},{"@type":"ListItem","position":2,"name":"Produkte","item":"https:\/\/fiege-electronic.com\/de\/produkte\/"},{"@type":"ListItem","position":3,"name":"TP- und VARIO-Baureihe","item":"https:\/\/fiege-electronic.com\/de\/produkte\/tp-und-vario-baureihe\/"},{"@type":"ListItem","position":4,"name":"VARIO"}]},{"@type":"WebSite","@id":"https:\/\/fiege-electronic.com\/de\/#website","url":"https:\/\/fiege-electronic.com\/de\/","name":"Fiege electronic","description":"","potentialAction":[{"@type":"SearchAction","target":{"@type":"EntryPoint","urlTemplate":"https:\/\/fiege-electronic.com\/de\/?s={search_term_string}"},"query-input":{"@type":"PropertyValueSpecification","valueRequired":true,"valueName":"search_term_string"}}],"inLanguage":"de"}]}},"_links":{"self":[{"href":"https:\/\/fiege-electronic.com\/de\/wp-json\/wp\/v2\/pages\/36","targetHints":{"allow":["GET"]}}],"collection":[{"href":"https:\/\/fiege-electronic.com\/de\/wp-json\/wp\/v2\/pages"}],"about":[{"href":"https:\/\/fiege-electronic.com\/de\/wp-json\/wp\/v2\/types\/page"}],"author":[{"embeddable":true,"href":"https:\/\/fiege-electronic.com\/de\/wp-json\/wp\/v2\/users\/5"}],"replies":[{"embeddable":true,"href":"https:\/\/fiege-electronic.com\/de\/wp-json\/wp\/v2\/comments?post=36"}],"version-history":[{"count":64,"href":"https:\/\/fiege-electronic.com\/de\/wp-json\/wp\/v2\/pages\/36\/revisions"}],"predecessor-version":[{"id":6065,"href":"https:\/\/fiege-electronic.com\/de\/wp-json\/wp\/v2\/pages\/36\/revisions\/6065"}],"up":[{"embeddable":true,"href":"https:\/\/fiege-electronic.com\/de\/wp-json\/wp\/v2\/pages\/34"}],"wp:attachment":[{"href":"https:\/\/fiege-electronic.com\/de\/wp-json\/wp\/v2\/media?parent=36"}],"curies":[{"name":"wp","href":"https:\/\/api.w.org\/{rel}","templated":true}]}}