{"id":51,"date":"2019-08-09T14:35:47","date_gmt":"2019-08-09T12:35:47","guid":{"rendered":"http:\/\/localhost\/fiege\/?page_id=51"},"modified":"2025-10-08T10:51:10","modified_gmt":"2025-10-08T08:51:10","slug":"jetmaster-tp","status":"publish","type":"page","link":"https:\/\/fiege-electronic.com\/de\/produkte\/tp-und-vario-baureihe\/jetmaster-tp\/","title":{"rendered":"JETmaster TP"},"content":{"rendered":"","protected":false},"excerpt":{"rendered":"","protected":false},"author":5,"featured_media":0,"parent":34,"menu_order":0,"comment_status":"closed","ping_status":"closed","template":"page-productdetail.php","meta":{"_acf_changed":false,"footnotes":""},"class_list":["post-51","page","type-page","status-publish","hentry"],"acf":[],"yoast_head":"<!-- This site is optimized with the Yoast SEO plugin v27.4 - https:\/\/yoast.com\/product\/yoast-seo-wordpress\/ -->\n<title>JETmaster TP \u2013 Hei\u00dfkanalregelger\u00e4t f\u00fcr 24 bis 240 Zonen<\/title>\n<meta name=\"description\" content=\"Wenn es leistungstechnisch etwas mehr sein darf. Bis zu 240 Zonen auf vier R\u00e4dern mit maximalem Bedienkomfort. Dauerhaft wartungs- und verschlei\u00dffrei!\" \/>\n<meta name=\"robots\" content=\"index, follow, max-snippet:-1, max-image-preview:large, max-video-preview:-1\" \/>\n<link rel=\"canonical\" href=\"https:\/\/fiege-electronic.com\/de\/produkte\/tp-und-vario-baureihe\/jetmaster-tp\/\" \/>\n<meta property=\"og:locale\" content=\"de_DE\" \/>\n<meta property=\"og:type\" content=\"article\" \/>\n<meta property=\"og:title\" content=\"JETmaster TP \u2013 Hei\u00dfkanalregelger\u00e4t f\u00fcr 24 bis 240 Zonen\" \/>\n<meta property=\"og:description\" content=\"Wenn es leistungstechnisch etwas mehr sein darf. Bis zu 240 Zonen auf vier R\u00e4dern mit maximalem Bedienkomfort. Dauerhaft wartungs- und verschlei\u00dffrei!\" \/>\n<meta property=\"og:url\" content=\"https:\/\/fiege-electronic.com\/de\/produkte\/tp-und-vario-baureihe\/jetmaster-tp\/\" \/>\n<meta property=\"og:site_name\" content=\"Fiege electronic\" \/>\n<meta property=\"article:modified_time\" content=\"2025-10-08T08:51:10+00:00\" \/>\n<meta name=\"twitter:card\" content=\"summary_large_image\" \/>\n<script type=\"application\/ld+json\" class=\"yoast-schema-graph\">{\"@context\":\"https:\\\/\\\/schema.org\",\"@graph\":[{\"@type\":\"WebPage\",\"@id\":\"https:\\\/\\\/fiege-electronic.com\\\/de\\\/produkte\\\/tp-und-vario-baureihe\\\/jetmaster-tp\\\/\",\"url\":\"https:\\\/\\\/fiege-electronic.com\\\/de\\\/produkte\\\/tp-und-vario-baureihe\\\/jetmaster-tp\\\/\",\"name\":\"JETmaster TP \u2013 Hei\u00dfkanalregelger\u00e4t f\u00fcr 24 bis 240 Zonen\",\"isPartOf\":{\"@id\":\"https:\\\/\\\/fiege-electronic.com\\\/de\\\/#website\"},\"datePublished\":\"2019-08-09T12:35:47+00:00\",\"dateModified\":\"2025-10-08T08:51:10+00:00\",\"description\":\"Wenn es leistungstechnisch etwas mehr sein darf. Bis zu 240 Zonen auf vier R\u00e4dern mit maximalem Bedienkomfort. Dauerhaft wartungs- und verschlei\u00dffrei!\",\"breadcrumb\":{\"@id\":\"https:\\\/\\\/fiege-electronic.com\\\/de\\\/produkte\\\/tp-und-vario-baureihe\\\/jetmaster-tp\\\/#breadcrumb\"},\"inLanguage\":\"de\",\"potentialAction\":[{\"@type\":\"ReadAction\",\"target\":[\"https:\\\/\\\/fiege-electronic.com\\\/de\\\/produkte\\\/tp-und-vario-baureihe\\\/jetmaster-tp\\\/\"]}]},{\"@type\":\"BreadcrumbList\",\"@id\":\"https:\\\/\\\/fiege-electronic.com\\\/de\\\/produkte\\\/tp-und-vario-baureihe\\\/jetmaster-tp\\\/#breadcrumb\",\"itemListElement\":[{\"@type\":\"ListItem\",\"position\":1,\"name\":\"Startseite\",\"item\":\"https:\\\/\\\/fiege-electronic.com\\\/de\\\/\"},{\"@type\":\"ListItem\",\"position\":2,\"name\":\"Produkte\",\"item\":\"https:\\\/\\\/fiege-electronic.com\\\/de\\\/produkte\\\/\"},{\"@type\":\"ListItem\",\"position\":3,\"name\":\"TP- und VARIO-Baureihe\",\"item\":\"https:\\\/\\\/fiege-electronic.com\\\/de\\\/produkte\\\/tp-und-vario-baureihe\\\/\"},{\"@type\":\"ListItem\",\"position\":4,\"name\":\"JETmaster TP\"}]},{\"@type\":\"WebSite\",\"@id\":\"https:\\\/\\\/fiege-electronic.com\\\/de\\\/#website\",\"url\":\"https:\\\/\\\/fiege-electronic.com\\\/de\\\/\",\"name\":\"Fiege electronic\",\"description\":\"\",\"potentialAction\":[{\"@type\":\"SearchAction\",\"target\":{\"@type\":\"EntryPoint\",\"urlTemplate\":\"https:\\\/\\\/fiege-electronic.com\\\/de\\\/?s={search_term_string}\"},\"query-input\":{\"@type\":\"PropertyValueSpecification\",\"valueRequired\":true,\"valueName\":\"search_term_string\"}}],\"inLanguage\":\"de\"}]}<\/script>\n<!-- \/ Yoast SEO plugin. -->","yoast_head_json":{"title":"JETmaster TP \u2013 Hei\u00dfkanalregelger\u00e4t f\u00fcr 24 bis 240 Zonen","description":"Wenn es leistungstechnisch etwas mehr sein darf. Bis zu 240 Zonen auf vier R\u00e4dern mit maximalem Bedienkomfort. Dauerhaft wartungs- und verschlei\u00dffrei!","robots":{"index":"index","follow":"follow","max-snippet":"max-snippet:-1","max-image-preview":"max-image-preview:large","max-video-preview":"max-video-preview:-1"},"canonical":"https:\/\/fiege-electronic.com\/de\/produkte\/tp-und-vario-baureihe\/jetmaster-tp\/","og_locale":"de_DE","og_type":"article","og_title":"JETmaster TP \u2013 Hei\u00dfkanalregelger\u00e4t f\u00fcr 24 bis 240 Zonen","og_description":"Wenn es leistungstechnisch etwas mehr sein darf. Bis zu 240 Zonen auf vier R\u00e4dern mit maximalem Bedienkomfort. Dauerhaft wartungs- und verschlei\u00dffrei!","og_url":"https:\/\/fiege-electronic.com\/de\/produkte\/tp-und-vario-baureihe\/jetmaster-tp\/","og_site_name":"Fiege electronic","article_modified_time":"2025-10-08T08:51:10+00:00","twitter_card":"summary_large_image","schema":{"@context":"https:\/\/schema.org","@graph":[{"@type":"WebPage","@id":"https:\/\/fiege-electronic.com\/de\/produkte\/tp-und-vario-baureihe\/jetmaster-tp\/","url":"https:\/\/fiege-electronic.com\/de\/produkte\/tp-und-vario-baureihe\/jetmaster-tp\/","name":"JETmaster TP \u2013 Hei\u00dfkanalregelger\u00e4t f\u00fcr 24 bis 240 Zonen","isPartOf":{"@id":"https:\/\/fiege-electronic.com\/de\/#website"},"datePublished":"2019-08-09T12:35:47+00:00","dateModified":"2025-10-08T08:51:10+00:00","description":"Wenn es leistungstechnisch etwas mehr sein darf. Bis zu 240 Zonen auf vier R\u00e4dern mit maximalem Bedienkomfort. Dauerhaft wartungs- und verschlei\u00dffrei!","breadcrumb":{"@id":"https:\/\/fiege-electronic.com\/de\/produkte\/tp-und-vario-baureihe\/jetmaster-tp\/#breadcrumb"},"inLanguage":"de","potentialAction":[{"@type":"ReadAction","target":["https:\/\/fiege-electronic.com\/de\/produkte\/tp-und-vario-baureihe\/jetmaster-tp\/"]}]},{"@type":"BreadcrumbList","@id":"https:\/\/fiege-electronic.com\/de\/produkte\/tp-und-vario-baureihe\/jetmaster-tp\/#breadcrumb","itemListElement":[{"@type":"ListItem","position":1,"name":"Startseite","item":"https:\/\/fiege-electronic.com\/de\/"},{"@type":"ListItem","position":2,"name":"Produkte","item":"https:\/\/fiege-electronic.com\/de\/produkte\/"},{"@type":"ListItem","position":3,"name":"TP- und VARIO-Baureihe","item":"https:\/\/fiege-electronic.com\/de\/produkte\/tp-und-vario-baureihe\/"},{"@type":"ListItem","position":4,"name":"JETmaster TP"}]},{"@type":"WebSite","@id":"https:\/\/fiege-electronic.com\/de\/#website","url":"https:\/\/fiege-electronic.com\/de\/","name":"Fiege electronic","description":"","potentialAction":[{"@type":"SearchAction","target":{"@type":"EntryPoint","urlTemplate":"https:\/\/fiege-electronic.com\/de\/?s={search_term_string}"},"query-input":{"@type":"PropertyValueSpecification","valueRequired":true,"valueName":"search_term_string"}}],"inLanguage":"de"}]}},"_links":{"self":[{"href":"https:\/\/fiege-electronic.com\/de\/wp-json\/wp\/v2\/pages\/51","targetHints":{"allow":["GET"]}}],"collection":[{"href":"https:\/\/fiege-electronic.com\/de\/wp-json\/wp\/v2\/pages"}],"about":[{"href":"https:\/\/fiege-electronic.com\/de\/wp-json\/wp\/v2\/types\/page"}],"author":[{"embeddable":true,"href":"https:\/\/fiege-electronic.com\/de\/wp-json\/wp\/v2\/users\/5"}],"replies":[{"embeddable":true,"href":"https:\/\/fiege-electronic.com\/de\/wp-json\/wp\/v2\/comments?post=51"}],"version-history":[{"count":50,"href":"https:\/\/fiege-electronic.com\/de\/wp-json\/wp\/v2\/pages\/51\/revisions"}],"predecessor-version":[{"id":6557,"href":"https:\/\/fiege-electronic.com\/de\/wp-json\/wp\/v2\/pages\/51\/revisions\/6557"}],"up":[{"embeddable":true,"href":"https:\/\/fiege-electronic.com\/de\/wp-json\/wp\/v2\/pages\/34"}],"wp:attachment":[{"href":"https:\/\/fiege-electronic.com\/de\/wp-json\/wp\/v2\/media?parent=51"}],"curies":[{"name":"wp","href":"https:\/\/api.w.org\/{rel}","templated":true}]}}