{"id":57,"date":"2019-08-09T14:36:50","date_gmt":"2019-08-09T12:36:50","guid":{"rendered":"http:\/\/localhost\/fiege\/?page_id=57"},"modified":"2023-04-20T17:12:08","modified_gmt":"2023-04-20T15:12:08","slug":"zubehoer","status":"publish","type":"page","link":"https:\/\/fiege-electronic.com\/de\/produkte\/zubehoer\/","title":{"rendered":"Zubeh\u00f6r"},"content":{"rendered":"","protected":false},"excerpt":{"rendered":"","protected":false},"author":5,"featured_media":0,"parent":12,"menu_order":0,"comment_status":"closed","ping_status":"closed","template":"page-productoverview.php","meta":{"_acf_changed":false,"footnotes":""},"class_list":["post-57","page","type-page","status-publish","hentry"],"acf":[],"yoast_head":"<!-- This site is optimized with the Yoast SEO plugin v27.4 - https:\/\/yoast.com\/product\/yoast-seo-wordpress\/ -->\n<title>Zubeh\u00f6r f\u00fcr Ihre Regelger\u00e4te \u2013 Qualit\u00e4t aus erster Hand<\/title>\n<meta name=\"description\" content=\"Mehr Flexibilit\u00e4t, besseres Handling, zuverl\u00e4ssige Sicherheit im Hei\u00dfkanalbetrieb \u2013 f\u00fcr den reibungslosen Ablauf Ihrer Produktion.\" \/>\n<meta name=\"robots\" content=\"index, follow, max-snippet:-1, max-image-preview:large, max-video-preview:-1\" \/>\n<link rel=\"canonical\" href=\"https:\/\/fiege-electronic.com\/de\/produkte\/zubehoer\/\" \/>\n<meta property=\"og:locale\" content=\"de_DE\" \/>\n<meta property=\"og:type\" content=\"article\" \/>\n<meta property=\"og:title\" content=\"Zubeh\u00f6r f\u00fcr Ihre Regelger\u00e4te \u2013 Qualit\u00e4t aus erster Hand\" \/>\n<meta property=\"og:description\" content=\"Mehr Flexibilit\u00e4t, besseres Handling, zuverl\u00e4ssige Sicherheit im Hei\u00dfkanalbetrieb \u2013 f\u00fcr den reibungslosen Ablauf Ihrer Produktion.\" \/>\n<meta property=\"og:url\" content=\"https:\/\/fiege-electronic.com\/de\/produkte\/zubehoer\/\" \/>\n<meta property=\"og:site_name\" content=\"Fiege electronic\" \/>\n<meta property=\"article:modified_time\" content=\"2023-04-20T15:12:08+00:00\" \/>\n<meta name=\"twitter:card\" content=\"summary_large_image\" \/>\n<script type=\"application\/ld+json\" class=\"yoast-schema-graph\">{\"@context\":\"https:\\\/\\\/schema.org\",\"@graph\":[{\"@type\":\"WebPage\",\"@id\":\"https:\\\/\\\/fiege-electronic.com\\\/de\\\/produkte\\\/zubehoer\\\/\",\"url\":\"https:\\\/\\\/fiege-electronic.com\\\/de\\\/produkte\\\/zubehoer\\\/\",\"name\":\"Zubeh\u00f6r f\u00fcr Ihre Regelger\u00e4te \u2013 Qualit\u00e4t aus erster Hand\",\"isPartOf\":{\"@id\":\"https:\\\/\\\/fiege-electronic.com\\\/de\\\/#website\"},\"datePublished\":\"2019-08-09T12:36:50+00:00\",\"dateModified\":\"2023-04-20T15:12:08+00:00\",\"description\":\"Mehr Flexibilit\u00e4t, besseres Handling, zuverl\u00e4ssige Sicherheit im Hei\u00dfkanalbetrieb \u2013 f\u00fcr den reibungslosen Ablauf Ihrer Produktion.\",\"breadcrumb\":{\"@id\":\"https:\\\/\\\/fiege-electronic.com\\\/de\\\/produkte\\\/zubehoer\\\/#breadcrumb\"},\"inLanguage\":\"de\",\"potentialAction\":[{\"@type\":\"ReadAction\",\"target\":[\"https:\\\/\\\/fiege-electronic.com\\\/de\\\/produkte\\\/zubehoer\\\/\"]}]},{\"@type\":\"BreadcrumbList\",\"@id\":\"https:\\\/\\\/fiege-electronic.com\\\/de\\\/produkte\\\/zubehoer\\\/#breadcrumb\",\"itemListElement\":[{\"@type\":\"ListItem\",\"position\":1,\"name\":\"Startseite\",\"item\":\"https:\\\/\\\/fiege-electronic.com\\\/de\\\/\"},{\"@type\":\"ListItem\",\"position\":2,\"name\":\"Produkte\",\"item\":\"https:\\\/\\\/fiege-electronic.com\\\/de\\\/produkte\\\/\"},{\"@type\":\"ListItem\",\"position\":3,\"name\":\"Zubeh\u00f6r\"}]},{\"@type\":\"WebSite\",\"@id\":\"https:\\\/\\\/fiege-electronic.com\\\/de\\\/#website\",\"url\":\"https:\\\/\\\/fiege-electronic.com\\\/de\\\/\",\"name\":\"Fiege electronic\",\"description\":\"\",\"potentialAction\":[{\"@type\":\"SearchAction\",\"target\":{\"@type\":\"EntryPoint\",\"urlTemplate\":\"https:\\\/\\\/fiege-electronic.com\\\/de\\\/?s={search_term_string}\"},\"query-input\":{\"@type\":\"PropertyValueSpecification\",\"valueRequired\":true,\"valueName\":\"search_term_string\"}}],\"inLanguage\":\"de\"}]}<\/script>\n<!-- \/ Yoast SEO plugin. -->","yoast_head_json":{"title":"Zubeh\u00f6r f\u00fcr Ihre Regelger\u00e4te \u2013 Qualit\u00e4t aus erster Hand","description":"Mehr Flexibilit\u00e4t, besseres Handling, zuverl\u00e4ssige Sicherheit im Hei\u00dfkanalbetrieb \u2013 f\u00fcr den reibungslosen Ablauf Ihrer Produktion.","robots":{"index":"index","follow":"follow","max-snippet":"max-snippet:-1","max-image-preview":"max-image-preview:large","max-video-preview":"max-video-preview:-1"},"canonical":"https:\/\/fiege-electronic.com\/de\/produkte\/zubehoer\/","og_locale":"de_DE","og_type":"article","og_title":"Zubeh\u00f6r f\u00fcr Ihre Regelger\u00e4te \u2013 Qualit\u00e4t aus erster Hand","og_description":"Mehr Flexibilit\u00e4t, besseres Handling, zuverl\u00e4ssige Sicherheit im Hei\u00dfkanalbetrieb \u2013 f\u00fcr den reibungslosen Ablauf Ihrer Produktion.","og_url":"https:\/\/fiege-electronic.com\/de\/produkte\/zubehoer\/","og_site_name":"Fiege electronic","article_modified_time":"2023-04-20T15:12:08+00:00","twitter_card":"summary_large_image","schema":{"@context":"https:\/\/schema.org","@graph":[{"@type":"WebPage","@id":"https:\/\/fiege-electronic.com\/de\/produkte\/zubehoer\/","url":"https:\/\/fiege-electronic.com\/de\/produkte\/zubehoer\/","name":"Zubeh\u00f6r f\u00fcr Ihre Regelger\u00e4te \u2013 Qualit\u00e4t aus erster Hand","isPartOf":{"@id":"https:\/\/fiege-electronic.com\/de\/#website"},"datePublished":"2019-08-09T12:36:50+00:00","dateModified":"2023-04-20T15:12:08+00:00","description":"Mehr Flexibilit\u00e4t, besseres Handling, zuverl\u00e4ssige Sicherheit im Hei\u00dfkanalbetrieb \u2013 f\u00fcr den reibungslosen Ablauf Ihrer Produktion.","breadcrumb":{"@id":"https:\/\/fiege-electronic.com\/de\/produkte\/zubehoer\/#breadcrumb"},"inLanguage":"de","potentialAction":[{"@type":"ReadAction","target":["https:\/\/fiege-electronic.com\/de\/produkte\/zubehoer\/"]}]},{"@type":"BreadcrumbList","@id":"https:\/\/fiege-electronic.com\/de\/produkte\/zubehoer\/#breadcrumb","itemListElement":[{"@type":"ListItem","position":1,"name":"Startseite","item":"https:\/\/fiege-electronic.com\/de\/"},{"@type":"ListItem","position":2,"name":"Produkte","item":"https:\/\/fiege-electronic.com\/de\/produkte\/"},{"@type":"ListItem","position":3,"name":"Zubeh\u00f6r"}]},{"@type":"WebSite","@id":"https:\/\/fiege-electronic.com\/de\/#website","url":"https:\/\/fiege-electronic.com\/de\/","name":"Fiege electronic","description":"","potentialAction":[{"@type":"SearchAction","target":{"@type":"EntryPoint","urlTemplate":"https:\/\/fiege-electronic.com\/de\/?s={search_term_string}"},"query-input":{"@type":"PropertyValueSpecification","valueRequired":true,"valueName":"search_term_string"}}],"inLanguage":"de"}]}},"_links":{"self":[{"href":"https:\/\/fiege-electronic.com\/de\/wp-json\/wp\/v2\/pages\/57","targetHints":{"allow":["GET"]}}],"collection":[{"href":"https:\/\/fiege-electronic.com\/de\/wp-json\/wp\/v2\/pages"}],"about":[{"href":"https:\/\/fiege-electronic.com\/de\/wp-json\/wp\/v2\/types\/page"}],"author":[{"embeddable":true,"href":"https:\/\/fiege-electronic.com\/de\/wp-json\/wp\/v2\/users\/5"}],"replies":[{"embeddable":true,"href":"https:\/\/fiege-electronic.com\/de\/wp-json\/wp\/v2\/comments?post=57"}],"version-history":[{"count":24,"href":"https:\/\/fiege-electronic.com\/de\/wp-json\/wp\/v2\/pages\/57\/revisions"}],"predecessor-version":[{"id":3321,"href":"https:\/\/fiege-electronic.com\/de\/wp-json\/wp\/v2\/pages\/57\/revisions\/3321"}],"up":[{"embeddable":true,"href":"https:\/\/fiege-electronic.com\/de\/wp-json\/wp\/v2\/pages\/12"}],"wp:attachment":[{"href":"https:\/\/fiege-electronic.com\/de\/wp-json\/wp\/v2\/media?parent=57"}],"curies":[{"name":"wp","href":"https:\/\/api.w.org\/{rel}","templated":true}]}}