{"id":5894,"date":"2023-10-13T09:23:05","date_gmt":"2023-10-13T07:23:05","guid":{"rendered":"https:\/\/fiege-electronic.com\/?page_id=5894"},"modified":"2023-10-13T09:23:06","modified_gmt":"2023-10-13T07:23:06","slug":"jetmini","status":"publish","type":"page","link":"https:\/\/fiege-electronic.com\/de\/produkte\/jetmini\/","title":{"rendered":"JETmini"},"content":{"rendered":"","protected":false},"excerpt":{"rendered":"","protected":false},"author":5,"featured_media":0,"parent":12,"menu_order":0,"comment_status":"closed","ping_status":"closed","template":"page-productdetail.php","meta":{"_acf_changed":false,"footnotes":""},"class_list":["post-5894","page","type-page","status-publish","hentry"],"acf":[],"yoast_head":"<!-- This site is optimized with the Yoast SEO plugin v27.5 - https:\/\/yoast.com\/product\/yoast-seo-wordpress\/ -->\n<title>JETmini Temperaturregler - Hohe Prozesssicherheit garantiert<\/title>\n<meta name=\"description\" content=\"Der Temperaturregler f\u00fcr sichere Abl\u00e4ufe in Ihrer Kunststoffproduktion. Temperaturregler f\u00fcr 1 bis 2 Zonen, mikroprozessorgesteuert, automatische Zonenanpassung\" \/>\n<meta name=\"robots\" content=\"index, follow, max-snippet:-1, max-image-preview:large, max-video-preview:-1\" \/>\n<link rel=\"canonical\" href=\"https:\/\/fiege-electronic.com\/de\/produkte\/jetmini\/\" \/>\n<meta property=\"og:locale\" content=\"de_DE\" \/>\n<meta property=\"og:type\" content=\"article\" \/>\n<meta property=\"og:title\" content=\"JETmini Temperaturregler - Hohe Prozesssicherheit garantiert\" \/>\n<meta property=\"og:description\" content=\"Der Temperaturregler f\u00fcr sichere Abl\u00e4ufe in Ihrer Kunststoffproduktion. Temperaturregler f\u00fcr 1 bis 2 Zonen, mikroprozessorgesteuert, automatische Zonenanpassung\" \/>\n<meta property=\"og:url\" content=\"https:\/\/fiege-electronic.com\/de\/produkte\/jetmini\/\" \/>\n<meta property=\"og:site_name\" content=\"Fiege electronic\" \/>\n<meta property=\"article:modified_time\" content=\"2023-10-13T07:23:06+00:00\" \/>\n<meta name=\"twitter:card\" content=\"summary_large_image\" \/>\n<script type=\"application\/ld+json\" class=\"yoast-schema-graph\">{\"@context\":\"https:\\\/\\\/schema.org\",\"@graph\":[{\"@type\":\"WebPage\",\"@id\":\"https:\\\/\\\/fiege-electronic.com\\\/de\\\/produkte\\\/jetmini\\\/\",\"url\":\"https:\\\/\\\/fiege-electronic.com\\\/de\\\/produkte\\\/jetmini\\\/\",\"name\":\"JETmini Temperaturregler - Hohe Prozesssicherheit garantiert\",\"isPartOf\":{\"@id\":\"https:\\\/\\\/fiege-electronic.com\\\/de\\\/#website\"},\"datePublished\":\"2023-10-13T07:23:05+00:00\",\"dateModified\":\"2023-10-13T07:23:06+00:00\",\"description\":\"Der Temperaturregler f\u00fcr sichere Abl\u00e4ufe in Ihrer Kunststoffproduktion. Temperaturregler f\u00fcr 1 bis 2 Zonen, mikroprozessorgesteuert, automatische Zonenanpassung\",\"breadcrumb\":{\"@id\":\"https:\\\/\\\/fiege-electronic.com\\\/de\\\/produkte\\\/jetmini\\\/#breadcrumb\"},\"inLanguage\":\"de\",\"potentialAction\":[{\"@type\":\"ReadAction\",\"target\":[\"https:\\\/\\\/fiege-electronic.com\\\/de\\\/produkte\\\/jetmini\\\/\"]}]},{\"@type\":\"BreadcrumbList\",\"@id\":\"https:\\\/\\\/fiege-electronic.com\\\/de\\\/produkte\\\/jetmini\\\/#breadcrumb\",\"itemListElement\":[{\"@type\":\"ListItem\",\"position\":1,\"name\":\"Startseite\",\"item\":\"https:\\\/\\\/fiege-electronic.com\\\/de\\\/\"},{\"@type\":\"ListItem\",\"position\":2,\"name\":\"Produkte\",\"item\":\"https:\\\/\\\/fiege-electronic.com\\\/de\\\/produkte\\\/\"},{\"@type\":\"ListItem\",\"position\":3,\"name\":\"JETmini\"}]},{\"@type\":\"WebSite\",\"@id\":\"https:\\\/\\\/fiege-electronic.com\\\/de\\\/#website\",\"url\":\"https:\\\/\\\/fiege-electronic.com\\\/de\\\/\",\"name\":\"Fiege electronic\",\"description\":\"\",\"potentialAction\":[{\"@type\":\"SearchAction\",\"target\":{\"@type\":\"EntryPoint\",\"urlTemplate\":\"https:\\\/\\\/fiege-electronic.com\\\/de\\\/?s={search_term_string}\"},\"query-input\":{\"@type\":\"PropertyValueSpecification\",\"valueRequired\":true,\"valueName\":\"search_term_string\"}}],\"inLanguage\":\"de\"}]}<\/script>\n<!-- \/ Yoast SEO plugin. -->","yoast_head_json":{"title":"JETmini Temperaturregler - Hohe Prozesssicherheit garantiert","description":"Der Temperaturregler f\u00fcr sichere Abl\u00e4ufe in Ihrer Kunststoffproduktion. Temperaturregler f\u00fcr 1 bis 2 Zonen, mikroprozessorgesteuert, automatische Zonenanpassung","robots":{"index":"index","follow":"follow","max-snippet":"max-snippet:-1","max-image-preview":"max-image-preview:large","max-video-preview":"max-video-preview:-1"},"canonical":"https:\/\/fiege-electronic.com\/de\/produkte\/jetmini\/","og_locale":"de_DE","og_type":"article","og_title":"JETmini Temperaturregler - Hohe Prozesssicherheit garantiert","og_description":"Der Temperaturregler f\u00fcr sichere Abl\u00e4ufe in Ihrer Kunststoffproduktion. Temperaturregler f\u00fcr 1 bis 2 Zonen, mikroprozessorgesteuert, automatische Zonenanpassung","og_url":"https:\/\/fiege-electronic.com\/de\/produkte\/jetmini\/","og_site_name":"Fiege electronic","article_modified_time":"2023-10-13T07:23:06+00:00","twitter_card":"summary_large_image","schema":{"@context":"https:\/\/schema.org","@graph":[{"@type":"WebPage","@id":"https:\/\/fiege-electronic.com\/de\/produkte\/jetmini\/","url":"https:\/\/fiege-electronic.com\/de\/produkte\/jetmini\/","name":"JETmini Temperaturregler - Hohe Prozesssicherheit garantiert","isPartOf":{"@id":"https:\/\/fiege-electronic.com\/de\/#website"},"datePublished":"2023-10-13T07:23:05+00:00","dateModified":"2023-10-13T07:23:06+00:00","description":"Der Temperaturregler f\u00fcr sichere Abl\u00e4ufe in Ihrer Kunststoffproduktion. Temperaturregler f\u00fcr 1 bis 2 Zonen, mikroprozessorgesteuert, automatische Zonenanpassung","breadcrumb":{"@id":"https:\/\/fiege-electronic.com\/de\/produkte\/jetmini\/#breadcrumb"},"inLanguage":"de","potentialAction":[{"@type":"ReadAction","target":["https:\/\/fiege-electronic.com\/de\/produkte\/jetmini\/"]}]},{"@type":"BreadcrumbList","@id":"https:\/\/fiege-electronic.com\/de\/produkte\/jetmini\/#breadcrumb","itemListElement":[{"@type":"ListItem","position":1,"name":"Startseite","item":"https:\/\/fiege-electronic.com\/de\/"},{"@type":"ListItem","position":2,"name":"Produkte","item":"https:\/\/fiege-electronic.com\/de\/produkte\/"},{"@type":"ListItem","position":3,"name":"JETmini"}]},{"@type":"WebSite","@id":"https:\/\/fiege-electronic.com\/de\/#website","url":"https:\/\/fiege-electronic.com\/de\/","name":"Fiege electronic","description":"","potentialAction":[{"@type":"SearchAction","target":{"@type":"EntryPoint","urlTemplate":"https:\/\/fiege-electronic.com\/de\/?s={search_term_string}"},"query-input":{"@type":"PropertyValueSpecification","valueRequired":true,"valueName":"search_term_string"}}],"inLanguage":"de"}]}},"_links":{"self":[{"href":"https:\/\/fiege-electronic.com\/de\/wp-json\/wp\/v2\/pages\/5894","targetHints":{"allow":["GET"]}}],"collection":[{"href":"https:\/\/fiege-electronic.com\/de\/wp-json\/wp\/v2\/pages"}],"about":[{"href":"https:\/\/fiege-electronic.com\/de\/wp-json\/wp\/v2\/types\/page"}],"author":[{"embeddable":true,"href":"https:\/\/fiege-electronic.com\/de\/wp-json\/wp\/v2\/users\/5"}],"replies":[{"embeddable":true,"href":"https:\/\/fiege-electronic.com\/de\/wp-json\/wp\/v2\/comments?post=5894"}],"version-history":[{"count":23,"href":"https:\/\/fiege-electronic.com\/de\/wp-json\/wp\/v2\/pages\/5894\/revisions"}],"predecessor-version":[{"id":6027,"href":"https:\/\/fiege-electronic.com\/de\/wp-json\/wp\/v2\/pages\/5894\/revisions\/6027"}],"up":[{"embeddable":true,"href":"https:\/\/fiege-electronic.com\/de\/wp-json\/wp\/v2\/pages\/12"}],"wp:attachment":[{"href":"https:\/\/fiege-electronic.com\/de\/wp-json\/wp\/v2\/media?parent=5894"}],"curies":[{"name":"wp","href":"https:\/\/api.w.org\/{rel}","templated":true}]}}