{"id":4966,"date":"2023-04-21T13:45:45","date_gmt":"2023-04-21T11:45:45","guid":{"rendered":"https:\/\/fiege-electronic.com\/?page_id=4966"},"modified":"2023-04-21T13:45:45","modified_gmt":"2023-04-21T11:45:45","slug":"aplicaciones","status":"publish","type":"page","link":"https:\/\/fiege-electronic.com\/es\/aplicaciones\/","title":{"rendered":"Aplicaciones"},"content":{"rendered":"","protected":false},"excerpt":{"rendered":"","protected":false},"author":2,"featured_media":0,"parent":0,"menu_order":0,"comment_status":"closed","ping_status":"closed","template":"page-applicationarea.php","meta":{"_acf_changed":false,"footnotes":""},"class_list":["post-4966","page","type-page","status-publish","hentry"],"acf":[],"yoast_head":"<!-- This site is optimized with the Yoast SEO plugin v27.4 - https:\/\/yoast.com\/product\/yoast-seo-wordpress\/ -->\n<title>Dispositivos de control de temperatura para su producci\u00f3n de pl\u00e1sticos<\/title>\n<meta name=\"description\" content=\"Nuestros controladores de canal caliente est\u00e1n en todas partes donde se moldea pl\u00e1stico. Usted nos dice lo que necesita y nosotros tenemos el dispositivo de control correspondiente. Cons\u00faltenos ahora.\" \/>\n<meta name=\"robots\" content=\"index, follow, max-snippet:-1, max-image-preview:large, max-video-preview:-1\" \/>\n<link rel=\"canonical\" href=\"https:\/\/fiege-electronic.com\/de\/anwendungen\/\" \/>\n<meta property=\"og:locale\" content=\"es_ES\" \/>\n<meta property=\"og:type\" content=\"article\" \/>\n<meta property=\"og:title\" content=\"Dispositivos de control de temperatura para su producci\u00f3n de pl\u00e1sticos\" \/>\n<meta property=\"og:description\" content=\"Nuestros controladores de canal caliente est\u00e1n en todas partes donde se moldea pl\u00e1stico. Usted nos dice lo que necesita y nosotros tenemos el dispositivo de control correspondiente. Cons\u00faltenos ahora.\" \/>\n<meta property=\"og:url\" content=\"https:\/\/fiege-electronic.com\/de\/anwendungen\/\" \/>\n<meta property=\"og:site_name\" content=\"Fiege electronic\" \/>\n<meta name=\"twitter:card\" content=\"summary_large_image\" \/>\n<script type=\"application\/ld+json\" class=\"yoast-schema-graph\">{\"@context\":\"https:\\\/\\\/schema.org\",\"@graph\":[{\"@type\":\"WebPage\",\"@id\":\"https:\\\/\\\/fiege-electronic.com\\\/de\\\/anwendungen\\\/\",\"url\":\"https:\\\/\\\/fiege-electronic.com\\\/de\\\/anwendungen\\\/\",\"name\":\"Dispositivos de control de temperatura para su producci\u00f3n de pl\u00e1sticos\",\"isPartOf\":{\"@id\":\"https:\\\/\\\/fiege-electronic.com\\\/de\\\/#website\"},\"datePublished\":\"2023-04-21T11:45:45+00:00\",\"description\":\"Nuestros controladores de canal caliente est\u00e1n en todas partes donde se moldea pl\u00e1stico. Usted nos dice lo que necesita y nosotros tenemos el dispositivo de control correspondiente. Cons\u00faltenos ahora.\",\"breadcrumb\":{\"@id\":\"https:\\\/\\\/fiege-electronic.com\\\/de\\\/anwendungen\\\/#breadcrumb\"},\"inLanguage\":\"es\",\"potentialAction\":[{\"@type\":\"ReadAction\",\"target\":[\"https:\\\/\\\/fiege-electronic.com\\\/de\\\/anwendungen\\\/\"]}]},{\"@type\":\"BreadcrumbList\",\"@id\":\"https:\\\/\\\/fiege-electronic.com\\\/de\\\/anwendungen\\\/#breadcrumb\",\"itemListElement\":[{\"@type\":\"ListItem\",\"position\":1,\"name\":\"Startseite\",\"item\":\"https:\\\/\\\/fiege-electronic.com\\\/es\\\/\"},{\"@type\":\"ListItem\",\"position\":2,\"name\":\"Aplicaciones\"}]},{\"@type\":\"WebSite\",\"@id\":\"https:\\\/\\\/fiege-electronic.com\\\/de\\\/#website\",\"url\":\"https:\\\/\\\/fiege-electronic.com\\\/de\\\/\",\"name\":\"Fiege electronic\",\"description\":\"\",\"potentialAction\":[{\"@type\":\"SearchAction\",\"target\":{\"@type\":\"EntryPoint\",\"urlTemplate\":\"https:\\\/\\\/fiege-electronic.com\\\/de\\\/?s={search_term_string}\"},\"query-input\":{\"@type\":\"PropertyValueSpecification\",\"valueRequired\":true,\"valueName\":\"search_term_string\"}}],\"inLanguage\":\"es\"}]}<\/script>\n<!-- \/ Yoast SEO plugin. -->","yoast_head_json":{"title":"Dispositivos de control de temperatura para su producci\u00f3n de pl\u00e1sticos","description":"Nuestros controladores de canal caliente est\u00e1n en todas partes donde se moldea pl\u00e1stico. Usted nos dice lo que necesita y nosotros tenemos el dispositivo de control correspondiente. Cons\u00faltenos ahora.","robots":{"index":"index","follow":"follow","max-snippet":"max-snippet:-1","max-image-preview":"max-image-preview:large","max-video-preview":"max-video-preview:-1"},"canonical":"https:\/\/fiege-electronic.com\/de\/anwendungen\/","og_locale":"es_ES","og_type":"article","og_title":"Dispositivos de control de temperatura para su producci\u00f3n de pl\u00e1sticos","og_description":"Nuestros controladores de canal caliente est\u00e1n en todas partes donde se moldea pl\u00e1stico. Usted nos dice lo que necesita y nosotros tenemos el dispositivo de control correspondiente. Cons\u00faltenos ahora.","og_url":"https:\/\/fiege-electronic.com\/de\/anwendungen\/","og_site_name":"Fiege electronic","twitter_card":"summary_large_image","schema":{"@context":"https:\/\/schema.org","@graph":[{"@type":"WebPage","@id":"https:\/\/fiege-electronic.com\/de\/anwendungen\/","url":"https:\/\/fiege-electronic.com\/de\/anwendungen\/","name":"Dispositivos de control de temperatura para su producci\u00f3n de pl\u00e1sticos","isPartOf":{"@id":"https:\/\/fiege-electronic.com\/de\/#website"},"datePublished":"2023-04-21T11:45:45+00:00","description":"Nuestros controladores de canal caliente est\u00e1n en todas partes donde se moldea pl\u00e1stico. Usted nos dice lo que necesita y nosotros tenemos el dispositivo de control correspondiente. Cons\u00faltenos ahora.","breadcrumb":{"@id":"https:\/\/fiege-electronic.com\/de\/anwendungen\/#breadcrumb"},"inLanguage":"es","potentialAction":[{"@type":"ReadAction","target":["https:\/\/fiege-electronic.com\/de\/anwendungen\/"]}]},{"@type":"BreadcrumbList","@id":"https:\/\/fiege-electronic.com\/de\/anwendungen\/#breadcrumb","itemListElement":[{"@type":"ListItem","position":1,"name":"Startseite","item":"https:\/\/fiege-electronic.com\/es\/"},{"@type":"ListItem","position":2,"name":"Aplicaciones"}]},{"@type":"WebSite","@id":"https:\/\/fiege-electronic.com\/de\/#website","url":"https:\/\/fiege-electronic.com\/de\/","name":"Fiege electronic","description":"","potentialAction":[{"@type":"SearchAction","target":{"@type":"EntryPoint","urlTemplate":"https:\/\/fiege-electronic.com\/de\/?s={search_term_string}"},"query-input":{"@type":"PropertyValueSpecification","valueRequired":true,"valueName":"search_term_string"}}],"inLanguage":"es"}]}},"_links":{"self":[{"href":"https:\/\/fiege-electronic.com\/es\/wp-json\/wp\/v2\/pages\/4966","targetHints":{"allow":["GET"]}}],"collection":[{"href":"https:\/\/fiege-electronic.com\/es\/wp-json\/wp\/v2\/pages"}],"about":[{"href":"https:\/\/fiege-electronic.com\/es\/wp-json\/wp\/v2\/types\/page"}],"author":[{"embeddable":true,"href":"https:\/\/fiege-electronic.com\/es\/wp-json\/wp\/v2\/users\/2"}],"replies":[{"embeddable":true,"href":"https:\/\/fiege-electronic.com\/es\/wp-json\/wp\/v2\/comments?post=4966"}],"version-history":[{"count":4,"href":"https:\/\/fiege-electronic.com\/es\/wp-json\/wp\/v2\/pages\/4966\/revisions"}],"predecessor-version":[{"id":5057,"href":"https:\/\/fiege-electronic.com\/es\/wp-json\/wp\/v2\/pages\/4966\/revisions\/5057"}],"wp:attachment":[{"href":"https:\/\/fiege-electronic.com\/es\/wp-json\/wp\/v2\/media?parent=4966"}],"curies":[{"name":"wp","href":"https:\/\/api.w.org\/{rel}","templated":true}]}}