{"id":5032,"date":"2023-04-21T10:54:07","date_gmt":"2023-04-21T08:54:07","guid":{"rendered":"https:\/\/fiege-electronic.com\/?page_id=5032"},"modified":"2023-04-28T11:47:01","modified_gmt":"2023-04-28T09:47:01","slug":"sistema-de-medicion-de-presion-dms","status":"publish","type":"page","link":"https:\/\/fiege-electronic.com\/es\/productos\/sistema-de-medicion-de-presion-dms\/","title":{"rendered":"Sistema de medici\u00f3n de presi\u00f3n &#8211; DMS"},"content":{"rendered":"","protected":false},"excerpt":{"rendered":"","protected":false},"author":2,"featured_media":0,"parent":5020,"menu_order":0,"comment_status":"closed","ping_status":"closed","template":"page-productdetail.php","meta":{"_acf_changed":false,"footnotes":""},"class_list":["post-5032","page","type-page","status-publish","hentry"],"acf":[],"yoast_head":"<!-- This site is optimized with the Yoast SEO plugin v27.4 - https:\/\/yoast.com\/product\/yoast-seo-wordpress\/ -->\n<title>Sistema de medici\u00f3n de la presi\u00f3n DMS - optimiza el proceso de llenado | Fiege electronic<\/title>\n<meta name=\"description\" content=\"El sistema de medici\u00f3n de la presi\u00f3n DMS convence por su precisi\u00f3n en el \u00e1mbito de los estudios de llenado y permite optimizar los tiempos de ciclo en el proceso de llenado. M\u00e1s informaci\u00f3n\" \/>\n<meta name=\"robots\" content=\"index, follow, max-snippet:-1, max-image-preview:large, max-video-preview:-1\" \/>\n<link rel=\"canonical\" href=\"https:\/\/fiege-electronic.com\/de\/produkte\/druckmess-system-dms\/\" \/>\n<meta property=\"og:locale\" content=\"es_ES\" \/>\n<meta property=\"og:type\" content=\"article\" \/>\n<meta property=\"og:title\" content=\"Sistema de medici\u00f3n de la presi\u00f3n DMS - optimiza el proceso de llenado | Fiege electronic\" \/>\n<meta property=\"og:description\" content=\"El sistema de medici\u00f3n de la presi\u00f3n DMS convence por su precisi\u00f3n en el \u00e1mbito de los estudios de llenado y permite optimizar los tiempos de ciclo en el proceso de llenado. M\u00e1s informaci\u00f3n\" \/>\n<meta property=\"og:url\" content=\"https:\/\/fiege-electronic.com\/de\/produkte\/druckmess-system-dms\/\" \/>\n<meta property=\"og:site_name\" content=\"Fiege electronic\" \/>\n<meta property=\"article:modified_time\" content=\"2023-04-28T09:47:01+00:00\" \/>\n<meta name=\"twitter:card\" content=\"summary_large_image\" \/>\n<script type=\"application\/ld+json\" class=\"yoast-schema-graph\">{\"@context\":\"https:\\\/\\\/schema.org\",\"@graph\":[{\"@type\":\"WebPage\",\"@id\":\"https:\\\/\\\/fiege-electronic.com\\\/de\\\/produkte\\\/druckmess-system-dms\\\/\",\"url\":\"https:\\\/\\\/fiege-electronic.com\\\/de\\\/produkte\\\/druckmess-system-dms\\\/\",\"name\":\"Sistema de medici\u00f3n de la presi\u00f3n DMS - optimiza el proceso de llenado | Fiege electronic\",\"isPartOf\":{\"@id\":\"https:\\\/\\\/fiege-electronic.com\\\/de\\\/#website\"},\"datePublished\":\"2023-04-21T08:54:07+00:00\",\"dateModified\":\"2023-04-28T09:47:01+00:00\",\"description\":\"El sistema de medici\u00f3n de la presi\u00f3n DMS convence por su precisi\u00f3n en el \u00e1mbito de los estudios de llenado y permite optimizar los tiempos de ciclo en el proceso de llenado. M\u00e1s informaci\u00f3n\",\"breadcrumb\":{\"@id\":\"https:\\\/\\\/fiege-electronic.com\\\/de\\\/produkte\\\/druckmess-system-dms\\\/#breadcrumb\"},\"inLanguage\":\"es\",\"potentialAction\":[{\"@type\":\"ReadAction\",\"target\":[\"https:\\\/\\\/fiege-electronic.com\\\/de\\\/produkte\\\/druckmess-system-dms\\\/\"]}]},{\"@type\":\"BreadcrumbList\",\"@id\":\"https:\\\/\\\/fiege-electronic.com\\\/de\\\/produkte\\\/druckmess-system-dms\\\/#breadcrumb\",\"itemListElement\":[{\"@type\":\"ListItem\",\"position\":1,\"name\":\"Startseite\",\"item\":\"https:\\\/\\\/fiege-electronic.com\\\/es\\\/\"},{\"@type\":\"ListItem\",\"position\":2,\"name\":\"Productos\",\"item\":\"https:\\\/\\\/fiege-electronic.com\\\/de\\\/produkte\\\/\"},{\"@type\":\"ListItem\",\"position\":3,\"name\":\"Sistema de medici\u00f3n de presi\u00f3n &#8211; DMS\"}]},{\"@type\":\"WebSite\",\"@id\":\"https:\\\/\\\/fiege-electronic.com\\\/de\\\/#website\",\"url\":\"https:\\\/\\\/fiege-electronic.com\\\/de\\\/\",\"name\":\"Fiege electronic\",\"description\":\"\",\"potentialAction\":[{\"@type\":\"SearchAction\",\"target\":{\"@type\":\"EntryPoint\",\"urlTemplate\":\"https:\\\/\\\/fiege-electronic.com\\\/de\\\/?s={search_term_string}\"},\"query-input\":{\"@type\":\"PropertyValueSpecification\",\"valueRequired\":true,\"valueName\":\"search_term_string\"}}],\"inLanguage\":\"es\"}]}<\/script>\n<!-- \/ Yoast SEO plugin. -->","yoast_head_json":{"title":"Sistema de medici\u00f3n de la presi\u00f3n DMS - optimiza el proceso de llenado | Fiege electronic","description":"El sistema de medici\u00f3n de la presi\u00f3n DMS convence por su precisi\u00f3n en el \u00e1mbito de los estudios de llenado y permite optimizar los tiempos de ciclo en el proceso de llenado. M\u00e1s informaci\u00f3n","robots":{"index":"index","follow":"follow","max-snippet":"max-snippet:-1","max-image-preview":"max-image-preview:large","max-video-preview":"max-video-preview:-1"},"canonical":"https:\/\/fiege-electronic.com\/de\/produkte\/druckmess-system-dms\/","og_locale":"es_ES","og_type":"article","og_title":"Sistema de medici\u00f3n de la presi\u00f3n DMS - optimiza el proceso de llenado | Fiege electronic","og_description":"El sistema de medici\u00f3n de la presi\u00f3n DMS convence por su precisi\u00f3n en el \u00e1mbito de los estudios de llenado y permite optimizar los tiempos de ciclo en el proceso de llenado. M\u00e1s informaci\u00f3n","og_url":"https:\/\/fiege-electronic.com\/de\/produkte\/druckmess-system-dms\/","og_site_name":"Fiege electronic","article_modified_time":"2023-04-28T09:47:01+00:00","twitter_card":"summary_large_image","schema":{"@context":"https:\/\/schema.org","@graph":[{"@type":"WebPage","@id":"https:\/\/fiege-electronic.com\/de\/produkte\/druckmess-system-dms\/","url":"https:\/\/fiege-electronic.com\/de\/produkte\/druckmess-system-dms\/","name":"Sistema de medici\u00f3n de la presi\u00f3n DMS - optimiza el proceso de llenado | Fiege electronic","isPartOf":{"@id":"https:\/\/fiege-electronic.com\/de\/#website"},"datePublished":"2023-04-21T08:54:07+00:00","dateModified":"2023-04-28T09:47:01+00:00","description":"El sistema de medici\u00f3n de la presi\u00f3n DMS convence por su precisi\u00f3n en el \u00e1mbito de los estudios de llenado y permite optimizar los tiempos de ciclo en el proceso de llenado. M\u00e1s informaci\u00f3n","breadcrumb":{"@id":"https:\/\/fiege-electronic.com\/de\/produkte\/druckmess-system-dms\/#breadcrumb"},"inLanguage":"es","potentialAction":[{"@type":"ReadAction","target":["https:\/\/fiege-electronic.com\/de\/produkte\/druckmess-system-dms\/"]}]},{"@type":"BreadcrumbList","@id":"https:\/\/fiege-electronic.com\/de\/produkte\/druckmess-system-dms\/#breadcrumb","itemListElement":[{"@type":"ListItem","position":1,"name":"Startseite","item":"https:\/\/fiege-electronic.com\/es\/"},{"@type":"ListItem","position":2,"name":"Productos","item":"https:\/\/fiege-electronic.com\/de\/produkte\/"},{"@type":"ListItem","position":3,"name":"Sistema de medici\u00f3n de presi\u00f3n &#8211; DMS"}]},{"@type":"WebSite","@id":"https:\/\/fiege-electronic.com\/de\/#website","url":"https:\/\/fiege-electronic.com\/de\/","name":"Fiege electronic","description":"","potentialAction":[{"@type":"SearchAction","target":{"@type":"EntryPoint","urlTemplate":"https:\/\/fiege-electronic.com\/de\/?s={search_term_string}"},"query-input":{"@type":"PropertyValueSpecification","valueRequired":true,"valueName":"search_term_string"}}],"inLanguage":"es"}]}},"_links":{"self":[{"href":"https:\/\/fiege-electronic.com\/es\/wp-json\/wp\/v2\/pages\/5032","targetHints":{"allow":["GET"]}}],"collection":[{"href":"https:\/\/fiege-electronic.com\/es\/wp-json\/wp\/v2\/pages"}],"about":[{"href":"https:\/\/fiege-electronic.com\/es\/wp-json\/wp\/v2\/types\/page"}],"author":[{"embeddable":true,"href":"https:\/\/fiege-electronic.com\/es\/wp-json\/wp\/v2\/users\/2"}],"replies":[{"embeddable":true,"href":"https:\/\/fiege-electronic.com\/es\/wp-json\/wp\/v2\/comments?post=5032"}],"version-history":[{"count":6,"href":"https:\/\/fiege-electronic.com\/es\/wp-json\/wp\/v2\/pages\/5032\/revisions"}],"predecessor-version":[{"id":5654,"href":"https:\/\/fiege-electronic.com\/es\/wp-json\/wp\/v2\/pages\/5032\/revisions\/5654"}],"up":[{"embeddable":true,"href":"https:\/\/fiege-electronic.com\/es\/wp-json\/wp\/v2\/pages\/5020"}],"wp:attachment":[{"href":"https:\/\/fiege-electronic.com\/es\/wp-json\/wp\/v2\/media?parent=5032"}],"curies":[{"name":"wp","href":"https:\/\/api.w.org\/{rel}","templated":true}]}}