{"id":5288,"date":"2019-08-09T03:31:31","date_gmt":"2019-08-09T01:31:31","guid":{"rendered":"https:\/\/fiege-electronic.com\/ueber-fiege\/"},"modified":"2025-11-11T14:37:03","modified_gmt":"2025-11-11T13:37:03","slug":"acerca-de-fiege","status":"publish","type":"page","link":"https:\/\/fiege-electronic.com\/es\/acerca-de-fiege\/","title":{"rendered":"Acerca de Fiege"},"content":{"rendered":"","protected":false},"excerpt":{"rendered":"","protected":false},"author":5,"featured_media":0,"parent":0,"menu_order":0,"comment_status":"closed","ping_status":"closed","template":"page-aboutfiege.php","meta":{"_acf_changed":false,"footnotes":""},"class_list":["post-5288","page","type-page","status-publish","hentry"],"acf":[],"yoast_head":"<!-- This site is optimized with the Yoast SEO plugin v27.5 - https:\/\/yoast.com\/product\/yoast-seo-wordpress\/ -->\n<title>Fiege electronic - Su experto en controladores de canal caliente<\/title>\n<meta name=\"description\" content=\"Desarrollo, producci\u00f3n y personalizaci\u00f3n de un \u00fanico proveedor. Unidades de control de canal caliente personalizadas desde hace unos 25 a\u00f1os.\" \/>\n<meta name=\"robots\" content=\"index, follow, max-snippet:-1, max-image-preview:large, max-video-preview:-1\" \/>\n<link rel=\"canonical\" href=\"https:\/\/fiege-electronic.com\/es\/acerca-de-fiege\/\" \/>\n<meta property=\"og:locale\" content=\"es_ES\" \/>\n<meta property=\"og:type\" content=\"article\" \/>\n<meta property=\"og:title\" content=\"Fiege electronic - Su experto en controladores de canal caliente\" \/>\n<meta property=\"og:description\" content=\"Desarrollo, producci\u00f3n y personalizaci\u00f3n de un \u00fanico proveedor. Unidades de control de canal caliente personalizadas desde hace unos 25 a\u00f1os.\" \/>\n<meta property=\"og:url\" content=\"https:\/\/fiege-electronic.com\/es\/acerca-de-fiege\/\" \/>\n<meta property=\"og:site_name\" content=\"Fiege electronic\" \/>\n<meta property=\"article:modified_time\" content=\"2025-11-11T13:37:03+00:00\" \/>\n<meta name=\"twitter:card\" content=\"summary_large_image\" \/>\n<script type=\"application\/ld+json\" class=\"yoast-schema-graph\">{\"@context\":\"https:\\\/\\\/schema.org\",\"@graph\":[{\"@type\":\"WebPage\",\"@id\":\"https:\\\/\\\/fiege-electronic.com\\\/es\\\/acerca-de-fiege\\\/\",\"url\":\"https:\\\/\\\/fiege-electronic.com\\\/es\\\/acerca-de-fiege\\\/\",\"name\":\"Fiege electronic - Su experto en controladores de canal caliente\",\"isPartOf\":{\"@id\":\"https:\\\/\\\/fiege-electronic.com\\\/de\\\/#website\"},\"datePublished\":\"2019-08-09T01:31:31+00:00\",\"dateModified\":\"2025-11-11T13:37:03+00:00\",\"description\":\"Desarrollo, producci\u00f3n y personalizaci\u00f3n de un \u00fanico proveedor. Unidades de control de canal caliente personalizadas desde hace unos 25 a\u00f1os.\",\"breadcrumb\":{\"@id\":\"https:\\\/\\\/fiege-electronic.com\\\/es\\\/acerca-de-fiege\\\/#breadcrumb\"},\"inLanguage\":\"es\",\"potentialAction\":[{\"@type\":\"ReadAction\",\"target\":[\"https:\\\/\\\/fiege-electronic.com\\\/es\\\/acerca-de-fiege\\\/\"]}]},{\"@type\":\"BreadcrumbList\",\"@id\":\"https:\\\/\\\/fiege-electronic.com\\\/es\\\/acerca-de-fiege\\\/#breadcrumb\",\"itemListElement\":[{\"@type\":\"ListItem\",\"position\":1,\"name\":\"Startseite\",\"item\":\"https:\\\/\\\/fiege-electronic.com\\\/es\\\/\"},{\"@type\":\"ListItem\",\"position\":2,\"name\":\"Acerca de Fiege\"}]},{\"@type\":\"WebSite\",\"@id\":\"https:\\\/\\\/fiege-electronic.com\\\/de\\\/#website\",\"url\":\"https:\\\/\\\/fiege-electronic.com\\\/de\\\/\",\"name\":\"Fiege electronic\",\"description\":\"\",\"potentialAction\":[{\"@type\":\"SearchAction\",\"target\":{\"@type\":\"EntryPoint\",\"urlTemplate\":\"https:\\\/\\\/fiege-electronic.com\\\/de\\\/?s={search_term_string}\"},\"query-input\":{\"@type\":\"PropertyValueSpecification\",\"valueRequired\":true,\"valueName\":\"search_term_string\"}}],\"inLanguage\":\"es\"}]}<\/script>\n<!-- \/ Yoast SEO plugin. -->","yoast_head_json":{"title":"Fiege electronic - Su experto en controladores de canal caliente","description":"Desarrollo, producci\u00f3n y personalizaci\u00f3n de un \u00fanico proveedor. Unidades de control de canal caliente personalizadas desde hace unos 25 a\u00f1os.","robots":{"index":"index","follow":"follow","max-snippet":"max-snippet:-1","max-image-preview":"max-image-preview:large","max-video-preview":"max-video-preview:-1"},"canonical":"https:\/\/fiege-electronic.com\/es\/acerca-de-fiege\/","og_locale":"es_ES","og_type":"article","og_title":"Fiege electronic - Su experto en controladores de canal caliente","og_description":"Desarrollo, producci\u00f3n y personalizaci\u00f3n de un \u00fanico proveedor. Unidades de control de canal caliente personalizadas desde hace unos 25 a\u00f1os.","og_url":"https:\/\/fiege-electronic.com\/es\/acerca-de-fiege\/","og_site_name":"Fiege electronic","article_modified_time":"2025-11-11T13:37:03+00:00","twitter_card":"summary_large_image","schema":{"@context":"https:\/\/schema.org","@graph":[{"@type":"WebPage","@id":"https:\/\/fiege-electronic.com\/es\/acerca-de-fiege\/","url":"https:\/\/fiege-electronic.com\/es\/acerca-de-fiege\/","name":"Fiege electronic - Su experto en controladores de canal caliente","isPartOf":{"@id":"https:\/\/fiege-electronic.com\/de\/#website"},"datePublished":"2019-08-09T01:31:31+00:00","dateModified":"2025-11-11T13:37:03+00:00","description":"Desarrollo, producci\u00f3n y personalizaci\u00f3n de un \u00fanico proveedor. Unidades de control de canal caliente personalizadas desde hace unos 25 a\u00f1os.","breadcrumb":{"@id":"https:\/\/fiege-electronic.com\/es\/acerca-de-fiege\/#breadcrumb"},"inLanguage":"es","potentialAction":[{"@type":"ReadAction","target":["https:\/\/fiege-electronic.com\/es\/acerca-de-fiege\/"]}]},{"@type":"BreadcrumbList","@id":"https:\/\/fiege-electronic.com\/es\/acerca-de-fiege\/#breadcrumb","itemListElement":[{"@type":"ListItem","position":1,"name":"Startseite","item":"https:\/\/fiege-electronic.com\/es\/"},{"@type":"ListItem","position":2,"name":"Acerca de Fiege"}]},{"@type":"WebSite","@id":"https:\/\/fiege-electronic.com\/de\/#website","url":"https:\/\/fiege-electronic.com\/de\/","name":"Fiege electronic","description":"","potentialAction":[{"@type":"SearchAction","target":{"@type":"EntryPoint","urlTemplate":"https:\/\/fiege-electronic.com\/de\/?s={search_term_string}"},"query-input":{"@type":"PropertyValueSpecification","valueRequired":true,"valueName":"search_term_string"}}],"inLanguage":"es"}]}},"_links":{"self":[{"href":"https:\/\/fiege-electronic.com\/es\/wp-json\/wp\/v2\/pages\/5288","targetHints":{"allow":["GET"]}}],"collection":[{"href":"https:\/\/fiege-electronic.com\/es\/wp-json\/wp\/v2\/pages"}],"about":[{"href":"https:\/\/fiege-electronic.com\/es\/wp-json\/wp\/v2\/types\/page"}],"author":[{"embeddable":true,"href":"https:\/\/fiege-electronic.com\/es\/wp-json\/wp\/v2\/users\/5"}],"replies":[{"embeddable":true,"href":"https:\/\/fiege-electronic.com\/es\/wp-json\/wp\/v2\/comments?post=5288"}],"version-history":[{"count":4,"href":"https:\/\/fiege-electronic.com\/es\/wp-json\/wp\/v2\/pages\/5288\/revisions"}],"predecessor-version":[{"id":6607,"href":"https:\/\/fiege-electronic.com\/es\/wp-json\/wp\/v2\/pages\/5288\/revisions\/6607"}],"wp:attachment":[{"href":"https:\/\/fiege-electronic.com\/es\/wp-json\/wp\/v2\/media?parent=5288"}],"curies":[{"name":"wp","href":"https:\/\/api.w.org\/{rel}","templated":true}]}}