{"id":5363,"date":"2019-08-09T14:37:33","date_gmt":"2019-08-09T12:37:33","guid":{"rendered":"https:\/\/fiege-electronic.com\/zubehor-es\/ersatzteile\/"},"modified":"2023-04-21T12:24:47","modified_gmt":"2023-04-21T10:24:47","slug":"piezas-de-repuesto","status":"publish","type":"page","link":"https:\/\/fiege-electronic.com\/es\/productos\/accesorios\/piezas-de-repuesto\/","title":{"rendered":"Piezas de repuesto"},"content":{"rendered":"","protected":false},"excerpt":{"rendered":"","protected":false},"author":5,"featured_media":0,"parent":4942,"menu_order":0,"comment_status":"closed","ping_status":"closed","template":"page-productdetail.php","meta":{"_acf_changed":false,"footnotes":""},"class_list":["post-5363","page","type-page","status-publish","hentry"],"acf":[],"yoast_head":"<!-- This site is optimized with the Yoast SEO plugin v27.5 - https:\/\/yoast.com\/product\/yoast-seo-wordpress\/ -->\n<title>Piezas de recambio Fiege para sus unidades de control | Mejor el original enseguida<\/title>\n<meta name=\"description\" content=\"Es mejor confiar en el original desde el principio: Para que su tecnolog\u00eda de canal caliente convenza tambi\u00e9n a largo plazo con el m\u00e1ximo rendimiento y fiabilidad.\" \/>\n<meta name=\"robots\" content=\"index, follow, max-snippet:-1, max-image-preview:large, max-video-preview:-1\" \/>\n<link rel=\"canonical\" href=\"https:\/\/fiege-electronic.com\/de\/produkte\/zubehoer\/ersatzteile\/\" \/>\n<meta property=\"og:locale\" content=\"es_ES\" \/>\n<meta property=\"og:type\" content=\"article\" \/>\n<meta property=\"og:title\" content=\"Piezas de recambio Fiege para sus unidades de control | Mejor el original enseguida\" \/>\n<meta property=\"og:description\" content=\"Es mejor confiar en el original desde el principio: Para que su tecnolog\u00eda de canal caliente convenza tambi\u00e9n a largo plazo con el m\u00e1ximo rendimiento y fiabilidad.\" \/>\n<meta property=\"og:url\" content=\"https:\/\/fiege-electronic.com\/de\/produkte\/zubehoer\/ersatzteile\/\" \/>\n<meta property=\"og:site_name\" content=\"Fiege electronic\" \/>\n<meta property=\"article:modified_time\" content=\"2023-04-21T10:24:47+00:00\" \/>\n<meta name=\"twitter:card\" content=\"summary_large_image\" \/>\n<script type=\"application\/ld+json\" class=\"yoast-schema-graph\">{\"@context\":\"https:\\\/\\\/schema.org\",\"@graph\":[{\"@type\":\"WebPage\",\"@id\":\"https:\\\/\\\/fiege-electronic.com\\\/de\\\/produkte\\\/zubehoer\\\/ersatzteile\\\/\",\"url\":\"https:\\\/\\\/fiege-electronic.com\\\/de\\\/produkte\\\/zubehoer\\\/ersatzteile\\\/\",\"name\":\"Piezas de recambio Fiege para sus unidades de control | Mejor el original enseguida\",\"isPartOf\":{\"@id\":\"https:\\\/\\\/fiege-electronic.com\\\/de\\\/#website\"},\"datePublished\":\"2019-08-09T12:37:33+00:00\",\"dateModified\":\"2023-04-21T10:24:47+00:00\",\"description\":\"Es mejor confiar en el original desde el principio: Para que su tecnolog\u00eda de canal caliente convenza tambi\u00e9n a largo plazo con el m\u00e1ximo rendimiento y fiabilidad.\",\"breadcrumb\":{\"@id\":\"https:\\\/\\\/fiege-electronic.com\\\/de\\\/produkte\\\/zubehoer\\\/ersatzteile\\\/#breadcrumb\"},\"inLanguage\":\"es\",\"potentialAction\":[{\"@type\":\"ReadAction\",\"target\":[\"https:\\\/\\\/fiege-electronic.com\\\/de\\\/produkte\\\/zubehoer\\\/ersatzteile\\\/\"]}]},{\"@type\":\"BreadcrumbList\",\"@id\":\"https:\\\/\\\/fiege-electronic.com\\\/de\\\/produkte\\\/zubehoer\\\/ersatzteile\\\/#breadcrumb\",\"itemListElement\":[{\"@type\":\"ListItem\",\"position\":1,\"name\":\"Startseite\",\"item\":\"https:\\\/\\\/fiege-electronic.com\\\/es\\\/\"},{\"@type\":\"ListItem\",\"position\":2,\"name\":\"Productos\",\"item\":\"https:\\\/\\\/fiege-electronic.com\\\/de\\\/produkte\\\/\"},{\"@type\":\"ListItem\",\"position\":3,\"name\":\"Accesorios\",\"item\":\"https:\\\/\\\/fiege-electronic.com\\\/de\\\/produkte\\\/zubehoer\\\/\"},{\"@type\":\"ListItem\",\"position\":4,\"name\":\"Piezas de repuesto\"}]},{\"@type\":\"WebSite\",\"@id\":\"https:\\\/\\\/fiege-electronic.com\\\/de\\\/#website\",\"url\":\"https:\\\/\\\/fiege-electronic.com\\\/de\\\/\",\"name\":\"Fiege electronic\",\"description\":\"\",\"potentialAction\":[{\"@type\":\"SearchAction\",\"target\":{\"@type\":\"EntryPoint\",\"urlTemplate\":\"https:\\\/\\\/fiege-electronic.com\\\/de\\\/?s={search_term_string}\"},\"query-input\":{\"@type\":\"PropertyValueSpecification\",\"valueRequired\":true,\"valueName\":\"search_term_string\"}}],\"inLanguage\":\"es\"}]}<\/script>\n<!-- \/ Yoast SEO plugin. -->","yoast_head_json":{"title":"Piezas de recambio Fiege para sus unidades de control | Mejor el original enseguida","description":"Es mejor confiar en el original desde el principio: Para que su tecnolog\u00eda de canal caliente convenza tambi\u00e9n a largo plazo con el m\u00e1ximo rendimiento y fiabilidad.","robots":{"index":"index","follow":"follow","max-snippet":"max-snippet:-1","max-image-preview":"max-image-preview:large","max-video-preview":"max-video-preview:-1"},"canonical":"https:\/\/fiege-electronic.com\/de\/produkte\/zubehoer\/ersatzteile\/","og_locale":"es_ES","og_type":"article","og_title":"Piezas de recambio Fiege para sus unidades de control | Mejor el original enseguida","og_description":"Es mejor confiar en el original desde el principio: Para que su tecnolog\u00eda de canal caliente convenza tambi\u00e9n a largo plazo con el m\u00e1ximo rendimiento y fiabilidad.","og_url":"https:\/\/fiege-electronic.com\/de\/produkte\/zubehoer\/ersatzteile\/","og_site_name":"Fiege electronic","article_modified_time":"2023-04-21T10:24:47+00:00","twitter_card":"summary_large_image","schema":{"@context":"https:\/\/schema.org","@graph":[{"@type":"WebPage","@id":"https:\/\/fiege-electronic.com\/de\/produkte\/zubehoer\/ersatzteile\/","url":"https:\/\/fiege-electronic.com\/de\/produkte\/zubehoer\/ersatzteile\/","name":"Piezas de recambio Fiege para sus unidades de control | Mejor el original enseguida","isPartOf":{"@id":"https:\/\/fiege-electronic.com\/de\/#website"},"datePublished":"2019-08-09T12:37:33+00:00","dateModified":"2023-04-21T10:24:47+00:00","description":"Es mejor confiar en el original desde el principio: Para que su tecnolog\u00eda de canal caliente convenza tambi\u00e9n a largo plazo con el m\u00e1ximo rendimiento y fiabilidad.","breadcrumb":{"@id":"https:\/\/fiege-electronic.com\/de\/produkte\/zubehoer\/ersatzteile\/#breadcrumb"},"inLanguage":"es","potentialAction":[{"@type":"ReadAction","target":["https:\/\/fiege-electronic.com\/de\/produkte\/zubehoer\/ersatzteile\/"]}]},{"@type":"BreadcrumbList","@id":"https:\/\/fiege-electronic.com\/de\/produkte\/zubehoer\/ersatzteile\/#breadcrumb","itemListElement":[{"@type":"ListItem","position":1,"name":"Startseite","item":"https:\/\/fiege-electronic.com\/es\/"},{"@type":"ListItem","position":2,"name":"Productos","item":"https:\/\/fiege-electronic.com\/de\/produkte\/"},{"@type":"ListItem","position":3,"name":"Accesorios","item":"https:\/\/fiege-electronic.com\/de\/produkte\/zubehoer\/"},{"@type":"ListItem","position":4,"name":"Piezas de repuesto"}]},{"@type":"WebSite","@id":"https:\/\/fiege-electronic.com\/de\/#website","url":"https:\/\/fiege-electronic.com\/de\/","name":"Fiege electronic","description":"","potentialAction":[{"@type":"SearchAction","target":{"@type":"EntryPoint","urlTemplate":"https:\/\/fiege-electronic.com\/de\/?s={search_term_string}"},"query-input":{"@type":"PropertyValueSpecification","valueRequired":true,"valueName":"search_term_string"}}],"inLanguage":"es"}]}},"_links":{"self":[{"href":"https:\/\/fiege-electronic.com\/es\/wp-json\/wp\/v2\/pages\/5363","targetHints":{"allow":["GET"]}}],"collection":[{"href":"https:\/\/fiege-electronic.com\/es\/wp-json\/wp\/v2\/pages"}],"about":[{"href":"https:\/\/fiege-electronic.com\/es\/wp-json\/wp\/v2\/types\/page"}],"author":[{"embeddable":true,"href":"https:\/\/fiege-electronic.com\/es\/wp-json\/wp\/v2\/users\/5"}],"replies":[{"embeddable":true,"href":"https:\/\/fiege-electronic.com\/es\/wp-json\/wp\/v2\/comments?post=5363"}],"version-history":[{"count":4,"href":"https:\/\/fiege-electronic.com\/es\/wp-json\/wp\/v2\/pages\/5363\/revisions"}],"predecessor-version":[{"id":5482,"href":"https:\/\/fiege-electronic.com\/es\/wp-json\/wp\/v2\/pages\/5363\/revisions\/5482"}],"up":[{"embeddable":true,"href":"https:\/\/fiege-electronic.com\/es\/wp-json\/wp\/v2\/pages\/4942"}],"wp:attachment":[{"href":"https:\/\/fiege-electronic.com\/es\/wp-json\/wp\/v2\/media?parent=5363"}],"curies":[{"name":"wp","href":"https:\/\/api.w.org\/{rel}","templated":true}]}}