{"id":5403,"date":"2019-08-09T14:35:47","date_gmt":"2019-08-09T12:35:47","guid":{"rendered":"https:\/\/fiege-electronic.com\/jetmaster-tp\/"},"modified":"2025-10-08T10:53:22","modified_gmt":"2025-10-08T08:53:22","slug":"jetmaster-tp","status":"publish","type":"page","link":"https:\/\/fiege-electronic.com\/es\/productos\/series-tp-y-vario\/jetmaster-tp\/","title":{"rendered":"JETmaster TP"},"content":{"rendered":"","protected":false},"excerpt":{"rendered":"","protected":false},"author":5,"featured_media":0,"parent":5425,"menu_order":0,"comment_status":"closed","ping_status":"closed","template":"page-productdetail.php","meta":{"_acf_changed":false,"footnotes":""},"class_list":["post-5403","page","type-page","status-publish","hentry"],"acf":[],"yoast_head":"<!-- This site is optimized with the Yoast SEO plugin v27.5 - https:\/\/yoast.com\/product\/yoast-seo-wordpress\/ -->\n<title>JETmaster TP - Controlador de canal caliente para 24 a 240 zonas<\/title>\n<meta name=\"description\" content=\"Cuando puede ser un poco m\u00e1s en t\u00e9rminos de rendimiento. Hasta 240 zonas sobre cuatro ruedas con el m\u00e1ximo confort de manejo. Sin mantenimiento ni desgaste permanentes.\" \/>\n<meta name=\"robots\" content=\"index, follow, max-snippet:-1, max-image-preview:large, max-video-preview:-1\" \/>\n<link rel=\"canonical\" href=\"https:\/\/fiege-electronic.com\/es\/productos\/series-tp-y-vario\/jetmaster-tp\/\" \/>\n<meta property=\"og:locale\" content=\"es_ES\" \/>\n<meta property=\"og:type\" content=\"article\" \/>\n<meta property=\"og:title\" content=\"JETmaster TP - Controlador de canal caliente para 24 a 240 zonas\" \/>\n<meta property=\"og:description\" content=\"Cuando puede ser un poco m\u00e1s en t\u00e9rminos de rendimiento. Hasta 240 zonas sobre cuatro ruedas con el m\u00e1ximo confort de manejo. Sin mantenimiento ni desgaste permanentes.\" \/>\n<meta property=\"og:url\" content=\"https:\/\/fiege-electronic.com\/es\/productos\/series-tp-y-vario\/jetmaster-tp\/\" \/>\n<meta property=\"og:site_name\" content=\"Fiege electronic\" \/>\n<meta property=\"article:modified_time\" content=\"2025-10-08T08:53:22+00:00\" \/>\n<meta name=\"twitter:card\" content=\"summary_large_image\" \/>\n<script type=\"application\/ld+json\" class=\"yoast-schema-graph\">{\"@context\":\"https:\\\/\\\/schema.org\",\"@graph\":[{\"@type\":\"WebPage\",\"@id\":\"https:\\\/\\\/fiege-electronic.com\\\/es\\\/productos\\\/series-tp-y-vario\\\/jetmaster-tp\\\/\",\"url\":\"https:\\\/\\\/fiege-electronic.com\\\/es\\\/productos\\\/series-tp-y-vario\\\/jetmaster-tp\\\/\",\"name\":\"JETmaster TP - Controlador de canal caliente para 24 a 240 zonas\",\"isPartOf\":{\"@id\":\"https:\\\/\\\/fiege-electronic.com\\\/de\\\/#website\"},\"datePublished\":\"2019-08-09T12:35:47+00:00\",\"dateModified\":\"2025-10-08T08:53:22+00:00\",\"description\":\"Cuando puede ser un poco m\u00e1s en t\u00e9rminos de rendimiento. Hasta 240 zonas sobre cuatro ruedas con el m\u00e1ximo confort de manejo. Sin mantenimiento ni desgaste permanentes.\",\"breadcrumb\":{\"@id\":\"https:\\\/\\\/fiege-electronic.com\\\/es\\\/productos\\\/series-tp-y-vario\\\/jetmaster-tp\\\/#breadcrumb\"},\"inLanguage\":\"es\",\"potentialAction\":[{\"@type\":\"ReadAction\",\"target\":[\"https:\\\/\\\/fiege-electronic.com\\\/es\\\/productos\\\/series-tp-y-vario\\\/jetmaster-tp\\\/\"]}]},{\"@type\":\"BreadcrumbList\",\"@id\":\"https:\\\/\\\/fiege-electronic.com\\\/es\\\/productos\\\/series-tp-y-vario\\\/jetmaster-tp\\\/#breadcrumb\",\"itemListElement\":[{\"@type\":\"ListItem\",\"position\":1,\"name\":\"Startseite\",\"item\":\"https:\\\/\\\/fiege-electronic.com\\\/es\\\/\"},{\"@type\":\"ListItem\",\"position\":2,\"name\":\"Productos\",\"item\":\"https:\\\/\\\/fiege-electronic.com\\\/de\\\/produkte\\\/\"},{\"@type\":\"ListItem\",\"position\":3,\"name\":\"Series TP y VARIO\",\"item\":\"https:\\\/\\\/fiege-electronic.com\\\/de\\\/produkte\\\/tp-und-vario-baureihe\\\/\"},{\"@type\":\"ListItem\",\"position\":4,\"name\":\"JETmaster TP\"}]},{\"@type\":\"WebSite\",\"@id\":\"https:\\\/\\\/fiege-electronic.com\\\/de\\\/#website\",\"url\":\"https:\\\/\\\/fiege-electronic.com\\\/de\\\/\",\"name\":\"Fiege electronic\",\"description\":\"\",\"potentialAction\":[{\"@type\":\"SearchAction\",\"target\":{\"@type\":\"EntryPoint\",\"urlTemplate\":\"https:\\\/\\\/fiege-electronic.com\\\/de\\\/?s={search_term_string}\"},\"query-input\":{\"@type\":\"PropertyValueSpecification\",\"valueRequired\":true,\"valueName\":\"search_term_string\"}}],\"inLanguage\":\"es\"}]}<\/script>\n<!-- \/ Yoast SEO plugin. -->","yoast_head_json":{"title":"JETmaster TP - Controlador de canal caliente para 24 a 240 zonas","description":"Cuando puede ser un poco m\u00e1s en t\u00e9rminos de rendimiento. Hasta 240 zonas sobre cuatro ruedas con el m\u00e1ximo confort de manejo. Sin mantenimiento ni desgaste permanentes.","robots":{"index":"index","follow":"follow","max-snippet":"max-snippet:-1","max-image-preview":"max-image-preview:large","max-video-preview":"max-video-preview:-1"},"canonical":"https:\/\/fiege-electronic.com\/es\/productos\/series-tp-y-vario\/jetmaster-tp\/","og_locale":"es_ES","og_type":"article","og_title":"JETmaster TP - Controlador de canal caliente para 24 a 240 zonas","og_description":"Cuando puede ser un poco m\u00e1s en t\u00e9rminos de rendimiento. Hasta 240 zonas sobre cuatro ruedas con el m\u00e1ximo confort de manejo. Sin mantenimiento ni desgaste permanentes.","og_url":"https:\/\/fiege-electronic.com\/es\/productos\/series-tp-y-vario\/jetmaster-tp\/","og_site_name":"Fiege electronic","article_modified_time":"2025-10-08T08:53:22+00:00","twitter_card":"summary_large_image","schema":{"@context":"https:\/\/schema.org","@graph":[{"@type":"WebPage","@id":"https:\/\/fiege-electronic.com\/es\/productos\/series-tp-y-vario\/jetmaster-tp\/","url":"https:\/\/fiege-electronic.com\/es\/productos\/series-tp-y-vario\/jetmaster-tp\/","name":"JETmaster TP - Controlador de canal caliente para 24 a 240 zonas","isPartOf":{"@id":"https:\/\/fiege-electronic.com\/de\/#website"},"datePublished":"2019-08-09T12:35:47+00:00","dateModified":"2025-10-08T08:53:22+00:00","description":"Cuando puede ser un poco m\u00e1s en t\u00e9rminos de rendimiento. Hasta 240 zonas sobre cuatro ruedas con el m\u00e1ximo confort de manejo. Sin mantenimiento ni desgaste permanentes.","breadcrumb":{"@id":"https:\/\/fiege-electronic.com\/es\/productos\/series-tp-y-vario\/jetmaster-tp\/#breadcrumb"},"inLanguage":"es","potentialAction":[{"@type":"ReadAction","target":["https:\/\/fiege-electronic.com\/es\/productos\/series-tp-y-vario\/jetmaster-tp\/"]}]},{"@type":"BreadcrumbList","@id":"https:\/\/fiege-electronic.com\/es\/productos\/series-tp-y-vario\/jetmaster-tp\/#breadcrumb","itemListElement":[{"@type":"ListItem","position":1,"name":"Startseite","item":"https:\/\/fiege-electronic.com\/es\/"},{"@type":"ListItem","position":2,"name":"Productos","item":"https:\/\/fiege-electronic.com\/de\/produkte\/"},{"@type":"ListItem","position":3,"name":"Series TP y VARIO","item":"https:\/\/fiege-electronic.com\/de\/produkte\/tp-und-vario-baureihe\/"},{"@type":"ListItem","position":4,"name":"JETmaster TP"}]},{"@type":"WebSite","@id":"https:\/\/fiege-electronic.com\/de\/#website","url":"https:\/\/fiege-electronic.com\/de\/","name":"Fiege electronic","description":"","potentialAction":[{"@type":"SearchAction","target":{"@type":"EntryPoint","urlTemplate":"https:\/\/fiege-electronic.com\/de\/?s={search_term_string}"},"query-input":{"@type":"PropertyValueSpecification","valueRequired":true,"valueName":"search_term_string"}}],"inLanguage":"es"}]}},"_links":{"self":[{"href":"https:\/\/fiege-electronic.com\/es\/wp-json\/wp\/v2\/pages\/5403","targetHints":{"allow":["GET"]}}],"collection":[{"href":"https:\/\/fiege-electronic.com\/es\/wp-json\/wp\/v2\/pages"}],"about":[{"href":"https:\/\/fiege-electronic.com\/es\/wp-json\/wp\/v2\/types\/page"}],"author":[{"embeddable":true,"href":"https:\/\/fiege-electronic.com\/es\/wp-json\/wp\/v2\/users\/5"}],"replies":[{"embeddable":true,"href":"https:\/\/fiege-electronic.com\/es\/wp-json\/wp\/v2\/comments?post=5403"}],"version-history":[{"count":15,"href":"https:\/\/fiege-electronic.com\/es\/wp-json\/wp\/v2\/pages\/5403\/revisions"}],"predecessor-version":[{"id":6562,"href":"https:\/\/fiege-electronic.com\/es\/wp-json\/wp\/v2\/pages\/5403\/revisions\/6562"}],"up":[{"embeddable":true,"href":"https:\/\/fiege-electronic.com\/es\/wp-json\/wp\/v2\/pages\/5425"}],"wp:attachment":[{"href":"https:\/\/fiege-electronic.com\/es\/wp-json\/wp\/v2\/media?parent=5403"}],"curies":[{"name":"wp","href":"https:\/\/api.w.org\/{rel}","templated":true}]}}