{"id":4948,"date":"2019-08-05T19:34:48","date_gmt":"2019-08-05T17:34:48","guid":{"rendered":"https:\/\/fiege-electronic.com\/home\/"},"modified":"2026-03-23T10:31:30","modified_gmt":"2026-03-23T09:31:30","slug":"home","status":"publish","type":"page","link":"https:\/\/fiege-electronic.com\/fr\/","title":{"rendered":"Home"},"content":{"rendered":"","protected":false},"excerpt":{"rendered":"","protected":false},"author":5,"featured_media":0,"parent":0,"menu_order":0,"comment_status":"closed","ping_status":"open","template":"page-home.php","meta":{"_acf_changed":false,"footnotes":""},"class_list":["post-4948","page","type-page","status-publish","hentry"],"acf":[],"yoast_head":"<!-- This site is optimized with the Yoast SEO plugin v27.4 - https:\/\/yoast.com\/product\/yoast-seo-wordpress\/ -->\n<title>Technique de r\u00e9gulation des canaux chauds par l&#039;expert | Fiege electronic<\/title>\n<meta name=\"description\" content=\"Concepteur, fabricant et distributeur de syst\u00e8mes de r\u00e9gulation de temp\u00e9rature, sp\u00e9cialis\u00e9 dans la r\u00e9gulation de temp\u00e9rature des canaux chauds. Plus de 20 ans d&#039;exp\u00e9rience.\" \/>\n<meta name=\"robots\" content=\"index, follow, max-snippet:-1, max-image-preview:large, max-video-preview:-1\" \/>\n<link rel=\"canonical\" href=\"https:\/\/fiege-electronic.com\/fr\/\" \/>\n<meta property=\"og:locale\" content=\"fr_FR\" \/>\n<meta property=\"og:type\" content=\"article\" \/>\n<meta property=\"og:title\" content=\"Technique de r\u00e9gulation des canaux chauds par l&#039;expert | Fiege electronic\" \/>\n<meta property=\"og:description\" content=\"Concepteur, fabricant et distributeur de syst\u00e8mes de r\u00e9gulation de temp\u00e9rature, sp\u00e9cialis\u00e9 dans la r\u00e9gulation de temp\u00e9rature des canaux chauds. Plus de 20 ans d&#039;exp\u00e9rience.\" \/>\n<meta property=\"og:url\" content=\"https:\/\/fiege-electronic.com\/fr\/\" \/>\n<meta property=\"og:site_name\" content=\"Fiege electronic\" \/>\n<meta property=\"article:modified_time\" content=\"2026-03-23T09:31:30+00:00\" \/>\n<meta name=\"twitter:card\" content=\"summary_large_image\" \/>\n<script type=\"application\/ld+json\" class=\"yoast-schema-graph\">{\"@context\":\"https:\\\/\\\/schema.org\",\"@graph\":[{\"@type\":\"WebPage\",\"@id\":\"https:\\\/\\\/fiege-electronic.com\\\/fr\\\/\",\"url\":\"https:\\\/\\\/fiege-electronic.com\\\/fr\\\/\",\"name\":\"Technique de r\u00e9gulation des canaux chauds par l'expert | Fiege electronic\",\"isPartOf\":{\"@id\":\"https:\\\/\\\/fiege-electronic.com\\\/de\\\/#website\"},\"datePublished\":\"2019-08-05T17:34:48+00:00\",\"dateModified\":\"2026-03-23T09:31:30+00:00\",\"description\":\"Concepteur, fabricant et distributeur de syst\u00e8mes de r\u00e9gulation de temp\u00e9rature, sp\u00e9cialis\u00e9 dans la r\u00e9gulation de temp\u00e9rature des canaux chauds. Plus de 20 ans d'exp\u00e9rience.\",\"breadcrumb\":{\"@id\":\"https:\\\/\\\/fiege-electronic.com\\\/fr\\\/#breadcrumb\"},\"inLanguage\":\"fr-FR\",\"potentialAction\":[{\"@type\":\"ReadAction\",\"target\":[\"https:\\\/\\\/fiege-electronic.com\\\/fr\\\/\"]}]},{\"@type\":\"BreadcrumbList\",\"@id\":\"https:\\\/\\\/fiege-electronic.com\\\/fr\\\/#breadcrumb\",\"itemListElement\":[{\"@type\":\"ListItem\",\"position\":1,\"name\":\"Startseite\",\"item\":\"https:\\\/\\\/fiege-electronic.com\\\/fr\\\/\"},{\"@type\":\"ListItem\",\"position\":2,\"name\":\"Home\"}]},{\"@type\":\"WebSite\",\"@id\":\"https:\\\/\\\/fiege-electronic.com\\\/de\\\/#website\",\"url\":\"https:\\\/\\\/fiege-electronic.com\\\/de\\\/\",\"name\":\"Fiege electronic\",\"description\":\"\",\"potentialAction\":[{\"@type\":\"SearchAction\",\"target\":{\"@type\":\"EntryPoint\",\"urlTemplate\":\"https:\\\/\\\/fiege-electronic.com\\\/de\\\/?s={search_term_string}\"},\"query-input\":{\"@type\":\"PropertyValueSpecification\",\"valueRequired\":true,\"valueName\":\"search_term_string\"}}],\"inLanguage\":\"fr-FR\"}]}<\/script>\n<!-- \/ Yoast SEO plugin. -->","yoast_head_json":{"title":"Technique de r\u00e9gulation des canaux chauds par l'expert | Fiege electronic","description":"Concepteur, fabricant et distributeur de syst\u00e8mes de r\u00e9gulation de temp\u00e9rature, sp\u00e9cialis\u00e9 dans la r\u00e9gulation de temp\u00e9rature des canaux chauds. Plus de 20 ans d'exp\u00e9rience.","robots":{"index":"index","follow":"follow","max-snippet":"max-snippet:-1","max-image-preview":"max-image-preview:large","max-video-preview":"max-video-preview:-1"},"canonical":"https:\/\/fiege-electronic.com\/fr\/","og_locale":"fr_FR","og_type":"article","og_title":"Technique de r\u00e9gulation des canaux chauds par l'expert | Fiege electronic","og_description":"Concepteur, fabricant et distributeur de syst\u00e8mes de r\u00e9gulation de temp\u00e9rature, sp\u00e9cialis\u00e9 dans la r\u00e9gulation de temp\u00e9rature des canaux chauds. Plus de 20 ans d'exp\u00e9rience.","og_url":"https:\/\/fiege-electronic.com\/fr\/","og_site_name":"Fiege electronic","article_modified_time":"2026-03-23T09:31:30+00:00","twitter_card":"summary_large_image","schema":{"@context":"https:\/\/schema.org","@graph":[{"@type":"WebPage","@id":"https:\/\/fiege-electronic.com\/fr\/","url":"https:\/\/fiege-electronic.com\/fr\/","name":"Technique de r\u00e9gulation des canaux chauds par l'expert | Fiege electronic","isPartOf":{"@id":"https:\/\/fiege-electronic.com\/de\/#website"},"datePublished":"2019-08-05T17:34:48+00:00","dateModified":"2026-03-23T09:31:30+00:00","description":"Concepteur, fabricant et distributeur de syst\u00e8mes de r\u00e9gulation de temp\u00e9rature, sp\u00e9cialis\u00e9 dans la r\u00e9gulation de temp\u00e9rature des canaux chauds. Plus de 20 ans d'exp\u00e9rience.","breadcrumb":{"@id":"https:\/\/fiege-electronic.com\/fr\/#breadcrumb"},"inLanguage":"fr-FR","potentialAction":[{"@type":"ReadAction","target":["https:\/\/fiege-electronic.com\/fr\/"]}]},{"@type":"BreadcrumbList","@id":"https:\/\/fiege-electronic.com\/fr\/#breadcrumb","itemListElement":[{"@type":"ListItem","position":1,"name":"Startseite","item":"https:\/\/fiege-electronic.com\/fr\/"},{"@type":"ListItem","position":2,"name":"Home"}]},{"@type":"WebSite","@id":"https:\/\/fiege-electronic.com\/de\/#website","url":"https:\/\/fiege-electronic.com\/de\/","name":"Fiege electronic","description":"","potentialAction":[{"@type":"SearchAction","target":{"@type":"EntryPoint","urlTemplate":"https:\/\/fiege-electronic.com\/de\/?s={search_term_string}"},"query-input":{"@type":"PropertyValueSpecification","valueRequired":true,"valueName":"search_term_string"}}],"inLanguage":"fr-FR"}]}},"_links":{"self":[{"href":"https:\/\/fiege-electronic.com\/fr\/wp-json\/wp\/v2\/pages\/4948","targetHints":{"allow":["GET"]}}],"collection":[{"href":"https:\/\/fiege-electronic.com\/fr\/wp-json\/wp\/v2\/pages"}],"about":[{"href":"https:\/\/fiege-electronic.com\/fr\/wp-json\/wp\/v2\/types\/page"}],"author":[{"embeddable":true,"href":"https:\/\/fiege-electronic.com\/fr\/wp-json\/wp\/v2\/users\/5"}],"replies":[{"embeddable":true,"href":"https:\/\/fiege-electronic.com\/fr\/wp-json\/wp\/v2\/comments?post=4948"}],"version-history":[{"count":31,"href":"https:\/\/fiege-electronic.com\/fr\/wp-json\/wp\/v2\/pages\/4948\/revisions"}],"predecessor-version":[{"id":6646,"href":"https:\/\/fiege-electronic.com\/fr\/wp-json\/wp\/v2\/pages\/4948\/revisions\/6646"}],"wp:attachment":[{"href":"https:\/\/fiege-electronic.com\/fr\/wp-json\/wp\/v2\/media?parent=4948"}],"curies":[{"name":"wp","href":"https:\/\/api.w.org\/{rel}","templated":true}]}}