{"id":5027,"date":"2023-04-21T10:51:03","date_gmt":"2023-04-21T08:51:03","guid":{"rendered":"https:\/\/fiege-electronic.com\/?page_id=5027"},"modified":"2023-04-28T11:12:16","modified_gmt":"2023-04-28T09:12:16","slug":"systeme-de-mesure-de-pression-dms","status":"publish","type":"page","link":"https:\/\/fiege-electronic.com\/fr\/produits\/systeme-de-mesure-de-pression-dms\/","title":{"rendered":"Syst\u00e8me de mesure de pression &#8211; DMS"},"content":{"rendered":"","protected":false},"excerpt":{"rendered":"","protected":false},"author":2,"featured_media":0,"parent":5016,"menu_order":0,"comment_status":"closed","ping_status":"closed","template":"page-productdetail.php","meta":{"_acf_changed":false,"footnotes":""},"class_list":["post-5027","page","type-page","status-publish","hentry"],"acf":[],"yoast_head":"<!-- This site is optimized with the Yoast SEO plugin v27.4 - https:\/\/yoast.com\/product\/yoast-seo-wordpress\/ -->\n<title>Syst\u00e8me de mesure de pression DMS - optimise le processus de remplissage | Fiege electronic<\/title>\n<meta name=\"description\" content=\"Le syst\u00e8me de mesure de pression DMS convainc par sa pr\u00e9cision dans le domaine des \u00e9tudes de remplissage et permet d&#039;optimiser les temps de cycle dans le processus de remplissage. En savoir plus maintenant !\" \/>\n<meta name=\"robots\" content=\"index, follow, max-snippet:-1, max-image-preview:large, max-video-preview:-1\" \/>\n<link rel=\"canonical\" href=\"https:\/\/fiege-electronic.com\/de\/produkte\/druckmess-system-dms\/\" \/>\n<meta property=\"og:locale\" content=\"fr_FR\" \/>\n<meta property=\"og:type\" content=\"article\" \/>\n<meta property=\"og:title\" content=\"Syst\u00e8me de mesure de pression DMS - optimise le processus de remplissage | Fiege electronic\" \/>\n<meta property=\"og:description\" content=\"Le syst\u00e8me de mesure de pression DMS convainc par sa pr\u00e9cision dans le domaine des \u00e9tudes de remplissage et permet d&#039;optimiser les temps de cycle dans le processus de remplissage. En savoir plus maintenant !\" \/>\n<meta property=\"og:url\" content=\"https:\/\/fiege-electronic.com\/de\/produkte\/druckmess-system-dms\/\" \/>\n<meta property=\"og:site_name\" content=\"Fiege electronic\" \/>\n<meta property=\"article:modified_time\" content=\"2023-04-28T09:12:16+00:00\" \/>\n<meta name=\"twitter:card\" content=\"summary_large_image\" \/>\n<script type=\"application\/ld+json\" class=\"yoast-schema-graph\">{\"@context\":\"https:\\\/\\\/schema.org\",\"@graph\":[{\"@type\":\"WebPage\",\"@id\":\"https:\\\/\\\/fiege-electronic.com\\\/de\\\/produkte\\\/druckmess-system-dms\\\/\",\"url\":\"https:\\\/\\\/fiege-electronic.com\\\/de\\\/produkte\\\/druckmess-system-dms\\\/\",\"name\":\"Syst\u00e8me de mesure de pression DMS - optimise le processus de remplissage | Fiege electronic\",\"isPartOf\":{\"@id\":\"https:\\\/\\\/fiege-electronic.com\\\/de\\\/#website\"},\"datePublished\":\"2023-04-21T08:51:03+00:00\",\"dateModified\":\"2023-04-28T09:12:16+00:00\",\"description\":\"Le syst\u00e8me de mesure de pression DMS convainc par sa pr\u00e9cision dans le domaine des \u00e9tudes de remplissage et permet d'optimiser les temps de cycle dans le processus de remplissage. En savoir plus maintenant !\",\"breadcrumb\":{\"@id\":\"https:\\\/\\\/fiege-electronic.com\\\/de\\\/produkte\\\/druckmess-system-dms\\\/#breadcrumb\"},\"inLanguage\":\"fr-FR\",\"potentialAction\":[{\"@type\":\"ReadAction\",\"target\":[\"https:\\\/\\\/fiege-electronic.com\\\/de\\\/produkte\\\/druckmess-system-dms\\\/\"]}]},{\"@type\":\"BreadcrumbList\",\"@id\":\"https:\\\/\\\/fiege-electronic.com\\\/de\\\/produkte\\\/druckmess-system-dms\\\/#breadcrumb\",\"itemListElement\":[{\"@type\":\"ListItem\",\"position\":1,\"name\":\"Startseite\",\"item\":\"https:\\\/\\\/fiege-electronic.com\\\/fr\\\/\"},{\"@type\":\"ListItem\",\"position\":2,\"name\":\"Produits\",\"item\":\"https:\\\/\\\/fiege-electronic.com\\\/de\\\/produkte\\\/\"},{\"@type\":\"ListItem\",\"position\":3,\"name\":\"Syst\u00e8me de mesure de pression &#8211; DMS\"}]},{\"@type\":\"WebSite\",\"@id\":\"https:\\\/\\\/fiege-electronic.com\\\/de\\\/#website\",\"url\":\"https:\\\/\\\/fiege-electronic.com\\\/de\\\/\",\"name\":\"Fiege electronic\",\"description\":\"\",\"potentialAction\":[{\"@type\":\"SearchAction\",\"target\":{\"@type\":\"EntryPoint\",\"urlTemplate\":\"https:\\\/\\\/fiege-electronic.com\\\/de\\\/?s={search_term_string}\"},\"query-input\":{\"@type\":\"PropertyValueSpecification\",\"valueRequired\":true,\"valueName\":\"search_term_string\"}}],\"inLanguage\":\"fr-FR\"}]}<\/script>\n<!-- \/ Yoast SEO plugin. -->","yoast_head_json":{"title":"Syst\u00e8me de mesure de pression DMS - optimise le processus de remplissage | Fiege electronic","description":"Le syst\u00e8me de mesure de pression DMS convainc par sa pr\u00e9cision dans le domaine des \u00e9tudes de remplissage et permet d'optimiser les temps de cycle dans le processus de remplissage. En savoir plus maintenant !","robots":{"index":"index","follow":"follow","max-snippet":"max-snippet:-1","max-image-preview":"max-image-preview:large","max-video-preview":"max-video-preview:-1"},"canonical":"https:\/\/fiege-electronic.com\/de\/produkte\/druckmess-system-dms\/","og_locale":"fr_FR","og_type":"article","og_title":"Syst\u00e8me de mesure de pression DMS - optimise le processus de remplissage | Fiege electronic","og_description":"Le syst\u00e8me de mesure de pression DMS convainc par sa pr\u00e9cision dans le domaine des \u00e9tudes de remplissage et permet d'optimiser les temps de cycle dans le processus de remplissage. En savoir plus maintenant !","og_url":"https:\/\/fiege-electronic.com\/de\/produkte\/druckmess-system-dms\/","og_site_name":"Fiege electronic","article_modified_time":"2023-04-28T09:12:16+00:00","twitter_card":"summary_large_image","schema":{"@context":"https:\/\/schema.org","@graph":[{"@type":"WebPage","@id":"https:\/\/fiege-electronic.com\/de\/produkte\/druckmess-system-dms\/","url":"https:\/\/fiege-electronic.com\/de\/produkte\/druckmess-system-dms\/","name":"Syst\u00e8me de mesure de pression DMS - optimise le processus de remplissage | Fiege electronic","isPartOf":{"@id":"https:\/\/fiege-electronic.com\/de\/#website"},"datePublished":"2023-04-21T08:51:03+00:00","dateModified":"2023-04-28T09:12:16+00:00","description":"Le syst\u00e8me de mesure de pression DMS convainc par sa pr\u00e9cision dans le domaine des \u00e9tudes de remplissage et permet d'optimiser les temps de cycle dans le processus de remplissage. En savoir plus maintenant !","breadcrumb":{"@id":"https:\/\/fiege-electronic.com\/de\/produkte\/druckmess-system-dms\/#breadcrumb"},"inLanguage":"fr-FR","potentialAction":[{"@type":"ReadAction","target":["https:\/\/fiege-electronic.com\/de\/produkte\/druckmess-system-dms\/"]}]},{"@type":"BreadcrumbList","@id":"https:\/\/fiege-electronic.com\/de\/produkte\/druckmess-system-dms\/#breadcrumb","itemListElement":[{"@type":"ListItem","position":1,"name":"Startseite","item":"https:\/\/fiege-electronic.com\/fr\/"},{"@type":"ListItem","position":2,"name":"Produits","item":"https:\/\/fiege-electronic.com\/de\/produkte\/"},{"@type":"ListItem","position":3,"name":"Syst\u00e8me de mesure de pression &#8211; DMS"}]},{"@type":"WebSite","@id":"https:\/\/fiege-electronic.com\/de\/#website","url":"https:\/\/fiege-electronic.com\/de\/","name":"Fiege electronic","description":"","potentialAction":[{"@type":"SearchAction","target":{"@type":"EntryPoint","urlTemplate":"https:\/\/fiege-electronic.com\/de\/?s={search_term_string}"},"query-input":{"@type":"PropertyValueSpecification","valueRequired":true,"valueName":"search_term_string"}}],"inLanguage":"fr-FR"}]}},"_links":{"self":[{"href":"https:\/\/fiege-electronic.com\/fr\/wp-json\/wp\/v2\/pages\/5027","targetHints":{"allow":["GET"]}}],"collection":[{"href":"https:\/\/fiege-electronic.com\/fr\/wp-json\/wp\/v2\/pages"}],"about":[{"href":"https:\/\/fiege-electronic.com\/fr\/wp-json\/wp\/v2\/types\/page"}],"author":[{"embeddable":true,"href":"https:\/\/fiege-electronic.com\/fr\/wp-json\/wp\/v2\/users\/2"}],"replies":[{"embeddable":true,"href":"https:\/\/fiege-electronic.com\/fr\/wp-json\/wp\/v2\/comments?post=5027"}],"version-history":[{"count":11,"href":"https:\/\/fiege-electronic.com\/fr\/wp-json\/wp\/v2\/pages\/5027\/revisions"}],"predecessor-version":[{"id":5647,"href":"https:\/\/fiege-electronic.com\/fr\/wp-json\/wp\/v2\/pages\/5027\/revisions\/5647"}],"up":[{"embeddable":true,"href":"https:\/\/fiege-electronic.com\/fr\/wp-json\/wp\/v2\/pages\/5016"}],"wp:attachment":[{"href":"https:\/\/fiege-electronic.com\/fr\/wp-json\/wp\/v2\/media?parent=5027"}],"curies":[{"name":"wp","href":"https:\/\/api.w.org\/{rel}","templated":true}]}}