{"id":5139,"date":"2019-08-09T14:36:11","date_gmt":"2019-08-09T12:36:11","guid":{"rendered":"https:\/\/fiege-electronic.com\/nadelverschluss-steuerung-nvs\/"},"modified":"2025-02-20T11:27:40","modified_gmt":"2025-02-20T10:27:40","slug":"commande-par-buse-obturatrice-a-aiguille-nvs","status":"publish","type":"page","link":"https:\/\/fiege-electronic.com\/fr\/produits\/commande-par-buse-obturatrice-a-aiguille-nvs\/","title":{"rendered":"Commande par buse obturatrice \u00e0 aiguille &#8211; NVS"},"content":{"rendered":"","protected":false},"excerpt":{"rendered":"","protected":false},"author":5,"featured_media":0,"parent":5016,"menu_order":0,"comment_status":"closed","ping_status":"closed","template":"page-productdetail.php","meta":{"_acf_changed":false,"footnotes":""},"class_list":["post-5139","page","type-page","status-publish","hentry"],"acf":[],"yoast_head":"<!-- This site is optimized with the Yoast SEO plugin v27.6 - https:\/\/yoast.com\/product\/yoast-seo-wordpress\/ -->\n<title>Commande par buse obturatrice \u00e0 aiguille - NVS<\/title>\n<meta name=\"description\" content=\"Commande d&#039;obturateur \u00e0 aiguille nouvellement d\u00e9velopp\u00e9e. Disponible en option avec contr\u00f4le de fin de course et utilisable ind\u00e9pendamment du fabricant de canaux chauds. En savoir plus maintenant !\" \/>\n<meta name=\"robots\" content=\"index, follow, max-snippet:-1, max-image-preview:large, max-video-preview:-1\" \/>\n<link rel=\"canonical\" href=\"https:\/\/fiege-electronic.com\/fr\/produits\/commande-par-buse-obturatrice-a-aiguille-nvs\/\" \/>\n<meta property=\"og:locale\" content=\"fr_FR\" \/>\n<meta property=\"og:type\" content=\"article\" \/>\n<meta property=\"og:title\" content=\"Commande par buse obturatrice \u00e0 aiguille - NVS\" \/>\n<meta property=\"og:description\" content=\"Commande d&#039;obturateur \u00e0 aiguille nouvellement d\u00e9velopp\u00e9e. Disponible en option avec contr\u00f4le de fin de course et utilisable ind\u00e9pendamment du fabricant de canaux chauds. En savoir plus maintenant !\" \/>\n<meta property=\"og:url\" content=\"https:\/\/fiege-electronic.com\/fr\/produits\/commande-par-buse-obturatrice-a-aiguille-nvs\/\" \/>\n<meta property=\"og:site_name\" content=\"Fiege electronic\" \/>\n<meta property=\"article:modified_time\" content=\"2025-02-20T10:27:40+00:00\" \/>\n<meta name=\"twitter:card\" content=\"summary_large_image\" \/>\n<script type=\"application\/ld+json\" class=\"yoast-schema-graph\">{\"@context\":\"https:\\\/\\\/schema.org\",\"@graph\":[{\"@type\":\"WebPage\",\"@id\":\"https:\\\/\\\/fiege-electronic.com\\\/fr\\\/produits\\\/commande-par-buse-obturatrice-a-aiguille-nvs\\\/\",\"url\":\"https:\\\/\\\/fiege-electronic.com\\\/fr\\\/produits\\\/commande-par-buse-obturatrice-a-aiguille-nvs\\\/\",\"name\":\"Commande par buse obturatrice \u00e0 aiguille - NVS\",\"isPartOf\":{\"@id\":\"https:\\\/\\\/fiege-electronic.com\\\/de\\\/#website\"},\"datePublished\":\"2019-08-09T12:36:11+00:00\",\"dateModified\":\"2025-02-20T10:27:40+00:00\",\"description\":\"Commande d'obturateur \u00e0 aiguille nouvellement d\u00e9velopp\u00e9e. Disponible en option avec contr\u00f4le de fin de course et utilisable ind\u00e9pendamment du fabricant de canaux chauds. En savoir plus maintenant !\",\"breadcrumb\":{\"@id\":\"https:\\\/\\\/fiege-electronic.com\\\/fr\\\/produits\\\/commande-par-buse-obturatrice-a-aiguille-nvs\\\/#breadcrumb\"},\"inLanguage\":\"fr-FR\",\"potentialAction\":[{\"@type\":\"ReadAction\",\"target\":[\"https:\\\/\\\/fiege-electronic.com\\\/fr\\\/produits\\\/commande-par-buse-obturatrice-a-aiguille-nvs\\\/\"]}]},{\"@type\":\"BreadcrumbList\",\"@id\":\"https:\\\/\\\/fiege-electronic.com\\\/fr\\\/produits\\\/commande-par-buse-obturatrice-a-aiguille-nvs\\\/#breadcrumb\",\"itemListElement\":[{\"@type\":\"ListItem\",\"position\":1,\"name\":\"Startseite\",\"item\":\"https:\\\/\\\/fiege-electronic.com\\\/fr\\\/\"},{\"@type\":\"ListItem\",\"position\":2,\"name\":\"Produits\",\"item\":\"https:\\\/\\\/fiege-electronic.com\\\/de\\\/produkte\\\/\"},{\"@type\":\"ListItem\",\"position\":3,\"name\":\"Commande par buse obturatrice \u00e0 aiguille &#8211; NVS\"}]},{\"@type\":\"WebSite\",\"@id\":\"https:\\\/\\\/fiege-electronic.com\\\/de\\\/#website\",\"url\":\"https:\\\/\\\/fiege-electronic.com\\\/de\\\/\",\"name\":\"Fiege electronic\",\"description\":\"\",\"potentialAction\":[{\"@type\":\"SearchAction\",\"target\":{\"@type\":\"EntryPoint\",\"urlTemplate\":\"https:\\\/\\\/fiege-electronic.com\\\/de\\\/?s={search_term_string}\"},\"query-input\":{\"@type\":\"PropertyValueSpecification\",\"valueRequired\":true,\"valueName\":\"search_term_string\"}}],\"inLanguage\":\"fr-FR\"}]}<\/script>\n<!-- \/ Yoast SEO plugin. -->","yoast_head_json":{"title":"Commande par buse obturatrice \u00e0 aiguille - NVS","description":"Commande d'obturateur \u00e0 aiguille nouvellement d\u00e9velopp\u00e9e. Disponible en option avec contr\u00f4le de fin de course et utilisable ind\u00e9pendamment du fabricant de canaux chauds. En savoir plus maintenant !","robots":{"index":"index","follow":"follow","max-snippet":"max-snippet:-1","max-image-preview":"max-image-preview:large","max-video-preview":"max-video-preview:-1"},"canonical":"https:\/\/fiege-electronic.com\/fr\/produits\/commande-par-buse-obturatrice-a-aiguille-nvs\/","og_locale":"fr_FR","og_type":"article","og_title":"Commande par buse obturatrice \u00e0 aiguille - NVS","og_description":"Commande d'obturateur \u00e0 aiguille nouvellement d\u00e9velopp\u00e9e. Disponible en option avec contr\u00f4le de fin de course et utilisable ind\u00e9pendamment du fabricant de canaux chauds. En savoir plus maintenant !","og_url":"https:\/\/fiege-electronic.com\/fr\/produits\/commande-par-buse-obturatrice-a-aiguille-nvs\/","og_site_name":"Fiege electronic","article_modified_time":"2025-02-20T10:27:40+00:00","twitter_card":"summary_large_image","schema":{"@context":"https:\/\/schema.org","@graph":[{"@type":"WebPage","@id":"https:\/\/fiege-electronic.com\/fr\/produits\/commande-par-buse-obturatrice-a-aiguille-nvs\/","url":"https:\/\/fiege-electronic.com\/fr\/produits\/commande-par-buse-obturatrice-a-aiguille-nvs\/","name":"Commande par buse obturatrice \u00e0 aiguille - NVS","isPartOf":{"@id":"https:\/\/fiege-electronic.com\/de\/#website"},"datePublished":"2019-08-09T12:36:11+00:00","dateModified":"2025-02-20T10:27:40+00:00","description":"Commande d'obturateur \u00e0 aiguille nouvellement d\u00e9velopp\u00e9e. Disponible en option avec contr\u00f4le de fin de course et utilisable ind\u00e9pendamment du fabricant de canaux chauds. En savoir plus maintenant !","breadcrumb":{"@id":"https:\/\/fiege-electronic.com\/fr\/produits\/commande-par-buse-obturatrice-a-aiguille-nvs\/#breadcrumb"},"inLanguage":"fr-FR","potentialAction":[{"@type":"ReadAction","target":["https:\/\/fiege-electronic.com\/fr\/produits\/commande-par-buse-obturatrice-a-aiguille-nvs\/"]}]},{"@type":"BreadcrumbList","@id":"https:\/\/fiege-electronic.com\/fr\/produits\/commande-par-buse-obturatrice-a-aiguille-nvs\/#breadcrumb","itemListElement":[{"@type":"ListItem","position":1,"name":"Startseite","item":"https:\/\/fiege-electronic.com\/fr\/"},{"@type":"ListItem","position":2,"name":"Produits","item":"https:\/\/fiege-electronic.com\/de\/produkte\/"},{"@type":"ListItem","position":3,"name":"Commande par buse obturatrice \u00e0 aiguille &#8211; NVS"}]},{"@type":"WebSite","@id":"https:\/\/fiege-electronic.com\/de\/#website","url":"https:\/\/fiege-electronic.com\/de\/","name":"Fiege electronic","description":"","potentialAction":[{"@type":"SearchAction","target":{"@type":"EntryPoint","urlTemplate":"https:\/\/fiege-electronic.com\/de\/?s={search_term_string}"},"query-input":{"@type":"PropertyValueSpecification","valueRequired":true,"valueName":"search_term_string"}}],"inLanguage":"fr-FR"}]}},"_links":{"self":[{"href":"https:\/\/fiege-electronic.com\/fr\/wp-json\/wp\/v2\/pages\/5139","targetHints":{"allow":["GET"]}}],"collection":[{"href":"https:\/\/fiege-electronic.com\/fr\/wp-json\/wp\/v2\/pages"}],"about":[{"href":"https:\/\/fiege-electronic.com\/fr\/wp-json\/wp\/v2\/types\/page"}],"author":[{"embeddable":true,"href":"https:\/\/fiege-electronic.com\/fr\/wp-json\/wp\/v2\/users\/5"}],"replies":[{"embeddable":true,"href":"https:\/\/fiege-electronic.com\/fr\/wp-json\/wp\/v2\/comments?post=5139"}],"version-history":[{"count":11,"href":"https:\/\/fiege-electronic.com\/fr\/wp-json\/wp\/v2\/pages\/5139\/revisions"}],"predecessor-version":[{"id":6354,"href":"https:\/\/fiege-electronic.com\/fr\/wp-json\/wp\/v2\/pages\/5139\/revisions\/6354"}],"up":[{"embeddable":true,"href":"https:\/\/fiege-electronic.com\/fr\/wp-json\/wp\/v2\/pages\/5016"}],"wp:attachment":[{"href":"https:\/\/fiege-electronic.com\/fr\/wp-json\/wp\/v2\/media?parent=5139"}],"curies":[{"name":"wp","href":"https:\/\/api.w.org\/{rel}","templated":true}]}}