{"id":5270,"date":"2023-04-21T13:34:44","date_gmt":"2023-04-21T11:34:44","guid":{"rendered":"https:\/\/fiege-electronic.com\/?page_id=5270"},"modified":"2025-10-02T14:00:52","modified_gmt":"2025-10-02T12:00:52","slug":"partenaires-de-distribution","status":"publish","type":"page","link":"https:\/\/fiege-electronic.com\/fr\/partenaires-de-distribution\/","title":{"rendered":"Partenaires de distribution"},"content":{"rendered":"","protected":false},"excerpt":{"rendered":"","protected":false},"author":5,"featured_media":0,"parent":0,"menu_order":0,"comment_status":"closed","ping_status":"closed","template":"page-partners.php","meta":{"_acf_changed":false,"footnotes":""},"class_list":["post-5270","page","type-page","status-publish","hentry"],"acf":[],"yoast_head":"<!-- This site is optimized with the Yoast SEO plugin v27.3 - https:\/\/yoast.com\/product\/yoast-seo-wordpress\/ -->\n<title>Distributeur | Fiege electronic<\/title>\n<meta name=\"description\" content=\"Une qualit\u00e9 de terrain, des interlocuteurs personnels, une fabrication individuelle et une technique innovante - r\u00e9unis sous un m\u00eame toit.\" \/>\n<meta name=\"robots\" content=\"index, follow, max-snippet:-1, max-image-preview:large, max-video-preview:-1\" \/>\n<link rel=\"canonical\" href=\"https:\/\/fiege-electronic.com\/fr\/partenaires-de-distribution\/\" \/>\n<meta property=\"og:locale\" content=\"fr_FR\" \/>\n<meta property=\"og:type\" content=\"article\" \/>\n<meta property=\"og:title\" content=\"Distributeur | Fiege electronic\" \/>\n<meta property=\"og:description\" content=\"Une qualit\u00e9 de terrain, des interlocuteurs personnels, une fabrication individuelle et une technique innovante - r\u00e9unis sous un m\u00eame toit.\" \/>\n<meta property=\"og:url\" content=\"https:\/\/fiege-electronic.com\/fr\/partenaires-de-distribution\/\" \/>\n<meta property=\"og:site_name\" content=\"Fiege electronic\" \/>\n<meta property=\"article:modified_time\" content=\"2025-10-02T12:00:52+00:00\" \/>\n<meta name=\"twitter:card\" content=\"summary_large_image\" \/>\n<script type=\"application\/ld+json\" class=\"yoast-schema-graph\">{\"@context\":\"https:\\\/\\\/schema.org\",\"@graph\":[{\"@type\":\"WebPage\",\"@id\":\"https:\\\/\\\/fiege-electronic.com\\\/fr\\\/partenaires-de-distribution\\\/\",\"url\":\"https:\\\/\\\/fiege-electronic.com\\\/fr\\\/partenaires-de-distribution\\\/\",\"name\":\"Distributeur | Fiege electronic\",\"isPartOf\":{\"@id\":\"https:\\\/\\\/fiege-electronic.com\\\/de\\\/#website\"},\"datePublished\":\"2023-04-21T11:34:44+00:00\",\"dateModified\":\"2025-10-02T12:00:52+00:00\",\"description\":\"Une qualit\u00e9 de terrain, des interlocuteurs personnels, une fabrication individuelle et une technique innovante - r\u00e9unis sous un m\u00eame toit.\",\"breadcrumb\":{\"@id\":\"https:\\\/\\\/fiege-electronic.com\\\/fr\\\/partenaires-de-distribution\\\/#breadcrumb\"},\"inLanguage\":\"fr-FR\",\"potentialAction\":[{\"@type\":\"ReadAction\",\"target\":[\"https:\\\/\\\/fiege-electronic.com\\\/fr\\\/partenaires-de-distribution\\\/\"]}]},{\"@type\":\"BreadcrumbList\",\"@id\":\"https:\\\/\\\/fiege-electronic.com\\\/fr\\\/partenaires-de-distribution\\\/#breadcrumb\",\"itemListElement\":[{\"@type\":\"ListItem\",\"position\":1,\"name\":\"Startseite\",\"item\":\"https:\\\/\\\/fiege-electronic.com\\\/fr\\\/\"},{\"@type\":\"ListItem\",\"position\":2,\"name\":\"Partenaires de distribution\"}]},{\"@type\":\"WebSite\",\"@id\":\"https:\\\/\\\/fiege-electronic.com\\\/de\\\/#website\",\"url\":\"https:\\\/\\\/fiege-electronic.com\\\/de\\\/\",\"name\":\"Fiege electronic\",\"description\":\"\",\"potentialAction\":[{\"@type\":\"SearchAction\",\"target\":{\"@type\":\"EntryPoint\",\"urlTemplate\":\"https:\\\/\\\/fiege-electronic.com\\\/de\\\/?s={search_term_string}\"},\"query-input\":{\"@type\":\"PropertyValueSpecification\",\"valueRequired\":true,\"valueName\":\"search_term_string\"}}],\"inLanguage\":\"fr-FR\"}]}<\/script>\n<!-- \/ Yoast SEO plugin. -->","yoast_head_json":{"title":"Distributeur | Fiege electronic","description":"Une qualit\u00e9 de terrain, des interlocuteurs personnels, une fabrication individuelle et une technique innovante - r\u00e9unis sous un m\u00eame toit.","robots":{"index":"index","follow":"follow","max-snippet":"max-snippet:-1","max-image-preview":"max-image-preview:large","max-video-preview":"max-video-preview:-1"},"canonical":"https:\/\/fiege-electronic.com\/fr\/partenaires-de-distribution\/","og_locale":"fr_FR","og_type":"article","og_title":"Distributeur | Fiege electronic","og_description":"Une qualit\u00e9 de terrain, des interlocuteurs personnels, une fabrication individuelle et une technique innovante - r\u00e9unis sous un m\u00eame toit.","og_url":"https:\/\/fiege-electronic.com\/fr\/partenaires-de-distribution\/","og_site_name":"Fiege electronic","article_modified_time":"2025-10-02T12:00:52+00:00","twitter_card":"summary_large_image","schema":{"@context":"https:\/\/schema.org","@graph":[{"@type":"WebPage","@id":"https:\/\/fiege-electronic.com\/fr\/partenaires-de-distribution\/","url":"https:\/\/fiege-electronic.com\/fr\/partenaires-de-distribution\/","name":"Distributeur | Fiege electronic","isPartOf":{"@id":"https:\/\/fiege-electronic.com\/de\/#website"},"datePublished":"2023-04-21T11:34:44+00:00","dateModified":"2025-10-02T12:00:52+00:00","description":"Une qualit\u00e9 de terrain, des interlocuteurs personnels, une fabrication individuelle et une technique innovante - r\u00e9unis sous un m\u00eame toit.","breadcrumb":{"@id":"https:\/\/fiege-electronic.com\/fr\/partenaires-de-distribution\/#breadcrumb"},"inLanguage":"fr-FR","potentialAction":[{"@type":"ReadAction","target":["https:\/\/fiege-electronic.com\/fr\/partenaires-de-distribution\/"]}]},{"@type":"BreadcrumbList","@id":"https:\/\/fiege-electronic.com\/fr\/partenaires-de-distribution\/#breadcrumb","itemListElement":[{"@type":"ListItem","position":1,"name":"Startseite","item":"https:\/\/fiege-electronic.com\/fr\/"},{"@type":"ListItem","position":2,"name":"Partenaires de distribution"}]},{"@type":"WebSite","@id":"https:\/\/fiege-electronic.com\/de\/#website","url":"https:\/\/fiege-electronic.com\/de\/","name":"Fiege electronic","description":"","potentialAction":[{"@type":"SearchAction","target":{"@type":"EntryPoint","urlTemplate":"https:\/\/fiege-electronic.com\/de\/?s={search_term_string}"},"query-input":{"@type":"PropertyValueSpecification","valueRequired":true,"valueName":"search_term_string"}}],"inLanguage":"fr-FR"}]}},"_links":{"self":[{"href":"https:\/\/fiege-electronic.com\/fr\/wp-json\/wp\/v2\/pages\/5270","targetHints":{"allow":["GET"]}}],"collection":[{"href":"https:\/\/fiege-electronic.com\/fr\/wp-json\/wp\/v2\/pages"}],"about":[{"href":"https:\/\/fiege-electronic.com\/fr\/wp-json\/wp\/v2\/types\/page"}],"author":[{"embeddable":true,"href":"https:\/\/fiege-electronic.com\/fr\/wp-json\/wp\/v2\/users\/5"}],"replies":[{"embeddable":true,"href":"https:\/\/fiege-electronic.com\/fr\/wp-json\/wp\/v2\/comments?post=5270"}],"version-history":[{"count":15,"href":"https:\/\/fiege-electronic.com\/fr\/wp-json\/wp\/v2\/pages\/5270\/revisions"}],"predecessor-version":[{"id":6542,"href":"https:\/\/fiege-electronic.com\/fr\/wp-json\/wp\/v2\/pages\/5270\/revisions\/6542"}],"wp:attachment":[{"href":"https:\/\/fiege-electronic.com\/fr\/wp-json\/wp\/v2\/media?parent=5270"}],"curies":[{"name":"wp","href":"https:\/\/api.w.org\/{rel}","templated":true}]}}