{"id":5286,"date":"2019-08-09T03:31:31","date_gmt":"2019-08-09T01:31:31","guid":{"rendered":"https:\/\/fiege-electronic.com\/ueber-fiege\/"},"modified":"2025-11-11T14:33:45","modified_gmt":"2025-11-11T13:33:45","slug":"a-propos-de-fiege","status":"publish","type":"page","link":"https:\/\/fiege-electronic.com\/fr\/a-propos-de-fiege\/","title":{"rendered":"\u00c0 propos de Fiege"},"content":{"rendered":"","protected":false},"excerpt":{"rendered":"","protected":false},"author":5,"featured_media":0,"parent":0,"menu_order":0,"comment_status":"closed","ping_status":"closed","template":"page-aboutfiege.php","meta":{"_acf_changed":false,"footnotes":""},"class_list":["post-5286","page","type-page","status-publish","hentry"],"acf":[],"yoast_head":"<!-- This site is optimized with the Yoast SEO plugin v27.4 - https:\/\/yoast.com\/product\/yoast-seo-wordpress\/ -->\n<title>Fiege electronic - Votre expert en contr\u00f4leurs de canaux chauds<\/title>\n<meta name=\"description\" content=\"D\u00e9veloppement, fabrication et travail sur mesure d&#039;un seul tenant. Des r\u00e9gulateurs de canaux chauds sur mesure, et ce depuis pr\u00e8s de 25 ans.\" \/>\n<meta name=\"robots\" content=\"index, follow, max-snippet:-1, max-image-preview:large, max-video-preview:-1\" \/>\n<link rel=\"canonical\" href=\"https:\/\/fiege-electronic.com\/fr\/a-propos-de-fiege\/\" \/>\n<meta property=\"og:locale\" content=\"fr_FR\" \/>\n<meta property=\"og:type\" content=\"article\" \/>\n<meta property=\"og:title\" content=\"Fiege electronic - Votre expert en contr\u00f4leurs de canaux chauds\" \/>\n<meta property=\"og:description\" content=\"D\u00e9veloppement, fabrication et travail sur mesure d&#039;un seul tenant. Des r\u00e9gulateurs de canaux chauds sur mesure, et ce depuis pr\u00e8s de 25 ans.\" \/>\n<meta property=\"og:url\" content=\"https:\/\/fiege-electronic.com\/fr\/a-propos-de-fiege\/\" \/>\n<meta property=\"og:site_name\" content=\"Fiege electronic\" \/>\n<meta property=\"article:modified_time\" content=\"2025-11-11T13:33:45+00:00\" \/>\n<meta name=\"twitter:card\" content=\"summary_large_image\" \/>\n<script type=\"application\/ld+json\" class=\"yoast-schema-graph\">{\"@context\":\"https:\\\/\\\/schema.org\",\"@graph\":[{\"@type\":\"WebPage\",\"@id\":\"https:\\\/\\\/fiege-electronic.com\\\/fr\\\/a-propos-de-fiege\\\/\",\"url\":\"https:\\\/\\\/fiege-electronic.com\\\/fr\\\/a-propos-de-fiege\\\/\",\"name\":\"Fiege electronic - Votre expert en contr\u00f4leurs de canaux chauds\",\"isPartOf\":{\"@id\":\"https:\\\/\\\/fiege-electronic.com\\\/de\\\/#website\"},\"datePublished\":\"2019-08-09T01:31:31+00:00\",\"dateModified\":\"2025-11-11T13:33:45+00:00\",\"description\":\"D\u00e9veloppement, fabrication et travail sur mesure d'un seul tenant. Des r\u00e9gulateurs de canaux chauds sur mesure, et ce depuis pr\u00e8s de 25 ans.\",\"breadcrumb\":{\"@id\":\"https:\\\/\\\/fiege-electronic.com\\\/fr\\\/a-propos-de-fiege\\\/#breadcrumb\"},\"inLanguage\":\"fr-FR\",\"potentialAction\":[{\"@type\":\"ReadAction\",\"target\":[\"https:\\\/\\\/fiege-electronic.com\\\/fr\\\/a-propos-de-fiege\\\/\"]}]},{\"@type\":\"BreadcrumbList\",\"@id\":\"https:\\\/\\\/fiege-electronic.com\\\/fr\\\/a-propos-de-fiege\\\/#breadcrumb\",\"itemListElement\":[{\"@type\":\"ListItem\",\"position\":1,\"name\":\"Startseite\",\"item\":\"https:\\\/\\\/fiege-electronic.com\\\/fr\\\/\"},{\"@type\":\"ListItem\",\"position\":2,\"name\":\"\u00c0 propos de Fiege\"}]},{\"@type\":\"WebSite\",\"@id\":\"https:\\\/\\\/fiege-electronic.com\\\/de\\\/#website\",\"url\":\"https:\\\/\\\/fiege-electronic.com\\\/de\\\/\",\"name\":\"Fiege electronic\",\"description\":\"\",\"potentialAction\":[{\"@type\":\"SearchAction\",\"target\":{\"@type\":\"EntryPoint\",\"urlTemplate\":\"https:\\\/\\\/fiege-electronic.com\\\/de\\\/?s={search_term_string}\"},\"query-input\":{\"@type\":\"PropertyValueSpecification\",\"valueRequired\":true,\"valueName\":\"search_term_string\"}}],\"inLanguage\":\"fr-FR\"}]}<\/script>\n<!-- \/ Yoast SEO plugin. -->","yoast_head_json":{"title":"Fiege electronic - Votre expert en contr\u00f4leurs de canaux chauds","description":"D\u00e9veloppement, fabrication et travail sur mesure d'un seul tenant. Des r\u00e9gulateurs de canaux chauds sur mesure, et ce depuis pr\u00e8s de 25 ans.","robots":{"index":"index","follow":"follow","max-snippet":"max-snippet:-1","max-image-preview":"max-image-preview:large","max-video-preview":"max-video-preview:-1"},"canonical":"https:\/\/fiege-electronic.com\/fr\/a-propos-de-fiege\/","og_locale":"fr_FR","og_type":"article","og_title":"Fiege electronic - Votre expert en contr\u00f4leurs de canaux chauds","og_description":"D\u00e9veloppement, fabrication et travail sur mesure d'un seul tenant. Des r\u00e9gulateurs de canaux chauds sur mesure, et ce depuis pr\u00e8s de 25 ans.","og_url":"https:\/\/fiege-electronic.com\/fr\/a-propos-de-fiege\/","og_site_name":"Fiege electronic","article_modified_time":"2025-11-11T13:33:45+00:00","twitter_card":"summary_large_image","schema":{"@context":"https:\/\/schema.org","@graph":[{"@type":"WebPage","@id":"https:\/\/fiege-electronic.com\/fr\/a-propos-de-fiege\/","url":"https:\/\/fiege-electronic.com\/fr\/a-propos-de-fiege\/","name":"Fiege electronic - Votre expert en contr\u00f4leurs de canaux chauds","isPartOf":{"@id":"https:\/\/fiege-electronic.com\/de\/#website"},"datePublished":"2019-08-09T01:31:31+00:00","dateModified":"2025-11-11T13:33:45+00:00","description":"D\u00e9veloppement, fabrication et travail sur mesure d'un seul tenant. Des r\u00e9gulateurs de canaux chauds sur mesure, et ce depuis pr\u00e8s de 25 ans.","breadcrumb":{"@id":"https:\/\/fiege-electronic.com\/fr\/a-propos-de-fiege\/#breadcrumb"},"inLanguage":"fr-FR","potentialAction":[{"@type":"ReadAction","target":["https:\/\/fiege-electronic.com\/fr\/a-propos-de-fiege\/"]}]},{"@type":"BreadcrumbList","@id":"https:\/\/fiege-electronic.com\/fr\/a-propos-de-fiege\/#breadcrumb","itemListElement":[{"@type":"ListItem","position":1,"name":"Startseite","item":"https:\/\/fiege-electronic.com\/fr\/"},{"@type":"ListItem","position":2,"name":"\u00c0 propos de Fiege"}]},{"@type":"WebSite","@id":"https:\/\/fiege-electronic.com\/de\/#website","url":"https:\/\/fiege-electronic.com\/de\/","name":"Fiege electronic","description":"","potentialAction":[{"@type":"SearchAction","target":{"@type":"EntryPoint","urlTemplate":"https:\/\/fiege-electronic.com\/de\/?s={search_term_string}"},"query-input":{"@type":"PropertyValueSpecification","valueRequired":true,"valueName":"search_term_string"}}],"inLanguage":"fr-FR"}]}},"_links":{"self":[{"href":"https:\/\/fiege-electronic.com\/fr\/wp-json\/wp\/v2\/pages\/5286","targetHints":{"allow":["GET"]}}],"collection":[{"href":"https:\/\/fiege-electronic.com\/fr\/wp-json\/wp\/v2\/pages"}],"about":[{"href":"https:\/\/fiege-electronic.com\/fr\/wp-json\/wp\/v2\/types\/page"}],"author":[{"embeddable":true,"href":"https:\/\/fiege-electronic.com\/fr\/wp-json\/wp\/v2\/users\/5"}],"replies":[{"embeddable":true,"href":"https:\/\/fiege-electronic.com\/fr\/wp-json\/wp\/v2\/comments?post=5286"}],"version-history":[{"count":7,"href":"https:\/\/fiege-electronic.com\/fr\/wp-json\/wp\/v2\/pages\/5286\/revisions"}],"predecessor-version":[{"id":6601,"href":"https:\/\/fiege-electronic.com\/fr\/wp-json\/wp\/v2\/pages\/5286\/revisions\/6601"}],"wp:attachment":[{"href":"https:\/\/fiege-electronic.com\/fr\/wp-json\/wp\/v2\/media?parent=5286"}],"curies":[{"name":"wp","href":"https:\/\/api.w.org\/{rel}","templated":true}]}}