{"id":5289,"date":"2019-08-09T14:30:47","date_gmt":"2019-08-09T12:30:47","guid":{"rendered":"https:\/\/fiege-electronic.com\/ueber-fiege\/wir-ueber-uns\/"},"modified":"2025-11-11T14:34:08","modified_gmt":"2025-11-11T13:34:08","slug":"a-propos-de-nous","status":"publish","type":"page","link":"https:\/\/fiege-electronic.com\/fr\/a-propos-de-fiege\/a-propos-de-nous\/","title":{"rendered":"\u00c0 propos de nous"},"content":{"rendered":"","protected":false},"excerpt":{"rendered":"","protected":false},"author":5,"featured_media":0,"parent":5286,"menu_order":0,"comment_status":"closed","ping_status":"closed","template":"page-weaboutus.php","meta":{"_acf_changed":false,"footnotes":""},"class_list":["post-5289","page","type-page","status-publish","hentry"],"acf":[],"yoast_head":"<!-- This site is optimized with the Yoast SEO plugin v27.6 - https:\/\/yoast.com\/product\/yoast-seo-wordpress\/ -->\n<title>Appareils de r\u00e9gulation - Service haut de gamme inclus | Fiege electronic<\/title>\n<meta name=\"description\" content=\"Une qualit\u00e9 de terrain, des interlocuteurs personnels, une fabrication individuelle et une technique innovante - r\u00e9unis sous un m\u00eame toit.\" \/>\n<meta name=\"robots\" content=\"index, follow, max-snippet:-1, max-image-preview:large, max-video-preview:-1\" \/>\n<link rel=\"canonical\" href=\"https:\/\/fiege-electronic.com\/fr\/a-propos-de-fiege\/a-propos-de-nous\/\" \/>\n<meta property=\"og:locale\" content=\"fr_FR\" \/>\n<meta property=\"og:type\" content=\"article\" \/>\n<meta property=\"og:title\" content=\"Appareils de r\u00e9gulation - Service haut de gamme inclus | Fiege electronic\" \/>\n<meta property=\"og:description\" content=\"Une qualit\u00e9 de terrain, des interlocuteurs personnels, une fabrication individuelle et une technique innovante - r\u00e9unis sous un m\u00eame toit.\" \/>\n<meta property=\"og:url\" content=\"https:\/\/fiege-electronic.com\/fr\/a-propos-de-fiege\/a-propos-de-nous\/\" \/>\n<meta property=\"og:site_name\" content=\"Fiege electronic\" \/>\n<meta property=\"article:modified_time\" content=\"2025-11-11T13:34:08+00:00\" \/>\n<meta name=\"twitter:card\" content=\"summary_large_image\" \/>\n<script type=\"application\/ld+json\" class=\"yoast-schema-graph\">{\"@context\":\"https:\\\/\\\/schema.org\",\"@graph\":[{\"@type\":\"WebPage\",\"@id\":\"https:\\\/\\\/fiege-electronic.com\\\/fr\\\/a-propos-de-fiege\\\/a-propos-de-nous\\\/\",\"url\":\"https:\\\/\\\/fiege-electronic.com\\\/fr\\\/a-propos-de-fiege\\\/a-propos-de-nous\\\/\",\"name\":\"Appareils de r\u00e9gulation - Service haut de gamme inclus | Fiege electronic\",\"isPartOf\":{\"@id\":\"https:\\\/\\\/fiege-electronic.com\\\/de\\\/#website\"},\"datePublished\":\"2019-08-09T12:30:47+00:00\",\"dateModified\":\"2025-11-11T13:34:08+00:00\",\"description\":\"Une qualit\u00e9 de terrain, des interlocuteurs personnels, une fabrication individuelle et une technique innovante - r\u00e9unis sous un m\u00eame toit.\",\"breadcrumb\":{\"@id\":\"https:\\\/\\\/fiege-electronic.com\\\/fr\\\/a-propos-de-fiege\\\/a-propos-de-nous\\\/#breadcrumb\"},\"inLanguage\":\"fr-FR\",\"potentialAction\":[{\"@type\":\"ReadAction\",\"target\":[\"https:\\\/\\\/fiege-electronic.com\\\/fr\\\/a-propos-de-fiege\\\/a-propos-de-nous\\\/\"]}]},{\"@type\":\"BreadcrumbList\",\"@id\":\"https:\\\/\\\/fiege-electronic.com\\\/fr\\\/a-propos-de-fiege\\\/a-propos-de-nous\\\/#breadcrumb\",\"itemListElement\":[{\"@type\":\"ListItem\",\"position\":1,\"name\":\"Startseite\",\"item\":\"https:\\\/\\\/fiege-electronic.com\\\/fr\\\/\"},{\"@type\":\"ListItem\",\"position\":2,\"name\":\"\u00c0 propos de Fiege\",\"item\":\"https:\\\/\\\/fiege-electronic.com\\\/fr\\\/a-propos-de-fiege\\\/\"},{\"@type\":\"ListItem\",\"position\":3,\"name\":\"\u00c0 propos de nous\"}]},{\"@type\":\"WebSite\",\"@id\":\"https:\\\/\\\/fiege-electronic.com\\\/de\\\/#website\",\"url\":\"https:\\\/\\\/fiege-electronic.com\\\/de\\\/\",\"name\":\"Fiege electronic\",\"description\":\"\",\"potentialAction\":[{\"@type\":\"SearchAction\",\"target\":{\"@type\":\"EntryPoint\",\"urlTemplate\":\"https:\\\/\\\/fiege-electronic.com\\\/de\\\/?s={search_term_string}\"},\"query-input\":{\"@type\":\"PropertyValueSpecification\",\"valueRequired\":true,\"valueName\":\"search_term_string\"}}],\"inLanguage\":\"fr-FR\"}]}<\/script>\n<!-- \/ Yoast SEO plugin. -->","yoast_head_json":{"title":"Appareils de r\u00e9gulation - Service haut de gamme inclus | Fiege electronic","description":"Une qualit\u00e9 de terrain, des interlocuteurs personnels, une fabrication individuelle et une technique innovante - r\u00e9unis sous un m\u00eame toit.","robots":{"index":"index","follow":"follow","max-snippet":"max-snippet:-1","max-image-preview":"max-image-preview:large","max-video-preview":"max-video-preview:-1"},"canonical":"https:\/\/fiege-electronic.com\/fr\/a-propos-de-fiege\/a-propos-de-nous\/","og_locale":"fr_FR","og_type":"article","og_title":"Appareils de r\u00e9gulation - Service haut de gamme inclus | Fiege electronic","og_description":"Une qualit\u00e9 de terrain, des interlocuteurs personnels, une fabrication individuelle et une technique innovante - r\u00e9unis sous un m\u00eame toit.","og_url":"https:\/\/fiege-electronic.com\/fr\/a-propos-de-fiege\/a-propos-de-nous\/","og_site_name":"Fiege electronic","article_modified_time":"2025-11-11T13:34:08+00:00","twitter_card":"summary_large_image","schema":{"@context":"https:\/\/schema.org","@graph":[{"@type":"WebPage","@id":"https:\/\/fiege-electronic.com\/fr\/a-propos-de-fiege\/a-propos-de-nous\/","url":"https:\/\/fiege-electronic.com\/fr\/a-propos-de-fiege\/a-propos-de-nous\/","name":"Appareils de r\u00e9gulation - Service haut de gamme inclus | Fiege electronic","isPartOf":{"@id":"https:\/\/fiege-electronic.com\/de\/#website"},"datePublished":"2019-08-09T12:30:47+00:00","dateModified":"2025-11-11T13:34:08+00:00","description":"Une qualit\u00e9 de terrain, des interlocuteurs personnels, une fabrication individuelle et une technique innovante - r\u00e9unis sous un m\u00eame toit.","breadcrumb":{"@id":"https:\/\/fiege-electronic.com\/fr\/a-propos-de-fiege\/a-propos-de-nous\/#breadcrumb"},"inLanguage":"fr-FR","potentialAction":[{"@type":"ReadAction","target":["https:\/\/fiege-electronic.com\/fr\/a-propos-de-fiege\/a-propos-de-nous\/"]}]},{"@type":"BreadcrumbList","@id":"https:\/\/fiege-electronic.com\/fr\/a-propos-de-fiege\/a-propos-de-nous\/#breadcrumb","itemListElement":[{"@type":"ListItem","position":1,"name":"Startseite","item":"https:\/\/fiege-electronic.com\/fr\/"},{"@type":"ListItem","position":2,"name":"\u00c0 propos de Fiege","item":"https:\/\/fiege-electronic.com\/fr\/a-propos-de-fiege\/"},{"@type":"ListItem","position":3,"name":"\u00c0 propos de nous"}]},{"@type":"WebSite","@id":"https:\/\/fiege-electronic.com\/de\/#website","url":"https:\/\/fiege-electronic.com\/de\/","name":"Fiege electronic","description":"","potentialAction":[{"@type":"SearchAction","target":{"@type":"EntryPoint","urlTemplate":"https:\/\/fiege-electronic.com\/de\/?s={search_term_string}"},"query-input":{"@type":"PropertyValueSpecification","valueRequired":true,"valueName":"search_term_string"}}],"inLanguage":"fr-FR"}]}},"_links":{"self":[{"href":"https:\/\/fiege-electronic.com\/fr\/wp-json\/wp\/v2\/pages\/5289","targetHints":{"allow":["GET"]}}],"collection":[{"href":"https:\/\/fiege-electronic.com\/fr\/wp-json\/wp\/v2\/pages"}],"about":[{"href":"https:\/\/fiege-electronic.com\/fr\/wp-json\/wp\/v2\/types\/page"}],"author":[{"embeddable":true,"href":"https:\/\/fiege-electronic.com\/fr\/wp-json\/wp\/v2\/users\/5"}],"replies":[{"embeddable":true,"href":"https:\/\/fiege-electronic.com\/fr\/wp-json\/wp\/v2\/comments?post=5289"}],"version-history":[{"count":4,"href":"https:\/\/fiege-electronic.com\/fr\/wp-json\/wp\/v2\/pages\/5289\/revisions"}],"predecessor-version":[{"id":6602,"href":"https:\/\/fiege-electronic.com\/fr\/wp-json\/wp\/v2\/pages\/5289\/revisions\/6602"}],"up":[{"embeddable":true,"href":"https:\/\/fiege-electronic.com\/fr\/wp-json\/wp\/v2\/pages\/5286"}],"wp:attachment":[{"href":"https:\/\/fiege-electronic.com\/fr\/wp-json\/wp\/v2\/media?parent=5289"}],"curies":[{"name":"wp","href":"https:\/\/api.w.org\/{rel}","templated":true}]}}