{"id":5299,"date":"2019-08-09T14:31:07","date_gmt":"2019-08-09T12:31:07","guid":{"rendered":"https:\/\/fiege-electronic.com\/ueber-fiege\/historie\/"},"modified":"2025-11-11T14:34:37","modified_gmt":"2025-11-11T13:34:37","slug":"historie","status":"publish","type":"page","link":"https:\/\/fiege-electronic.com\/fr\/a-propos-de-fiege\/historie\/","title":{"rendered":"Historique"},"content":{"rendered":"","protected":false},"excerpt":{"rendered":"","protected":false},"author":5,"featured_media":0,"parent":5286,"menu_order":0,"comment_status":"closed","ping_status":"closed","template":"page-history.php","meta":{"_acf_changed":false,"footnotes":""},"class_list":["post-5299","page","type-page","status-publish","hentry"],"acf":[],"yoast_head":"<!-- This site is optimized with the Yoast SEO plugin v27.3 - https:\/\/yoast.com\/product\/yoast-seo-wordpress\/ -->\n<title>Fiege electronic - Les grandes \u00e9tapes de notre technologie de contr\u00f4le des canaux chauds<\/title>\n<meta name=\"description\" content=\"Pr\u00e8s d&#039;un quart de si\u00e8cle s&#039;est \u00e9coul\u00e9 - plein d&#039;id\u00e9es, d&#039;esquisses, de constructions, de discussions et de technologie de pointe.\" \/>\n<meta name=\"robots\" content=\"index, follow, max-snippet:-1, max-image-preview:large, max-video-preview:-1\" \/>\n<link rel=\"canonical\" href=\"https:\/\/fiege-electronic.com\/fr\/a-propos-de-fiege\/historie\/\" \/>\n<meta property=\"og:locale\" content=\"fr_FR\" \/>\n<meta property=\"og:type\" content=\"article\" \/>\n<meta property=\"og:title\" content=\"Fiege electronic - Les grandes \u00e9tapes de notre technologie de contr\u00f4le des canaux chauds\" \/>\n<meta property=\"og:description\" content=\"Pr\u00e8s d&#039;un quart de si\u00e8cle s&#039;est \u00e9coul\u00e9 - plein d&#039;id\u00e9es, d&#039;esquisses, de constructions, de discussions et de technologie de pointe.\" \/>\n<meta property=\"og:url\" content=\"https:\/\/fiege-electronic.com\/fr\/a-propos-de-fiege\/historie\/\" \/>\n<meta property=\"og:site_name\" content=\"Fiege electronic\" \/>\n<meta property=\"article:modified_time\" content=\"2025-11-11T13:34:37+00:00\" \/>\n<meta name=\"twitter:card\" content=\"summary_large_image\" \/>\n<script type=\"application\/ld+json\" class=\"yoast-schema-graph\">{\"@context\":\"https:\\\/\\\/schema.org\",\"@graph\":[{\"@type\":\"WebPage\",\"@id\":\"https:\\\/\\\/fiege-electronic.com\\\/fr\\\/a-propos-de-fiege\\\/historie\\\/\",\"url\":\"https:\\\/\\\/fiege-electronic.com\\\/fr\\\/a-propos-de-fiege\\\/historie\\\/\",\"name\":\"Fiege electronic - Les grandes \u00e9tapes de notre technologie de contr\u00f4le des canaux chauds\",\"isPartOf\":{\"@id\":\"https:\\\/\\\/fiege-electronic.com\\\/de\\\/#website\"},\"datePublished\":\"2019-08-09T12:31:07+00:00\",\"dateModified\":\"2025-11-11T13:34:37+00:00\",\"description\":\"Pr\u00e8s d'un quart de si\u00e8cle s'est \u00e9coul\u00e9 - plein d'id\u00e9es, d'esquisses, de constructions, de discussions et de technologie de pointe.\",\"breadcrumb\":{\"@id\":\"https:\\\/\\\/fiege-electronic.com\\\/fr\\\/a-propos-de-fiege\\\/historie\\\/#breadcrumb\"},\"inLanguage\":\"fr-FR\",\"potentialAction\":[{\"@type\":\"ReadAction\",\"target\":[\"https:\\\/\\\/fiege-electronic.com\\\/fr\\\/a-propos-de-fiege\\\/historie\\\/\"]}]},{\"@type\":\"BreadcrumbList\",\"@id\":\"https:\\\/\\\/fiege-electronic.com\\\/fr\\\/a-propos-de-fiege\\\/historie\\\/#breadcrumb\",\"itemListElement\":[{\"@type\":\"ListItem\",\"position\":1,\"name\":\"Startseite\",\"item\":\"https:\\\/\\\/fiege-electronic.com\\\/fr\\\/\"},{\"@type\":\"ListItem\",\"position\":2,\"name\":\"\u00c0 propos de Fiege\",\"item\":\"https:\\\/\\\/fiege-electronic.com\\\/fr\\\/a-propos-de-fiege\\\/\"},{\"@type\":\"ListItem\",\"position\":3,\"name\":\"Historique\"}]},{\"@type\":\"WebSite\",\"@id\":\"https:\\\/\\\/fiege-electronic.com\\\/de\\\/#website\",\"url\":\"https:\\\/\\\/fiege-electronic.com\\\/de\\\/\",\"name\":\"Fiege electronic\",\"description\":\"\",\"potentialAction\":[{\"@type\":\"SearchAction\",\"target\":{\"@type\":\"EntryPoint\",\"urlTemplate\":\"https:\\\/\\\/fiege-electronic.com\\\/de\\\/?s={search_term_string}\"},\"query-input\":{\"@type\":\"PropertyValueSpecification\",\"valueRequired\":true,\"valueName\":\"search_term_string\"}}],\"inLanguage\":\"fr-FR\"}]}<\/script>\n<!-- \/ Yoast SEO plugin. -->","yoast_head_json":{"title":"Fiege electronic - Les grandes \u00e9tapes de notre technologie de contr\u00f4le des canaux chauds","description":"Pr\u00e8s d'un quart de si\u00e8cle s'est \u00e9coul\u00e9 - plein d'id\u00e9es, d'esquisses, de constructions, de discussions et de technologie de pointe.","robots":{"index":"index","follow":"follow","max-snippet":"max-snippet:-1","max-image-preview":"max-image-preview:large","max-video-preview":"max-video-preview:-1"},"canonical":"https:\/\/fiege-electronic.com\/fr\/a-propos-de-fiege\/historie\/","og_locale":"fr_FR","og_type":"article","og_title":"Fiege electronic - Les grandes \u00e9tapes de notre technologie de contr\u00f4le des canaux chauds","og_description":"Pr\u00e8s d'un quart de si\u00e8cle s'est \u00e9coul\u00e9 - plein d'id\u00e9es, d'esquisses, de constructions, de discussions et de technologie de pointe.","og_url":"https:\/\/fiege-electronic.com\/fr\/a-propos-de-fiege\/historie\/","og_site_name":"Fiege electronic","article_modified_time":"2025-11-11T13:34:37+00:00","twitter_card":"summary_large_image","schema":{"@context":"https:\/\/schema.org","@graph":[{"@type":"WebPage","@id":"https:\/\/fiege-electronic.com\/fr\/a-propos-de-fiege\/historie\/","url":"https:\/\/fiege-electronic.com\/fr\/a-propos-de-fiege\/historie\/","name":"Fiege electronic - Les grandes \u00e9tapes de notre technologie de contr\u00f4le des canaux chauds","isPartOf":{"@id":"https:\/\/fiege-electronic.com\/de\/#website"},"datePublished":"2019-08-09T12:31:07+00:00","dateModified":"2025-11-11T13:34:37+00:00","description":"Pr\u00e8s d'un quart de si\u00e8cle s'est \u00e9coul\u00e9 - plein d'id\u00e9es, d'esquisses, de constructions, de discussions et de technologie de pointe.","breadcrumb":{"@id":"https:\/\/fiege-electronic.com\/fr\/a-propos-de-fiege\/historie\/#breadcrumb"},"inLanguage":"fr-FR","potentialAction":[{"@type":"ReadAction","target":["https:\/\/fiege-electronic.com\/fr\/a-propos-de-fiege\/historie\/"]}]},{"@type":"BreadcrumbList","@id":"https:\/\/fiege-electronic.com\/fr\/a-propos-de-fiege\/historie\/#breadcrumb","itemListElement":[{"@type":"ListItem","position":1,"name":"Startseite","item":"https:\/\/fiege-electronic.com\/fr\/"},{"@type":"ListItem","position":2,"name":"\u00c0 propos de Fiege","item":"https:\/\/fiege-electronic.com\/fr\/a-propos-de-fiege\/"},{"@type":"ListItem","position":3,"name":"Historique"}]},{"@type":"WebSite","@id":"https:\/\/fiege-electronic.com\/de\/#website","url":"https:\/\/fiege-electronic.com\/de\/","name":"Fiege electronic","description":"","potentialAction":[{"@type":"SearchAction","target":{"@type":"EntryPoint","urlTemplate":"https:\/\/fiege-electronic.com\/de\/?s={search_term_string}"},"query-input":{"@type":"PropertyValueSpecification","valueRequired":true,"valueName":"search_term_string"}}],"inLanguage":"fr-FR"}]}},"_links":{"self":[{"href":"https:\/\/fiege-electronic.com\/fr\/wp-json\/wp\/v2\/pages\/5299","targetHints":{"allow":["GET"]}}],"collection":[{"href":"https:\/\/fiege-electronic.com\/fr\/wp-json\/wp\/v2\/pages"}],"about":[{"href":"https:\/\/fiege-electronic.com\/fr\/wp-json\/wp\/v2\/types\/page"}],"author":[{"embeddable":true,"href":"https:\/\/fiege-electronic.com\/fr\/wp-json\/wp\/v2\/users\/5"}],"replies":[{"embeddable":true,"href":"https:\/\/fiege-electronic.com\/fr\/wp-json\/wp\/v2\/comments?post=5299"}],"version-history":[{"count":5,"href":"https:\/\/fiege-electronic.com\/fr\/wp-json\/wp\/v2\/pages\/5299\/revisions"}],"predecessor-version":[{"id":6603,"href":"https:\/\/fiege-electronic.com\/fr\/wp-json\/wp\/v2\/pages\/5299\/revisions\/6603"}],"up":[{"embeddable":true,"href":"https:\/\/fiege-electronic.com\/fr\/wp-json\/wp\/v2\/pages\/5286"}],"wp:attachment":[{"href":"https:\/\/fiege-electronic.com\/fr\/wp-json\/wp\/v2\/media?parent=5299"}],"curies":[{"name":"wp","href":"https:\/\/api.w.org\/{rel}","templated":true}]}}