{"id":5339,"date":"2019-08-09T14:37:12","date_gmt":"2019-08-09T12:37:12","guid":{"rendered":"https:\/\/fiege-electronic.com\/zubehor-es__trashed\/werkzeuganschlusskabel\/"},"modified":"2024-03-25T19:53:25","modified_gmt":"2024-03-25T18:53:25","slug":"cable-de-connexion-du-moule","status":"publish","type":"page","link":"https:\/\/fiege-electronic.com\/fr\/produits\/accessoires\/cable-de-connexion-du-moule\/","title":{"rendered":"C\u00e2ble de connexion du moule"},"content":{"rendered":"","protected":false},"excerpt":{"rendered":"","protected":false},"author":5,"featured_media":0,"parent":4946,"menu_order":0,"comment_status":"closed","ping_status":"closed","template":"page-productdetail.php","meta":{"_acf_changed":false,"footnotes":""},"class_list":["post-5339","page","type-page","status-publish","hentry"],"acf":[],"yoast_head":"<!-- This site is optimized with the Yoast SEO plugin v27.6 - https:\/\/yoast.com\/product\/yoast-seo-wordpress\/ -->\n<title>C\u00e2bles de raccordement d&#039;outils - Robustes et durables | Fiege electronic<\/title>\n<meta name=\"description\" content=\"C\u00e2bles de raccordement d&#039;outils - sp\u00e9cialement con\u00e7us pour les applications industrielles. Plus de 200 normes diff\u00e9rentes disponibles, fabrication sur mesure. Voir l&#039;assortiment maintenant !\" \/>\n<meta name=\"robots\" content=\"index, follow, max-snippet:-1, max-image-preview:large, max-video-preview:-1\" \/>\n<link rel=\"canonical\" href=\"https:\/\/fiege-electronic.com\/fr\/produits\/accessoires\/cable-de-connexion-du-moule\/\" \/>\n<meta property=\"og:locale\" content=\"fr_FR\" \/>\n<meta property=\"og:type\" content=\"article\" \/>\n<meta property=\"og:title\" content=\"C\u00e2bles de raccordement d&#039;outils - Robustes et durables | Fiege electronic\" \/>\n<meta property=\"og:description\" content=\"C\u00e2bles de raccordement d&#039;outils - sp\u00e9cialement con\u00e7us pour les applications industrielles. Plus de 200 normes diff\u00e9rentes disponibles, fabrication sur mesure. Voir l&#039;assortiment maintenant !\" \/>\n<meta property=\"og:url\" content=\"https:\/\/fiege-electronic.com\/fr\/produits\/accessoires\/cable-de-connexion-du-moule\/\" \/>\n<meta property=\"og:site_name\" content=\"Fiege electronic\" \/>\n<meta property=\"article:modified_time\" content=\"2024-03-25T18:53:25+00:00\" \/>\n<meta name=\"twitter:card\" content=\"summary_large_image\" \/>\n<script type=\"application\/ld+json\" class=\"yoast-schema-graph\">{\"@context\":\"https:\\\/\\\/schema.org\",\"@graph\":[{\"@type\":\"WebPage\",\"@id\":\"https:\\\/\\\/fiege-electronic.com\\\/fr\\\/produits\\\/accessoires\\\/cable-de-connexion-du-moule\\\/\",\"url\":\"https:\\\/\\\/fiege-electronic.com\\\/fr\\\/produits\\\/accessoires\\\/cable-de-connexion-du-moule\\\/\",\"name\":\"C\u00e2bles de raccordement d'outils - Robustes et durables | Fiege electronic\",\"isPartOf\":{\"@id\":\"https:\\\/\\\/fiege-electronic.com\\\/de\\\/#website\"},\"datePublished\":\"2019-08-09T12:37:12+00:00\",\"dateModified\":\"2024-03-25T18:53:25+00:00\",\"description\":\"C\u00e2bles de raccordement d'outils - sp\u00e9cialement con\u00e7us pour les applications industrielles. Plus de 200 normes diff\u00e9rentes disponibles, fabrication sur mesure. Voir l'assortiment maintenant !\",\"breadcrumb\":{\"@id\":\"https:\\\/\\\/fiege-electronic.com\\\/fr\\\/produits\\\/accessoires\\\/cable-de-connexion-du-moule\\\/#breadcrumb\"},\"inLanguage\":\"fr-FR\",\"potentialAction\":[{\"@type\":\"ReadAction\",\"target\":[\"https:\\\/\\\/fiege-electronic.com\\\/fr\\\/produits\\\/accessoires\\\/cable-de-connexion-du-moule\\\/\"]}]},{\"@type\":\"BreadcrumbList\",\"@id\":\"https:\\\/\\\/fiege-electronic.com\\\/fr\\\/produits\\\/accessoires\\\/cable-de-connexion-du-moule\\\/#breadcrumb\",\"itemListElement\":[{\"@type\":\"ListItem\",\"position\":1,\"name\":\"Startseite\",\"item\":\"https:\\\/\\\/fiege-electronic.com\\\/fr\\\/\"},{\"@type\":\"ListItem\",\"position\":2,\"name\":\"Produits\",\"item\":\"https:\\\/\\\/fiege-electronic.com\\\/de\\\/produkte\\\/\"},{\"@type\":\"ListItem\",\"position\":3,\"name\":\"Accessoires\",\"item\":\"https:\\\/\\\/fiege-electronic.com\\\/de\\\/produkte\\\/zubehoer\\\/\"},{\"@type\":\"ListItem\",\"position\":4,\"name\":\"C\u00e2ble de connexion du moule\"}]},{\"@type\":\"WebSite\",\"@id\":\"https:\\\/\\\/fiege-electronic.com\\\/de\\\/#website\",\"url\":\"https:\\\/\\\/fiege-electronic.com\\\/de\\\/\",\"name\":\"Fiege electronic\",\"description\":\"\",\"potentialAction\":[{\"@type\":\"SearchAction\",\"target\":{\"@type\":\"EntryPoint\",\"urlTemplate\":\"https:\\\/\\\/fiege-electronic.com\\\/de\\\/?s={search_term_string}\"},\"query-input\":{\"@type\":\"PropertyValueSpecification\",\"valueRequired\":true,\"valueName\":\"search_term_string\"}}],\"inLanguage\":\"fr-FR\"}]}<\/script>\n<!-- \/ Yoast SEO plugin. -->","yoast_head_json":{"title":"C\u00e2bles de raccordement d'outils - Robustes et durables | Fiege electronic","description":"C\u00e2bles de raccordement d'outils - sp\u00e9cialement con\u00e7us pour les applications industrielles. Plus de 200 normes diff\u00e9rentes disponibles, fabrication sur mesure. Voir l'assortiment maintenant !","robots":{"index":"index","follow":"follow","max-snippet":"max-snippet:-1","max-image-preview":"max-image-preview:large","max-video-preview":"max-video-preview:-1"},"canonical":"https:\/\/fiege-electronic.com\/fr\/produits\/accessoires\/cable-de-connexion-du-moule\/","og_locale":"fr_FR","og_type":"article","og_title":"C\u00e2bles de raccordement d'outils - Robustes et durables | Fiege electronic","og_description":"C\u00e2bles de raccordement d'outils - sp\u00e9cialement con\u00e7us pour les applications industrielles. Plus de 200 normes diff\u00e9rentes disponibles, fabrication sur mesure. Voir l'assortiment maintenant !","og_url":"https:\/\/fiege-electronic.com\/fr\/produits\/accessoires\/cable-de-connexion-du-moule\/","og_site_name":"Fiege electronic","article_modified_time":"2024-03-25T18:53:25+00:00","twitter_card":"summary_large_image","schema":{"@context":"https:\/\/schema.org","@graph":[{"@type":"WebPage","@id":"https:\/\/fiege-electronic.com\/fr\/produits\/accessoires\/cable-de-connexion-du-moule\/","url":"https:\/\/fiege-electronic.com\/fr\/produits\/accessoires\/cable-de-connexion-du-moule\/","name":"C\u00e2bles de raccordement d'outils - Robustes et durables | Fiege electronic","isPartOf":{"@id":"https:\/\/fiege-electronic.com\/de\/#website"},"datePublished":"2019-08-09T12:37:12+00:00","dateModified":"2024-03-25T18:53:25+00:00","description":"C\u00e2bles de raccordement d'outils - sp\u00e9cialement con\u00e7us pour les applications industrielles. Plus de 200 normes diff\u00e9rentes disponibles, fabrication sur mesure. Voir l'assortiment maintenant !","breadcrumb":{"@id":"https:\/\/fiege-electronic.com\/fr\/produits\/accessoires\/cable-de-connexion-du-moule\/#breadcrumb"},"inLanguage":"fr-FR","potentialAction":[{"@type":"ReadAction","target":["https:\/\/fiege-electronic.com\/fr\/produits\/accessoires\/cable-de-connexion-du-moule\/"]}]},{"@type":"BreadcrumbList","@id":"https:\/\/fiege-electronic.com\/fr\/produits\/accessoires\/cable-de-connexion-du-moule\/#breadcrumb","itemListElement":[{"@type":"ListItem","position":1,"name":"Startseite","item":"https:\/\/fiege-electronic.com\/fr\/"},{"@type":"ListItem","position":2,"name":"Produits","item":"https:\/\/fiege-electronic.com\/de\/produkte\/"},{"@type":"ListItem","position":3,"name":"Accessoires","item":"https:\/\/fiege-electronic.com\/de\/produkte\/zubehoer\/"},{"@type":"ListItem","position":4,"name":"C\u00e2ble de connexion du moule"}]},{"@type":"WebSite","@id":"https:\/\/fiege-electronic.com\/de\/#website","url":"https:\/\/fiege-electronic.com\/de\/","name":"Fiege electronic","description":"","potentialAction":[{"@type":"SearchAction","target":{"@type":"EntryPoint","urlTemplate":"https:\/\/fiege-electronic.com\/de\/?s={search_term_string}"},"query-input":{"@type":"PropertyValueSpecification","valueRequired":true,"valueName":"search_term_string"}}],"inLanguage":"fr-FR"}]}},"_links":{"self":[{"href":"https:\/\/fiege-electronic.com\/fr\/wp-json\/wp\/v2\/pages\/5339","targetHints":{"allow":["GET"]}}],"collection":[{"href":"https:\/\/fiege-electronic.com\/fr\/wp-json\/wp\/v2\/pages"}],"about":[{"href":"https:\/\/fiege-electronic.com\/fr\/wp-json\/wp\/v2\/types\/page"}],"author":[{"embeddable":true,"href":"https:\/\/fiege-electronic.com\/fr\/wp-json\/wp\/v2\/users\/5"}],"replies":[{"embeddable":true,"href":"https:\/\/fiege-electronic.com\/fr\/wp-json\/wp\/v2\/comments?post=5339"}],"version-history":[{"count":12,"href":"https:\/\/fiege-electronic.com\/fr\/wp-json\/wp\/v2\/pages\/5339\/revisions"}],"predecessor-version":[{"id":6181,"href":"https:\/\/fiege-electronic.com\/fr\/wp-json\/wp\/v2\/pages\/5339\/revisions\/6181"}],"up":[{"embeddable":true,"href":"https:\/\/fiege-electronic.com\/fr\/wp-json\/wp\/v2\/pages\/4946"}],"wp:attachment":[{"href":"https:\/\/fiege-electronic.com\/fr\/wp-json\/wp\/v2\/media?parent=5339"}],"curies":[{"name":"wp","href":"https:\/\/api.w.org\/{rel}","templated":true}]}}