{"id":5401,"date":"2019-08-09T14:35:47","date_gmt":"2019-08-09T12:35:47","guid":{"rendered":"https:\/\/fiege-electronic.com\/jetmaster-tp\/"},"modified":"2025-10-08T10:52:56","modified_gmt":"2025-10-08T08:52:56","slug":"jetmaster-tp","status":"publish","type":"page","link":"https:\/\/fiege-electronic.com\/fr\/produits\/gammes-tp-et-vario\/jetmaster-tp\/","title":{"rendered":"JETmaster TP"},"content":{"rendered":"","protected":false},"excerpt":{"rendered":"","protected":false},"author":5,"featured_media":0,"parent":5423,"menu_order":0,"comment_status":"closed","ping_status":"closed","template":"page-productdetail.php","meta":{"_acf_changed":false,"footnotes":""},"class_list":["post-5401","page","type-page","status-publish","hentry"],"acf":[],"yoast_head":"<!-- This site is optimized with the Yoast SEO plugin v27.3 - https:\/\/yoast.com\/product\/yoast-seo-wordpress\/ -->\n<title>JETmaster TP - R\u00e9gulateur de canaux chauds pour 24 \u00e0 240 zones<\/title>\n<meta name=\"description\" content=\"Quand les performances peuvent \u00eatre un peu plus \u00e9lev\u00e9es. Jusqu&#039;\u00e0 240 zones sur quatre roues avec un confort d&#039;utilisation maximal. Durablement sans entretien et sans usure !\" \/>\n<meta name=\"robots\" content=\"index, follow, max-snippet:-1, max-image-preview:large, max-video-preview:-1\" \/>\n<link rel=\"canonical\" href=\"https:\/\/fiege-electronic.com\/fr\/produits\/gammes-tp-et-vario\/jetmaster-tp\/\" \/>\n<meta property=\"og:locale\" content=\"fr_FR\" \/>\n<meta property=\"og:type\" content=\"article\" \/>\n<meta property=\"og:title\" content=\"JETmaster TP - R\u00e9gulateur de canaux chauds pour 24 \u00e0 240 zones\" \/>\n<meta property=\"og:description\" content=\"Quand les performances peuvent \u00eatre un peu plus \u00e9lev\u00e9es. Jusqu&#039;\u00e0 240 zones sur quatre roues avec un confort d&#039;utilisation maximal. Durablement sans entretien et sans usure !\" \/>\n<meta property=\"og:url\" content=\"https:\/\/fiege-electronic.com\/fr\/produits\/gammes-tp-et-vario\/jetmaster-tp\/\" \/>\n<meta property=\"og:site_name\" content=\"Fiege electronic\" \/>\n<meta property=\"article:modified_time\" content=\"2025-10-08T08:52:56+00:00\" \/>\n<meta name=\"twitter:card\" content=\"summary_large_image\" \/>\n<script type=\"application\/ld+json\" class=\"yoast-schema-graph\">{\"@context\":\"https:\\\/\\\/schema.org\",\"@graph\":[{\"@type\":\"WebPage\",\"@id\":\"https:\\\/\\\/fiege-electronic.com\\\/fr\\\/produits\\\/gammes-tp-et-vario\\\/jetmaster-tp\\\/\",\"url\":\"https:\\\/\\\/fiege-electronic.com\\\/fr\\\/produits\\\/gammes-tp-et-vario\\\/jetmaster-tp\\\/\",\"name\":\"JETmaster TP - R\u00e9gulateur de canaux chauds pour 24 \u00e0 240 zones\",\"isPartOf\":{\"@id\":\"https:\\\/\\\/fiege-electronic.com\\\/de\\\/#website\"},\"datePublished\":\"2019-08-09T12:35:47+00:00\",\"dateModified\":\"2025-10-08T08:52:56+00:00\",\"description\":\"Quand les performances peuvent \u00eatre un peu plus \u00e9lev\u00e9es. Jusqu'\u00e0 240 zones sur quatre roues avec un confort d'utilisation maximal. Durablement sans entretien et sans usure !\",\"breadcrumb\":{\"@id\":\"https:\\\/\\\/fiege-electronic.com\\\/fr\\\/produits\\\/gammes-tp-et-vario\\\/jetmaster-tp\\\/#breadcrumb\"},\"inLanguage\":\"fr-FR\",\"potentialAction\":[{\"@type\":\"ReadAction\",\"target\":[\"https:\\\/\\\/fiege-electronic.com\\\/fr\\\/produits\\\/gammes-tp-et-vario\\\/jetmaster-tp\\\/\"]}]},{\"@type\":\"BreadcrumbList\",\"@id\":\"https:\\\/\\\/fiege-electronic.com\\\/fr\\\/produits\\\/gammes-tp-et-vario\\\/jetmaster-tp\\\/#breadcrumb\",\"itemListElement\":[{\"@type\":\"ListItem\",\"position\":1,\"name\":\"Startseite\",\"item\":\"https:\\\/\\\/fiege-electronic.com\\\/fr\\\/\"},{\"@type\":\"ListItem\",\"position\":2,\"name\":\"Produits\",\"item\":\"https:\\\/\\\/fiege-electronic.com\\\/de\\\/produkte\\\/\"},{\"@type\":\"ListItem\",\"position\":3,\"name\":\"Gammes TP et VARIO\",\"item\":\"https:\\\/\\\/fiege-electronic.com\\\/de\\\/produkte\\\/tp-und-vario-baureihe\\\/\"},{\"@type\":\"ListItem\",\"position\":4,\"name\":\"JETmaster TP\"}]},{\"@type\":\"WebSite\",\"@id\":\"https:\\\/\\\/fiege-electronic.com\\\/de\\\/#website\",\"url\":\"https:\\\/\\\/fiege-electronic.com\\\/de\\\/\",\"name\":\"Fiege electronic\",\"description\":\"\",\"potentialAction\":[{\"@type\":\"SearchAction\",\"target\":{\"@type\":\"EntryPoint\",\"urlTemplate\":\"https:\\\/\\\/fiege-electronic.com\\\/de\\\/?s={search_term_string}\"},\"query-input\":{\"@type\":\"PropertyValueSpecification\",\"valueRequired\":true,\"valueName\":\"search_term_string\"}}],\"inLanguage\":\"fr-FR\"}]}<\/script>\n<!-- \/ Yoast SEO plugin. -->","yoast_head_json":{"title":"JETmaster TP - R\u00e9gulateur de canaux chauds pour 24 \u00e0 240 zones","description":"Quand les performances peuvent \u00eatre un peu plus \u00e9lev\u00e9es. Jusqu'\u00e0 240 zones sur quatre roues avec un confort d'utilisation maximal. Durablement sans entretien et sans usure !","robots":{"index":"index","follow":"follow","max-snippet":"max-snippet:-1","max-image-preview":"max-image-preview:large","max-video-preview":"max-video-preview:-1"},"canonical":"https:\/\/fiege-electronic.com\/fr\/produits\/gammes-tp-et-vario\/jetmaster-tp\/","og_locale":"fr_FR","og_type":"article","og_title":"JETmaster TP - R\u00e9gulateur de canaux chauds pour 24 \u00e0 240 zones","og_description":"Quand les performances peuvent \u00eatre un peu plus \u00e9lev\u00e9es. Jusqu'\u00e0 240 zones sur quatre roues avec un confort d'utilisation maximal. Durablement sans entretien et sans usure !","og_url":"https:\/\/fiege-electronic.com\/fr\/produits\/gammes-tp-et-vario\/jetmaster-tp\/","og_site_name":"Fiege electronic","article_modified_time":"2025-10-08T08:52:56+00:00","twitter_card":"summary_large_image","schema":{"@context":"https:\/\/schema.org","@graph":[{"@type":"WebPage","@id":"https:\/\/fiege-electronic.com\/fr\/produits\/gammes-tp-et-vario\/jetmaster-tp\/","url":"https:\/\/fiege-electronic.com\/fr\/produits\/gammes-tp-et-vario\/jetmaster-tp\/","name":"JETmaster TP - R\u00e9gulateur de canaux chauds pour 24 \u00e0 240 zones","isPartOf":{"@id":"https:\/\/fiege-electronic.com\/de\/#website"},"datePublished":"2019-08-09T12:35:47+00:00","dateModified":"2025-10-08T08:52:56+00:00","description":"Quand les performances peuvent \u00eatre un peu plus \u00e9lev\u00e9es. Jusqu'\u00e0 240 zones sur quatre roues avec un confort d'utilisation maximal. Durablement sans entretien et sans usure !","breadcrumb":{"@id":"https:\/\/fiege-electronic.com\/fr\/produits\/gammes-tp-et-vario\/jetmaster-tp\/#breadcrumb"},"inLanguage":"fr-FR","potentialAction":[{"@type":"ReadAction","target":["https:\/\/fiege-electronic.com\/fr\/produits\/gammes-tp-et-vario\/jetmaster-tp\/"]}]},{"@type":"BreadcrumbList","@id":"https:\/\/fiege-electronic.com\/fr\/produits\/gammes-tp-et-vario\/jetmaster-tp\/#breadcrumb","itemListElement":[{"@type":"ListItem","position":1,"name":"Startseite","item":"https:\/\/fiege-electronic.com\/fr\/"},{"@type":"ListItem","position":2,"name":"Produits","item":"https:\/\/fiege-electronic.com\/de\/produkte\/"},{"@type":"ListItem","position":3,"name":"Gammes TP et VARIO","item":"https:\/\/fiege-electronic.com\/de\/produkte\/tp-und-vario-baureihe\/"},{"@type":"ListItem","position":4,"name":"JETmaster TP"}]},{"@type":"WebSite","@id":"https:\/\/fiege-electronic.com\/de\/#website","url":"https:\/\/fiege-electronic.com\/de\/","name":"Fiege electronic","description":"","potentialAction":[{"@type":"SearchAction","target":{"@type":"EntryPoint","urlTemplate":"https:\/\/fiege-electronic.com\/de\/?s={search_term_string}"},"query-input":{"@type":"PropertyValueSpecification","valueRequired":true,"valueName":"search_term_string"}}],"inLanguage":"fr-FR"}]}},"_links":{"self":[{"href":"https:\/\/fiege-electronic.com\/fr\/wp-json\/wp\/v2\/pages\/5401","targetHints":{"allow":["GET"]}}],"collection":[{"href":"https:\/\/fiege-electronic.com\/fr\/wp-json\/wp\/v2\/pages"}],"about":[{"href":"https:\/\/fiege-electronic.com\/fr\/wp-json\/wp\/v2\/types\/page"}],"author":[{"embeddable":true,"href":"https:\/\/fiege-electronic.com\/fr\/wp-json\/wp\/v2\/users\/5"}],"replies":[{"embeddable":true,"href":"https:\/\/fiege-electronic.com\/fr\/wp-json\/wp\/v2\/comments?post=5401"}],"version-history":[{"count":12,"href":"https:\/\/fiege-electronic.com\/fr\/wp-json\/wp\/v2\/pages\/5401\/revisions"}],"predecessor-version":[{"id":6560,"href":"https:\/\/fiege-electronic.com\/fr\/wp-json\/wp\/v2\/pages\/5401\/revisions\/6560"}],"up":[{"embeddable":true,"href":"https:\/\/fiege-electronic.com\/fr\/wp-json\/wp\/v2\/pages\/5423"}],"wp:attachment":[{"href":"https:\/\/fiege-electronic.com\/fr\/wp-json\/wp\/v2\/media?parent=5401"}],"curies":[{"name":"wp","href":"https:\/\/api.w.org\/{rel}","templated":true}]}}