{"id":5942,"date":"2023-10-13T09:24:55","date_gmt":"2023-10-13T07:24:55","guid":{"rendered":"https:\/\/fiege-electronic.com\/?page_id=5942"},"modified":"2023-10-13T09:24:56","modified_gmt":"2023-10-13T07:24:56","slug":"jetmini","status":"publish","type":"page","link":"https:\/\/fiege-electronic.com\/fr\/produits\/jetmini\/","title":{"rendered":"JETmini"},"content":{"rendered":"","protected":false},"excerpt":{"rendered":"","protected":false},"author":5,"featured_media":0,"parent":5016,"menu_order":0,"comment_status":"closed","ping_status":"closed","template":"page-productdetail.php","meta":{"_acf_changed":false,"footnotes":""},"class_list":["post-5942","page","type-page","status-publish","hentry"],"acf":[],"yoast_head":"<!-- This site is optimized with the Yoast SEO plugin v27.4 - https:\/\/yoast.com\/product\/yoast-seo-wordpress\/ -->\n<title>R\u00e9gulateur de temp\u00e9rature JETmini - S\u00e9curit\u00e9 de processus \u00e9lev\u00e9e garantie<\/title>\n<meta name=\"description\" content=\"Le r\u00e9gulateur de temp\u00e9rature pour des processus s\u00fbrs dans votre production de mati\u00e8res plastiques. R\u00e9gulateur de temp\u00e9rature pour 1 \u00e0 2 zones, command\u00e9 par microprocesseur, adaptation automatique aux zones\" \/>\n<meta name=\"robots\" content=\"index, follow, max-snippet:-1, max-image-preview:large, max-video-preview:-1\" \/>\n<link rel=\"canonical\" href=\"https:\/\/fiege-electronic.com\/de\/produkte\/jetmini\/\" \/>\n<meta property=\"og:locale\" content=\"fr_FR\" \/>\n<meta property=\"og:type\" content=\"article\" \/>\n<meta property=\"og:title\" content=\"R\u00e9gulateur de temp\u00e9rature JETmini - S\u00e9curit\u00e9 de processus \u00e9lev\u00e9e garantie\" \/>\n<meta property=\"og:description\" content=\"Le r\u00e9gulateur de temp\u00e9rature pour des processus s\u00fbrs dans votre production de mati\u00e8res plastiques. R\u00e9gulateur de temp\u00e9rature pour 1 \u00e0 2 zones, command\u00e9 par microprocesseur, adaptation automatique aux zones\" \/>\n<meta property=\"og:url\" content=\"https:\/\/fiege-electronic.com\/de\/produkte\/jetmini\/\" \/>\n<meta property=\"og:site_name\" content=\"Fiege electronic\" \/>\n<meta property=\"article:modified_time\" content=\"2023-10-13T07:24:56+00:00\" \/>\n<meta name=\"twitter:card\" content=\"summary_large_image\" \/>\n<script type=\"application\/ld+json\" class=\"yoast-schema-graph\">{\"@context\":\"https:\\\/\\\/schema.org\",\"@graph\":[{\"@type\":\"WebPage\",\"@id\":\"https:\\\/\\\/fiege-electronic.com\\\/de\\\/produkte\\\/jetmini\\\/\",\"url\":\"https:\\\/\\\/fiege-electronic.com\\\/de\\\/produkte\\\/jetmini\\\/\",\"name\":\"R\u00e9gulateur de temp\u00e9rature JETmini - S\u00e9curit\u00e9 de processus \u00e9lev\u00e9e garantie\",\"isPartOf\":{\"@id\":\"https:\\\/\\\/fiege-electronic.com\\\/de\\\/#website\"},\"datePublished\":\"2023-10-13T07:24:55+00:00\",\"dateModified\":\"2023-10-13T07:24:56+00:00\",\"description\":\"Le r\u00e9gulateur de temp\u00e9rature pour des processus s\u00fbrs dans votre production de mati\u00e8res plastiques. R\u00e9gulateur de temp\u00e9rature pour 1 \u00e0 2 zones, command\u00e9 par microprocesseur, adaptation automatique aux zones\",\"breadcrumb\":{\"@id\":\"https:\\\/\\\/fiege-electronic.com\\\/de\\\/produkte\\\/jetmini\\\/#breadcrumb\"},\"inLanguage\":\"fr-FR\",\"potentialAction\":[{\"@type\":\"ReadAction\",\"target\":[\"https:\\\/\\\/fiege-electronic.com\\\/de\\\/produkte\\\/jetmini\\\/\"]}]},{\"@type\":\"BreadcrumbList\",\"@id\":\"https:\\\/\\\/fiege-electronic.com\\\/de\\\/produkte\\\/jetmini\\\/#breadcrumb\",\"itemListElement\":[{\"@type\":\"ListItem\",\"position\":1,\"name\":\"Startseite\",\"item\":\"https:\\\/\\\/fiege-electronic.com\\\/fr\\\/\"},{\"@type\":\"ListItem\",\"position\":2,\"name\":\"Produits\",\"item\":\"https:\\\/\\\/fiege-electronic.com\\\/de\\\/produkte\\\/\"},{\"@type\":\"ListItem\",\"position\":3,\"name\":\"JETmini\"}]},{\"@type\":\"WebSite\",\"@id\":\"https:\\\/\\\/fiege-electronic.com\\\/de\\\/#website\",\"url\":\"https:\\\/\\\/fiege-electronic.com\\\/de\\\/\",\"name\":\"Fiege electronic\",\"description\":\"\",\"potentialAction\":[{\"@type\":\"SearchAction\",\"target\":{\"@type\":\"EntryPoint\",\"urlTemplate\":\"https:\\\/\\\/fiege-electronic.com\\\/de\\\/?s={search_term_string}\"},\"query-input\":{\"@type\":\"PropertyValueSpecification\",\"valueRequired\":true,\"valueName\":\"search_term_string\"}}],\"inLanguage\":\"fr-FR\"}]}<\/script>\n<!-- \/ Yoast SEO plugin. -->","yoast_head_json":{"title":"R\u00e9gulateur de temp\u00e9rature JETmini - S\u00e9curit\u00e9 de processus \u00e9lev\u00e9e garantie","description":"Le r\u00e9gulateur de temp\u00e9rature pour des processus s\u00fbrs dans votre production de mati\u00e8res plastiques. R\u00e9gulateur de temp\u00e9rature pour 1 \u00e0 2 zones, command\u00e9 par microprocesseur, adaptation automatique aux zones","robots":{"index":"index","follow":"follow","max-snippet":"max-snippet:-1","max-image-preview":"max-image-preview:large","max-video-preview":"max-video-preview:-1"},"canonical":"https:\/\/fiege-electronic.com\/de\/produkte\/jetmini\/","og_locale":"fr_FR","og_type":"article","og_title":"R\u00e9gulateur de temp\u00e9rature JETmini - S\u00e9curit\u00e9 de processus \u00e9lev\u00e9e garantie","og_description":"Le r\u00e9gulateur de temp\u00e9rature pour des processus s\u00fbrs dans votre production de mati\u00e8res plastiques. R\u00e9gulateur de temp\u00e9rature pour 1 \u00e0 2 zones, command\u00e9 par microprocesseur, adaptation automatique aux zones","og_url":"https:\/\/fiege-electronic.com\/de\/produkte\/jetmini\/","og_site_name":"Fiege electronic","article_modified_time":"2023-10-13T07:24:56+00:00","twitter_card":"summary_large_image","schema":{"@context":"https:\/\/schema.org","@graph":[{"@type":"WebPage","@id":"https:\/\/fiege-electronic.com\/de\/produkte\/jetmini\/","url":"https:\/\/fiege-electronic.com\/de\/produkte\/jetmini\/","name":"R\u00e9gulateur de temp\u00e9rature JETmini - S\u00e9curit\u00e9 de processus \u00e9lev\u00e9e garantie","isPartOf":{"@id":"https:\/\/fiege-electronic.com\/de\/#website"},"datePublished":"2023-10-13T07:24:55+00:00","dateModified":"2023-10-13T07:24:56+00:00","description":"Le r\u00e9gulateur de temp\u00e9rature pour des processus s\u00fbrs dans votre production de mati\u00e8res plastiques. R\u00e9gulateur de temp\u00e9rature pour 1 \u00e0 2 zones, command\u00e9 par microprocesseur, adaptation automatique aux zones","breadcrumb":{"@id":"https:\/\/fiege-electronic.com\/de\/produkte\/jetmini\/#breadcrumb"},"inLanguage":"fr-FR","potentialAction":[{"@type":"ReadAction","target":["https:\/\/fiege-electronic.com\/de\/produkte\/jetmini\/"]}]},{"@type":"BreadcrumbList","@id":"https:\/\/fiege-electronic.com\/de\/produkte\/jetmini\/#breadcrumb","itemListElement":[{"@type":"ListItem","position":1,"name":"Startseite","item":"https:\/\/fiege-electronic.com\/fr\/"},{"@type":"ListItem","position":2,"name":"Produits","item":"https:\/\/fiege-electronic.com\/de\/produkte\/"},{"@type":"ListItem","position":3,"name":"JETmini"}]},{"@type":"WebSite","@id":"https:\/\/fiege-electronic.com\/de\/#website","url":"https:\/\/fiege-electronic.com\/de\/","name":"Fiege electronic","description":"","potentialAction":[{"@type":"SearchAction","target":{"@type":"EntryPoint","urlTemplate":"https:\/\/fiege-electronic.com\/de\/?s={search_term_string}"},"query-input":{"@type":"PropertyValueSpecification","valueRequired":true,"valueName":"search_term_string"}}],"inLanguage":"fr-FR"}]}},"_links":{"self":[{"href":"https:\/\/fiege-electronic.com\/fr\/wp-json\/wp\/v2\/pages\/5942","targetHints":{"allow":["GET"]}}],"collection":[{"href":"https:\/\/fiege-electronic.com\/fr\/wp-json\/wp\/v2\/pages"}],"about":[{"href":"https:\/\/fiege-electronic.com\/fr\/wp-json\/wp\/v2\/types\/page"}],"author":[{"embeddable":true,"href":"https:\/\/fiege-electronic.com\/fr\/wp-json\/wp\/v2\/users\/5"}],"replies":[{"embeddable":true,"href":"https:\/\/fiege-electronic.com\/fr\/wp-json\/wp\/v2\/comments?post=5942"}],"version-history":[{"count":9,"href":"https:\/\/fiege-electronic.com\/fr\/wp-json\/wp\/v2\/pages\/5942\/revisions"}],"predecessor-version":[{"id":6029,"href":"https:\/\/fiege-electronic.com\/fr\/wp-json\/wp\/v2\/pages\/5942\/revisions\/6029"}],"up":[{"embeddable":true,"href":"https:\/\/fiege-electronic.com\/fr\/wp-json\/wp\/v2\/pages\/5016"}],"wp:attachment":[{"href":"https:\/\/fiege-electronic.com\/fr\/wp-json\/wp\/v2\/media?parent=5942"}],"curies":[{"name":"wp","href":"https:\/\/api.w.org\/{rel}","templated":true}]}}